{"id":273,"date":"2018-12-17T15:12:26","date_gmt":"2018-12-17T15:12:26","guid":{"rendered":"http:\/\/ppediciones.cl\/?page_id=273"},"modified":"2024-09-30T17:13:56","modified_gmt":"2024-09-30T17:13:56","slug":"resena-de-nuestra-editorial","status":"publish","type":"page","link":"https:\/\/ppediciones.cl\/?page_id=273","title":{"rendered":"Rese\u00f1a de nuestra editorial"},"content":{"rendered":"\n  <div id=\"page-header-948009845\" class=\"page-header-wrapper\">\n  <div class=\"page-title dark featured-title\">\n\n        <div class=\"page-title-bg\">\n      <div class=\"title-bg fill bg-fill\"\n        data-parallax-container=\".page-title\"\n        data-parallax-background\n        data-parallax=\"-\">\n      <\/div>\n      <div class=\"title-overlay fill\"><\/div>\n    <\/div>\n    \n    <div class=\"page-title-inner container align-center flex-row medium-flex-wrap\" >\n            <div class=\"title-content flex-col flex-right text-right medium-text-center\">\n        <div class=\"title-breadcrumbs pb-half pt-half\"><nav class=\"woocommerce-breadcrumb breadcrumbs uppercase\">Inicio<\/nav><\/div>      <\/div>\n    <\/div>\n\n     \n<style>\n#page-header-948009845 .title-bg {\n  background-image: url(https:\/\/ppediciones.cl\/wp-content\/uploads\/2018\/12\/libros.jpg);\n}\n#page-header-948009845 .title-overlay {\n  background-color: rgba(25, 25, 25, 0.61);\n}\n<\/style>\n  <\/div>\n    <\/div>\n  \n\n\t<section class=\"section\" id=\"section_475762933\">\n\t\t<div class=\"bg section-bg fill bg-fill  bg-loaded\" >\n\n\t\t\t\n\t\t\t\n\t\t\t\n\n\t\t<\/div>\n\n\t\t\n\n\t\t<div class=\"section-content relative\">\n\t\t\t\n\n\n  <div class=\"banner has-hover\" id=\"banner-336902769\">\n          <div class=\"banner-inner fill\">\n        <div class=\"banner-bg fill\" >\n            <div class=\"bg fill bg-fill \"><\/div>\n                        <div class=\"overlay\"><\/div>            \n                    <\/div>\n\t\t\n        <div class=\"banner-layers container\">\n            <div class=\"fill banner-link\"><\/div>            \n\n   <div id=\"text-box-1573856949\" class=\"text-box banner-layer x50 md-x50 lg-x50 y50 md-y50 lg-y50 res-text\">\n                                <div class=\"text-box-content text dark\">\n              \n              <div class=\"text-inner text-center\">\n                  \n\n<p style=\"text-align: justify;\"><span style=\"color: #000000;\">Primeros Pasos Ediciones se crea el 1 de noviembre de 2001, con la publicaci\u00f3n del primer n\u00famero de la revista de expresi\u00f3n escrita Primeros Pasos, que desde sus inicios alberg\u00f3 los escritos de todos aquellos que deseaban plasmar en ella su manera de ver y sentir la <\/span><span style=\"color: #000000;\">realidad.\u00a0<\/span><\/p>\n<p style=\"text-align: justify;\"><span style=\"color: #000000;\">La revista, pese a la constancia y porf\u00eda de PaViTo, su creador, y de quienes de una forma u otra hicieron posible su continuidad, dej\u00f3 de existir en su n\u00famero 43. Pero ya en esa \u00e9poca se hab\u00eda constituido como editorial y bajo el nombre de Primeros Pasos Ediciones, se dedic\u00f3 a ofrecer una gran variedad de servicios de edici\u00f3n y a generar diversas iniciativas para facilitar la creaci\u00f3n e incentivar la lectura y el conocimiento (antolog\u00edas, colecciones, agendas art\u00edsticas, concursos literarios, ferias del libro, eventos art\u00edsticos).<\/span><br \/><span style=\"color: #000000;\">Con el tiempo la editorial comienza a desarrollar proyectos como sello, orientados hacia tres l\u00edneas muy marcadas: el rescate del patrimonio cultural, transmitir la riqueza del lenguaje y motivar la superaci\u00f3n personal y el 1 de junio de 2019 crea el programa Palabras del autor, que emite desde su canal de YouTube (Editorial Primeros Pasos), en el que a trav\u00e9s de entrevistas entrega mayor detalle de sus publicaciones y difunde el trabajo de artistas y emprendedores.<\/span><br \/><span style=\"color: #000000;\">Hasta la fecha, Primeros Pasos Ediciones ha publicado centenares de t\u00edtulos distintos y gracias al apoyo de importantes empresas locales, ha logrado generar nuevos proyectos y fortalecer los ya existentes, con la convicci\u00f3n de que todos los escritores y artistas, inclusos los m\u00e1s experimentados y virtuosos, deben dar siempre primeros y nuevos pasos en cada una de las etapas que conforman su desarrollo, crecimiento y consolidaci\u00f3n.<\/span><\/p>\n\n              <\/div>\n           <\/div>\n                            \n<style>\n#text-box-1573856949 {\n  width: 82%;\n}\n#text-box-1573856949 .text-box-content {\n  font-size: 100%;\n}\n<\/style>\n    <\/div>\n \n\n        <\/div>\n      <\/div>\n\n            \n<style>\n#banner-336902769 {\n  padding-top: 500px;\n}\n#banner-336902769 .bg.bg-loaded {\n  background-image: url(https:\/\/ppediciones.cl\/wp-content\/uploads\/2018\/12\/tree-304181_640.png);\n}\n#banner-336902769 .overlay {\n  background-color: rgba(255, 255, 255, 0.87);\n}\n#banner-336902769 .ux-shape-divider--top svg {\n  height: 150px;\n  --divider-top-width: 100%;\n}\n#banner-336902769 .ux-shape-divider--bottom svg {\n  height: 150px;\n  --divider-width: 100%;\n}\n<\/style>\n  <\/div>\n\n\n\n\t\t<\/div>\n\n\t\t\n<style>\n#section_475762933 {\n  padding-top: 30px;\n  padding-bottom: 30px;\n}\n#section_475762933 .ux-shape-divider--top svg {\n  height: 150px;\n  --divider-top-width: 100%;\n}\n#section_475762933 .ux-shape-divider--bottom svg {\n  height: 150px;\n  --divider-width: 100%;\n}\n<\/style>\n\t<\/section>\n\t\n\n","protected":false},"excerpt":{"rendered":"","protected":false},"author":1,"featured_media":0,"parent":0,"menu_order":0,"comment_status":"closed","ping_status":"closed","template":"page-blank.php","meta":{"footnotes":""},"class_list":["post-273","page","type-page","status-publish","hentry"],"_links":{"self":[{"href":"https:\/\/ppediciones.cl\/index.php?rest_route=\/wp\/v2\/pages\/273","targetHints":{"allow":["GET"]}}],"collection":[{"href":"https:\/\/ppediciones.cl\/index.php?rest_route=\/wp\/v2\/pages"}],"about":[{"href":"https:\/\/ppediciones.cl\/index.php?rest_route=\/wp\/v2\/types\/page"}],"author":[{"embeddable":true,"href":"https:\/\/ppediciones.cl\/index.php?rest_route=\/wp\/v2\/users\/1"}],"replies":[{"embeddable":true,"href":"https:\/\/ppediciones.cl\/index.php?rest_route=%2Fwp%2Fv2%2Fcomments&post=273"}],"version-history":[{"count":14,"href":"https:\/\/ppediciones.cl\/index.php?rest_route=\/wp\/v2\/pages\/273\/revisions"}],"predecessor-version":[{"id":2821,"href":"https:\/\/ppediciones.cl\/index.php?rest_route=\/wp\/v2\/pages\/273\/revisions\/2821"}],"wp:attachment":[{"href":"https:\/\/ppediciones.cl\/index.php?rest_route=%2Fwp%2Fv2%2Fmedia&parent=273"}],"curies":[{"name":"wp","href":"https:\/\/api.w.org\/{rel}","templated":true}]}}