{"id":2857,"date":"2024-12-03T15:47:28","date_gmt":"2024-12-03T15:47:28","guid":{"rendered":"https:\/\/ppediciones.cl\/?page_id=2857"},"modified":"2024-12-03T15:50:11","modified_gmt":"2024-12-03T15:50:11","slug":"primeros-pasos-para-publicar","status":"publish","type":"page","link":"https:\/\/ppediciones.cl\/?page_id=2857","title":{"rendered":"Primeros Pasos para publicar"},"content":{"rendered":"\n<h1 style=\"text-align: center;\">PRIMEROS PASOS PARA PUBLICAR<\/h1>\n<p>Muchos autores al terminar de escribir su libro se preguntan \u00bfy ahora qu\u00e9? Por lo general la respuesta es publicarlo, pero la mayor\u00eda no sabe c\u00f3mo ni d\u00f3nde hacerlo. Por eso hemos preparado este breve instructivo con los CINCO PRIMEROS PASOS PARA PUBLICAR, para todos aquellos autores novatos que est\u00e1n buscando esta informaci\u00f3n o quieren contratar nuestros servicios.<\/p>\n\t<div id=\"gap-16350961\" class=\"gap-element clearfix\" style=\"display:block; height:auto;\">\n\t\t\n<style>\n#gap-16350961 {\n  padding-top: 30px;\n}\n<\/style>\n\t<\/div>\n\t\n\n\t<div id=\"gap-1158987215\" class=\"gap-element clearfix\" style=\"display:block; height:auto;\">\n\t\t\n<style>\n#gap-1158987215 {\n  padding-top: 30px;\n}\n<\/style>\n\t<\/div>\n\t\n\n<p><strong>PRIMER PASO 1: Definir las caracter\u00edsticas <\/strong><\/p>\n<p>Lo primero que el autor tiene que hacer es definir las caracter\u00edsticas que tendr\u00e1 el libro, partiendo por su tama\u00f1o (medida del ancho y el alto), bas\u00e1ndose ojal\u00e1 en un libro que tenga o haya visto y cuyo formato le guste. Luego debe diagramar la cantidad de p\u00e1ginas en el formato final (por lo general los autores escribe en tama\u00f1o carta, porque es el que programa Word tiene configurado). Tambi\u00e9n debe que determinar la cantidad de p\u00e1ginas a color en caso que las tenga. Si el autor no sabe diagramarlo puede enviarnos el archivo y nosotros lo hacemos o calculamos un estimativo sin costo. Tambi\u00e9n es importante determinar el papel de contenido (por lo general se usa el bond blanco de 80 gr, bond ahuesado de 80 gr o cuch\u00e9 de 130 gr), si la portada es a color, b\/n, en cart\u00f3n reverso blanco o papel cuch\u00e9 (300 y 350 gr respectivamente), con o sin solapas (pesta\u00f1a que va hacia adentro), con polilaminado opaco o brillante.<\/p>\n<p>Si bien se puede hacer desde un ejemplar, se recomienda desde 100 porque por menos de esto el costo unitario puede ser muy alto. Muchas veces la diferencia entre 50 y 100 es muy poca.<\/p>\n<p>Tambi\u00e9n hay que ver la encuadernaci\u00f3n, que puede ser con hot melt (libro tradicional), cosido, hot melt y cosido (para tapa dura) o corchete al medio (revistas) y si desea otros servicios como: digitaci\u00f3n de textos, dise\u00f1o de contenido (la cotizaci\u00f3n incluye diagramaci\u00f3n b\u00e1sica y armado de portada), dise\u00f1o de ilustraci\u00f3n o fotograf\u00eda de portada, correcci\u00f3n de estilo (revisi\u00f3n minuciosa de la ortograf\u00eda, la gram\u00e1tica y la redacci\u00f3n), tr\u00e1mites legales (Derecho de autor, ISBN), dise\u00f1o del c\u00f3digo de barra, entre otros.<\/p>\n<p>\u00a0<\/p>\n<p><strong>PRIMER PASO 2: Cotizaci\u00f3n <\/strong><\/p>\n<p>Una vez que se tienen todas las caracter\u00edsticas ya podemos cotizar y presentar los valores correspondientes a los servicios que se solicitan con IVA incluido. Estos se entregan en un documento formal que especifica el detalle de cada servicio, partiendo por el de impresi\u00f3n (formato, tipo de papel y de impresi\u00f3n, cantidad de ejemplares, terminaciones, etc.) y otros servicios (ilustraci\u00f3n de portada, tr\u00e1mites legales, correcci\u00f3n de estilo, etc). Adem\u00e1s de todo lo que incluye. En el documento va tambi\u00e9n la forma de pago, los datos de transferencia y de la editorial y el tiempo de validez de la cotizaci\u00f3n.<\/p>\n<p>\u00a0<\/p>\n<p><strong>PRIMER PASO 3: Ingreso orden de trabajo y pre-prensa <\/strong><\/p>\n<p>Aprobada la cotizaci\u00f3n, el autor debe enviar los archivos (si no los ha enviado a\u00fan), tanto para contenido como para portada y abonar el 50% del valor total (en la mayor\u00eda de los casos, salvo que la duraci\u00f3n del trabajo d\u00e9 para m\u00e1s cuotas). Con eso se hace el ingreso de la orden de trabajo y se comienza con el proceso. Tambi\u00e9n est\u00e1 la posibilidad de que el autor pida recotizar para ajustar los valores a su presupuesto agregando o quitando servicios o haciendo ajustes a las caracter\u00edsticas del libro.<\/p>\n<p>Dependiendo de los servicios que haya que hacer, los archivos se pueden entregar de manera parcelada, por lo general se comienza con la diagramaci\u00f3n y la correcci\u00f3n de estilo, lo que da m\u00e1s tiempo para el env\u00edo del material de portada. Si est\u00e1 incluido el servicio de ilustraci\u00f3n, dise\u00f1o o fotograf\u00eda de portada, se puede trabajar en ello y en el texto de manera paralela.<\/p>\n<p>Ya realizados estos procesos, se entrega una maqueta digital (pdf) del contenido y de la portada y una vez aprobadas ambas se procede a la impresi\u00f3n de la maqueta impresa, que es una copia en papel exacta al resultado final, para revisar c\u00f3mo quedar\u00e1n los colores, el dise\u00f1o y las terminaciones y hacer los cambios correspondientes en caso de ser necesario.<\/p>\n<p><strong>\u00a0<\/strong><\/p>\n<p><strong>PRIMER PASO 4: Producci\u00f3n <\/strong><\/p>\n<p>La aprobaci\u00f3n de los archivos de portada y contenido por parte del autor del libro es muy\u00a0<\/p>\n<p>importante, pues da por hecho que la obra ya est\u00e1 terminada, revisada y lista para mandar a producci\u00f3n. Asegurarse de ello es fundamental, porque ya una vez dado el vamos a la impresi\u00f3n no hay vuelta atr\u00e1s y cualquier error que se encuentre ya no puede cambiarse. Es importante entender que la publicaci\u00f3n de un libro es un trabajo colaborativo entre la editorial y el escritor, por eso se respeta mucho la esencia de la obra y no se imprime nada sin el ok del autor.<\/p>\n<p>Salvo que sea un tiraje muy alto, sobre mil o dos mil ejemplares, la impresi\u00f3n de nuestros libros se hace en offset digital, que utiliza una combinaci\u00f3n de tecnolog\u00eda de placas y transferencia digital, ofreciendo una calidad superior y una mayor capacidad para tiradas largas sin perder precisi\u00f3n. Adem\u00e1s, permite hacer bajos tirajes.<\/p>\n<p>Los plazos de impresi\u00f3n dependen siempre de la cantidad de trabajos que haya en producci\u00f3n, pero por lo general demora entre 14 a 21 d\u00edas cronol\u00f3gicos. El plazo de los otros procesos depende de los servicios que haya que hacer, pero por lo general el proceso total demora entre uno y dos meses. \u00a0<\/p>\n<p>\u00a0<\/p>\n<p><strong>PRIMER PASO 5: Post producci\u00f3n <\/strong><\/p>\n<p>Una vez impresos los ejemplares, el autor cancela el saldo, se entrega la boleta o factura y se coordina la entrega o el env\u00edo de los libros. Paralelamente, se coordina la entrevista para el programa Palabras del autor, donde el escritor da detalles de su obra. Esto es un plus que la editorial entrega con el fin de promover la obra en sus redes sociales y generar interacci\u00f3n con sus lectores y los dem\u00e1s escritores que publican con Primeros Pasos.<\/p>\n<p>Adem\u00e1s, la obra se promueve en la p\u00e1gina web de la editorial, cualquier persona que se interese por adquirirla, se hace el nexo para concretar la venta. Hay mucha gente que visita esta plataforma, que permite un f\u00e1cil acceso al cat\u00e1logo anual, a la secci\u00f3n librer\u00eda (con los libros publicados como sello), colecciones, proyectos, informaci\u00f3n del equipo de trabajo y al conocimiento de todos los servicios que la editorial entrega.<\/p>\n<p>Todos los autores que publican con Primeros Pasos son agregados al grupo de difusi\u00f3n de WhatsApp, se les informa de todos los eventos y novedades y se les considera en nuevos proyectos colectivos y de difusi\u00f3n.<\/p>\n<p>\u00a0<\/p>\n<p>Con estos cinco pasos, ya puedes tener una idea general de los servicios que ofrecemos y nuestro modo de trabajo, de todas maneras, cualquier consulta que tengas no dudes en comunicarte con nosotros a <a href=\"mailto:editorial@ppediciones.cl\">editorial@ppediciones.cl<\/a> \/ Celular o wsp: +569 87812952 o visitar nuestra p\u00e1gina web <a href=\"http:\/\/www.ppediciones.cl\">www.ppediciones.cl<\/a><\/p>\n<p>Gran parte de nuestros autores publican por primera vez con nosotros, gracias a que damos asesor\u00eda gratuita, a que acompa\u00f1amos el proceso de principio a fin, por la calidad de la atenci\u00f3n, del producto y los servicios y porque llevamos casi 23 a\u00f1os en esto y tenemos mucho conocimiento en el rubro.<\/p>\n<p>Te invitamos a vivir esta experiencia, que sin duda marcar\u00e1 un antes y un despu\u00e9s en tu oficio de escritor.<\/p>\n\n","protected":false},"excerpt":{"rendered":"","protected":false},"author":1,"featured_media":0,"parent":0,"menu_order":0,"comment_status":"closed","ping_status":"closed","template":"","meta":{"footnotes":""},"class_list":["post-2857","page","type-page","status-publish","hentry"],"_links":{"self":[{"href":"https:\/\/ppediciones.cl\/index.php?rest_route=\/wp\/v2\/pages\/2857","targetHints":{"allow":["GET"]}}],"collection":[{"href":"https:\/\/ppediciones.cl\/index.php?rest_route=\/wp\/v2\/pages"}],"about":[{"href":"https:\/\/ppediciones.cl\/index.php?rest_route=\/wp\/v2\/types\/page"}],"author":[{"embeddable":true,"href":"https:\/\/ppediciones.cl\/index.php?rest_route=\/wp\/v2\/users\/1"}],"replies":[{"embeddable":true,"href":"https:\/\/ppediciones.cl\/index.php?rest_route=%2Fwp%2Fv2%2Fcomments&post=2857"}],"version-history":[{"count":2,"href":"https:\/\/ppediciones.cl\/index.php?rest_route=\/wp\/v2\/pages\/2857\/revisions"}],"predecessor-version":[{"id":2859,"href":"https:\/\/ppediciones.cl\/index.php?rest_route=\/wp\/v2\/pages\/2857\/revisions\/2859"}],"wp:attachment":[{"href":"https:\/\/ppediciones.cl\/index.php?rest_route=%2Fwp%2Fv2%2Fmedia&parent=2857"}],"curies":[{"name":"wp","href":"https:\/\/api.w.org\/{rel}","templated":true}]}}