{"id":606,"date":"2019-03-27T13:45:37","date_gmt":"2019-03-27T13:45:37","guid":{"rendered":"http:\/\/ppediciones.cl\/?page_id=606"},"modified":"2026-02-05T14:36:25","modified_gmt":"2026-02-05T14:36:25","slug":"agenda-antologia","status":"publish","type":"page","link":"https:\/\/ppediciones.cl\/?page_id=606","title":{"rendered":"Agenda"},"content":{"rendered":"\n\t<section class=\"section\" id=\"section_462456160\">\n\t\t<div class=\"bg section-bg fill bg-fill  bg-loaded\" >\n\n\t\t\t\n\t\t\t<div class=\"section-bg-overlay absolute fill\"><\/div>\n\t\t\t\n\t<div class=\"is-border\"\n\t\tstyle=\"border-color:rgb(235, 235, 235);border-width:1px 0px 0px 0px;\">\n\t<\/div>\n\n\t\t<\/div>\n\n\t\t\n\n\t\t<div class=\"section-content relative\">\n\t\t\t\n\n<div class=\"row row-large align-middle align-center\"  id=\"row-149515210\">\n\n\n\t<div id=\"col-1086632286\" class=\"col medium-11 small-12 large-11\"  >\n\t\t\t\t<div class=\"col-inner text-center dark\"  >\n\t\t\t\n\t\t\t\n\n<p><span style=\"font-size: 170%; color: #ffffff;\"><strong>AGENDA ANTOLOG\u00cdA ARTISTICA<\/strong><\/span><\/p>\n<p style=\"text-align: left;\">Es una iniciativa de la editorial Primeros Pasos, que desde el 2016 convoc\u00f3 a escritores y artistas visuales de la regi\u00f3n y el pa\u00eds, con el fin de difundir y masificar su arte, a modo de cat\u00e1logo, mientras se organizaba el d\u00eda a d\u00eda. Adem\u00e1s del calendario, presentaba en dos p\u00e1ginas a todo color, parte de la obra de cada autor y su rese\u00f1a.<br \/>Tras un receso de dos a\u00f1os, a ra\u00edz de la publicaci\u00f3n de la Colecci\u00f3n Veinte, el 2025 volvi\u00f3 a escena con la misma esencia de siempre y ese romanticismo que evoca la escritura a l\u00e1piz y papel.<\/p>\n\n\t\t<\/div>\n\t\t\t\t\t<\/div>\n\n\t\n\n<\/div>\n\n\t\t<\/div>\n\n\t\t\n<style>\n#section_462456160 {\n  padding-top: 59px;\n  padding-bottom: 59px;\n  min-height: 300px;\n  background-color: rgb(171, 171, 171);\n}\n#section_462456160 .section-bg-overlay {\n  background-color: rgba(25, 136, 163, 0.64);\n}\n#section_462456160 .ux-shape-divider--top svg {\n  height: 150px;\n  --divider-top-width: 100%;\n}\n#section_462456160 .ux-shape-divider--bottom svg {\n  height: 150px;\n  --divider-width: 100%;\n}\n<\/style>\n\t<\/section>\n\t\n\t<section class=\"section\" id=\"section_337372399\">\n\t\t<div class=\"bg section-bg fill bg-fill  bg-loaded\" >\n\n\t\t\t\n\t\t\t<div class=\"section-bg-overlay absolute fill\"><\/div>\n\t\t\t\n\t<div class=\"is-border\"\n\t\tstyle=\"border-color:rgb(235, 235, 235);border-width:1px 0px 0px 0px;\">\n\t<\/div>\n\n\t\t<\/div>\n\n\t\t\n\n\t\t<div class=\"section-content relative\">\n\t\t\t\n\n<div class=\"row row-large align-middle align-center\"  id=\"row-2096149309\">\n\n\n\t<div id=\"col-657624974\" class=\"col medium-8 small-12 large-8\"  >\n\t\t\t\t<div class=\"col-inner text-center dark\"  >\n\t\t\t\n\t\t\t\n\n<p>\u00a0<\/p>\n<p><span style=\"font-size: 120%; color: #000000;\"><strong>TODAS LAS VERSIONES<\/strong><\/span><\/p>\n<p style=\"text-align: justify;\"><span style=\"color: #000000;\">La Agenda Antolog\u00eda Art\u00edstica tuvo un primer acercamiento a lo que fue despu\u00e9s en el a\u00f1o 2009, con una agenda tama\u00f1o americano creada junto a la imprenta Sagrhel, que inclu\u00eda cinco fichas con veinte autores, dos por lados, un breve poema o cuento y una rese\u00f1a. El proyecto fue retomado siete a\u00f1os despu\u00e9s para celebrar el 2016 los quince a\u00f1os de la editorial. Desde entonces mantuvo el formato libro &#8211; agenda &#8211; cat\u00e1logo.<\/span><\/p>\n<p style=\"text-align: left;\"><span style=\"color: #000000;\">M\u00e1s de un centenar de escritores y artistas formaron parte de este proyecto, cuya particular presentaci\u00f3n fue gracias al trabajo de cinco dise\u00f1adores: V\u00edctor Viera (2016, 2017), Paula Salinas (2018), Ema Navarrete (2019), Constanza Manr\u00edquez (2020, 2021 y 2022) y \u00c1ngel Vidal (2025).<\/span><\/p>\n\n\t\t<\/div>\n\t\t\t\t\t<\/div>\n\n\t\n\n\t<div id=\"col-1234795418\" class=\"col medium-4 small-12 large-4\"  data-animate=\"flipInY\">\n\t\t\t\t<div class=\"col-inner text-left box-shadow-2 box-shadow-5-hover\" style=\"background-color:rgb(255, 255, 255);\" >\n\t\t\t\n\t\t\t\n\n<div class=\"slider-wrapper relative\" id=\"slider-899414238\" >\n    <div class=\"slider slider-nav-circle slider-nav-large slider-nav-light slider-style-normal\"\n        data-flickity-options='{\n            \"cellAlign\": \"center\",\n            \"imagesLoaded\": true,\n            \"lazyLoad\": 1,\n            \"freeScroll\": false,\n            \"wrapAround\": true,\n            \"autoPlay\": 6000,\n            \"pauseAutoPlayOnHover\" : true,\n            \"prevNextButtons\": true,\n            \"contain\" : true,\n            \"adaptiveHeight\" : true,\n            \"dragThreshold\" : 10,\n            \"percentPosition\": true,\n            \"pageDots\": true,\n            \"rightToLeft\": false,\n            \"draggable\": true,\n            \"selectedAttraction\": 0.1,\n            \"parallax\" : 0,\n            \"friction\": 0.6        }'\n        >\n        \n\n\t<div class=\"img has-hover x md-x lg-x y md-y lg-y\" id=\"image_1980331935\">\n\t\t\t\t\t\t\t\t<div class=\"img-inner dark\" >\n\t\t\t<img loading=\"lazy\" decoding=\"async\" width=\"545\" height=\"800\" src=\"https:\/\/ppediciones.cl\/wp-content\/uploads\/2024\/10\/Portada-Agenda-2025-545x800.jpg\" class=\"attachment-large size-large\" alt=\"\" srcset=\"https:\/\/ppediciones.cl\/wp-content\/uploads\/2024\/10\/Portada-Agenda-2025-545x800.jpg 545w, https:\/\/ppediciones.cl\/wp-content\/uploads\/2024\/10\/Portada-Agenda-2025-273x400.jpg 273w, https:\/\/ppediciones.cl\/wp-content\/uploads\/2024\/10\/Portada-Agenda-2025-768x1127.jpg 768w, https:\/\/ppediciones.cl\/wp-content\/uploads\/2024\/10\/Portada-Agenda-2025-1047x1536.jpg 1047w, https:\/\/ppediciones.cl\/wp-content\/uploads\/2024\/10\/Portada-Agenda-2025-1396x2048.jpg 1396w, https:\/\/ppediciones.cl\/wp-content\/uploads\/2024\/10\/Portada-Agenda-2025-605x887.jpg 605w, https:\/\/ppediciones.cl\/wp-content\/uploads\/2024\/10\/Portada-Agenda-2025-378x555.jpg 378w, https:\/\/ppediciones.cl\/wp-content\/uploads\/2024\/10\/Portada-Agenda-2025-68x100.jpg 68w, https:\/\/ppediciones.cl\/wp-content\/uploads\/2024\/10\/Portada-Agenda-2025-scaled.jpg 1745w\" sizes=\"auto, (max-width: 545px) 100vw, 545px\" \/>\t\t\t\t\t\t\n\t\t\t\t\t<\/div>\n\t\t\t\t\t\t\t\t\n<style>\n#image_1980331935 {\n  width: 100%;\n}\n<\/style>\n\t<\/div>\n\t\n\n\t<div class=\"img has-hover x md-x lg-x y md-y lg-y\" id=\"image_415277218\">\n\t\t\t\t\t\t\t\t<div class=\"img-inner dark\" >\n\t\t\t<img loading=\"lazy\" decoding=\"async\" width=\"546\" height=\"800\" src=\"https:\/\/ppediciones.cl\/wp-content\/uploads\/2024\/10\/Portada-Agenda-2022-546x800.jpg\" class=\"attachment-large size-large\" alt=\"\" srcset=\"https:\/\/ppediciones.cl\/wp-content\/uploads\/2024\/10\/Portada-Agenda-2022-546x800.jpg 546w, https:\/\/ppediciones.cl\/wp-content\/uploads\/2024\/10\/Portada-Agenda-2022-273x400.jpg 273w, https:\/\/ppediciones.cl\/wp-content\/uploads\/2024\/10\/Portada-Agenda-2022-768x1126.jpg 768w, https:\/\/ppediciones.cl\/wp-content\/uploads\/2024\/10\/Portada-Agenda-2022-1048x1536.jpg 1048w, https:\/\/ppediciones.cl\/wp-content\/uploads\/2024\/10\/Portada-Agenda-2022-605x887.jpg 605w, https:\/\/ppediciones.cl\/wp-content\/uploads\/2024\/10\/Portada-Agenda-2022-379x555.jpg 379w, https:\/\/ppediciones.cl\/wp-content\/uploads\/2024\/10\/Portada-Agenda-2022-68x100.jpg 68w, https:\/\/ppediciones.cl\/wp-content\/uploads\/2024\/10\/Portada-Agenda-2022.jpg 1182w\" sizes=\"auto, (max-width: 546px) 100vw, 546px\" \/>\t\t\t\t\t\t\n\t\t\t\t\t<\/div>\n\t\t\t\t\t\t\t\t\n<style>\n#image_415277218 {\n  width: 100%;\n}\n<\/style>\n\t<\/div>\n\t\n\n\t<div class=\"img has-hover x md-x lg-x y md-y lg-y\" id=\"image_188061913\">\n\t\t\t\t\t\t\t\t<div class=\"img-inner dark\" >\n\t\t\t<img loading=\"lazy\" decoding=\"async\" width=\"540\" height=\"800\" src=\"https:\/\/ppediciones.cl\/wp-content\/uploads\/2024\/10\/Portada-Agenda-2021-540x800.jpg\" class=\"attachment-large size-large\" alt=\"\" srcset=\"https:\/\/ppediciones.cl\/wp-content\/uploads\/2024\/10\/Portada-Agenda-2021-540x800.jpg 540w, https:\/\/ppediciones.cl\/wp-content\/uploads\/2024\/10\/Portada-Agenda-2021-270x400.jpg 270w, https:\/\/ppediciones.cl\/wp-content\/uploads\/2024\/10\/Portada-Agenda-2021-768x1137.jpg 768w, https:\/\/ppediciones.cl\/wp-content\/uploads\/2024\/10\/Portada-Agenda-2021-599x887.jpg 599w, https:\/\/ppediciones.cl\/wp-content\/uploads\/2024\/10\/Portada-Agenda-2021-375x555.jpg 375w, https:\/\/ppediciones.cl\/wp-content\/uploads\/2024\/10\/Portada-Agenda-2021-68x100.jpg 68w, https:\/\/ppediciones.cl\/wp-content\/uploads\/2024\/10\/Portada-Agenda-2021.jpg 885w\" sizes=\"auto, (max-width: 540px) 100vw, 540px\" \/>\t\t\t\t\t\t\n\t\t\t\t\t<\/div>\n\t\t\t\t\t\t\t\t\n<style>\n#image_188061913 {\n  width: 100%;\n}\n<\/style>\n\t<\/div>\n\t\n\n\t<div class=\"img has-hover x md-x lg-x y md-y lg-y\" id=\"image_147149571\">\n\t\t\t\t\t\t\t\t<div class=\"img-inner dark\" >\n\t\t\t<img loading=\"lazy\" decoding=\"async\" width=\"557\" height=\"800\" src=\"https:\/\/ppediciones.cl\/wp-content\/uploads\/2024\/10\/Portada-Agenda-2020-557x800.jpg\" class=\"attachment-large size-large\" alt=\"\" srcset=\"https:\/\/ppediciones.cl\/wp-content\/uploads\/2024\/10\/Portada-Agenda-2020-557x800.jpg 557w, https:\/\/ppediciones.cl\/wp-content\/uploads\/2024\/10\/Portada-Agenda-2020-278x400.jpg 278w, https:\/\/ppediciones.cl\/wp-content\/uploads\/2024\/10\/Portada-Agenda-2020-768x1103.jpg 768w, https:\/\/ppediciones.cl\/wp-content\/uploads\/2024\/10\/Portada-Agenda-2020-618x887.jpg 618w, https:\/\/ppediciones.cl\/wp-content\/uploads\/2024\/10\/Portada-Agenda-2020-386x555.jpg 386w, https:\/\/ppediciones.cl\/wp-content\/uploads\/2024\/10\/Portada-Agenda-2020-70x100.jpg 70w, https:\/\/ppediciones.cl\/wp-content\/uploads\/2024\/10\/Portada-Agenda-2020.jpg 919w\" sizes=\"auto, (max-width: 557px) 100vw, 557px\" \/>\t\t\t\t\t\t\n\t\t\t\t\t<\/div>\n\t\t\t\t\t\t\t\t\n<style>\n#image_147149571 {\n  width: 100%;\n}\n<\/style>\n\t<\/div>\n\t\n\n\t<div class=\"img has-hover x md-x lg-x y md-y lg-y\" id=\"image_1636793942\">\n\t\t\t\t\t\t\t\t<div class=\"img-inner dark\" >\n\t\t\t<img loading=\"lazy\" decoding=\"async\" width=\"550\" height=\"800\" src=\"https:\/\/ppediciones.cl\/wp-content\/uploads\/2024\/10\/Portada-Agenda-2019-550x800.jpg\" class=\"attachment-large size-large\" alt=\"\" srcset=\"https:\/\/ppediciones.cl\/wp-content\/uploads\/2024\/10\/Portada-Agenda-2019-550x800.jpg 550w, https:\/\/ppediciones.cl\/wp-content\/uploads\/2024\/10\/Portada-Agenda-2019-275x400.jpg 275w, https:\/\/ppediciones.cl\/wp-content\/uploads\/2024\/10\/Portada-Agenda-2019-768x1117.jpg 768w, https:\/\/ppediciones.cl\/wp-content\/uploads\/2024\/10\/Portada-Agenda-2019-1056x1536.jpg 1056w, https:\/\/ppediciones.cl\/wp-content\/uploads\/2024\/10\/Portada-Agenda-2019-1408x2048.jpg 1408w, https:\/\/ppediciones.cl\/wp-content\/uploads\/2024\/10\/Portada-Agenda-2019-610x887.jpg 610w, https:\/\/ppediciones.cl\/wp-content\/uploads\/2024\/10\/Portada-Agenda-2019-381x555.jpg 381w, https:\/\/ppediciones.cl\/wp-content\/uploads\/2024\/10\/Portada-Agenda-2019-69x100.jpg 69w, https:\/\/ppediciones.cl\/wp-content\/uploads\/2024\/10\/Portada-Agenda-2019-scaled.jpg 1760w\" sizes=\"auto, (max-width: 550px) 100vw, 550px\" \/>\t\t\t\t\t\t\n\t\t\t\t\t<\/div>\n\t\t\t\t\t\t\t\t\n<style>\n#image_1636793942 {\n  width: 100%;\n}\n<\/style>\n\t<\/div>\n\t\n\n\t<div class=\"img has-hover x md-x lg-x y md-y lg-y\" id=\"image_392334041\">\n\t\t\t\t\t\t\t\t<div class=\"img-inner dark\" >\n\t\t\t<img loading=\"lazy\" decoding=\"async\" width=\"535\" height=\"800\" src=\"https:\/\/ppediciones.cl\/wp-content\/uploads\/2024\/10\/Portada-Agenda-2018-535x800.jpg\" class=\"attachment-large size-large\" alt=\"\" srcset=\"https:\/\/ppediciones.cl\/wp-content\/uploads\/2024\/10\/Portada-Agenda-2018-535x800.jpg 535w, https:\/\/ppediciones.cl\/wp-content\/uploads\/2024\/10\/Portada-Agenda-2018-268x400.jpg 268w, https:\/\/ppediciones.cl\/wp-content\/uploads\/2024\/10\/Portada-Agenda-2018-768x1148.jpg 768w, https:\/\/ppediciones.cl\/wp-content\/uploads\/2024\/10\/Portada-Agenda-2018-1028x1536.jpg 1028w, https:\/\/ppediciones.cl\/wp-content\/uploads\/2024\/10\/Portada-Agenda-2018-1370x2048.jpg 1370w, https:\/\/ppediciones.cl\/wp-content\/uploads\/2024\/10\/Portada-Agenda-2018-594x887.jpg 594w, https:\/\/ppediciones.cl\/wp-content\/uploads\/2024\/10\/Portada-Agenda-2018-371x555.jpg 371w, https:\/\/ppediciones.cl\/wp-content\/uploads\/2024\/10\/Portada-Agenda-2018-67x100.jpg 67w, https:\/\/ppediciones.cl\/wp-content\/uploads\/2024\/10\/Portada-Agenda-2018-scaled.jpg 1713w\" sizes=\"auto, (max-width: 535px) 100vw, 535px\" \/>\t\t\t\t\t\t\n\t\t\t\t\t<\/div>\n\t\t\t\t\t\t\t\t\n<style>\n#image_392334041 {\n  width: 100%;\n}\n<\/style>\n\t<\/div>\n\t\n\n\t<div class=\"img has-hover x md-x lg-x y md-y lg-y\" id=\"image_1616077406\">\n\t\t\t\t\t\t\t\t<div class=\"img-inner dark\" >\n\t\t\t<img loading=\"lazy\" decoding=\"async\" width=\"535\" height=\"800\" src=\"https:\/\/ppediciones.cl\/wp-content\/uploads\/2024\/10\/Portada-Agenda-2017-535x800.jpg\" class=\"attachment-large size-large\" alt=\"\" srcset=\"https:\/\/ppediciones.cl\/wp-content\/uploads\/2024\/10\/Portada-Agenda-2017-535x800.jpg 535w, https:\/\/ppediciones.cl\/wp-content\/uploads\/2024\/10\/Portada-Agenda-2017-268x400.jpg 268w, https:\/\/ppediciones.cl\/wp-content\/uploads\/2024\/10\/Portada-Agenda-2017-768x1148.jpg 768w, https:\/\/ppediciones.cl\/wp-content\/uploads\/2024\/10\/Portada-Agenda-2017-1028x1536.jpg 1028w, https:\/\/ppediciones.cl\/wp-content\/uploads\/2024\/10\/Portada-Agenda-2017-1371x2048.jpg 1371w, https:\/\/ppediciones.cl\/wp-content\/uploads\/2024\/10\/Portada-Agenda-2017-594x887.jpg 594w, https:\/\/ppediciones.cl\/wp-content\/uploads\/2024\/10\/Portada-Agenda-2017-371x555.jpg 371w, https:\/\/ppediciones.cl\/wp-content\/uploads\/2024\/10\/Portada-Agenda-2017-67x100.jpg 67w, https:\/\/ppediciones.cl\/wp-content\/uploads\/2024\/10\/Portada-Agenda-2017-scaled.jpg 1713w\" sizes=\"auto, (max-width: 535px) 100vw, 535px\" \/>\t\t\t\t\t\t\n\t\t\t\t\t<\/div>\n\t\t\t\t\t\t\t\t\n<style>\n#image_1616077406 {\n  width: 100%;\n}\n<\/style>\n\t<\/div>\n\t\n\n\t<div class=\"img has-hover x md-x lg-x y md-y lg-y\" id=\"image_1107210397\">\n\t\t\t\t\t\t\t\t<div class=\"img-inner dark\" >\n\t\t\t<img loading=\"lazy\" decoding=\"async\" width=\"604\" height=\"800\" src=\"https:\/\/ppediciones.cl\/wp-content\/uploads\/2024\/10\/Portada-Agenda-2016-604x800.jpg\" class=\"attachment-large size-large\" alt=\"\" srcset=\"https:\/\/ppediciones.cl\/wp-content\/uploads\/2024\/10\/Portada-Agenda-2016-604x800.jpg 604w, https:\/\/ppediciones.cl\/wp-content\/uploads\/2024\/10\/Portada-Agenda-2016-302x400.jpg 302w, https:\/\/ppediciones.cl\/wp-content\/uploads\/2024\/10\/Portada-Agenda-2016-768x1018.jpg 768w, https:\/\/ppediciones.cl\/wp-content\/uploads\/2024\/10\/Portada-Agenda-2016-1159x1536.jpg 1159w, https:\/\/ppediciones.cl\/wp-content\/uploads\/2024\/10\/Portada-Agenda-2016-1545x2048.jpg 1545w, https:\/\/ppediciones.cl\/wp-content\/uploads\/2024\/10\/Portada-Agenda-2016-669x887.jpg 669w, https:\/\/ppediciones.cl\/wp-content\/uploads\/2024\/10\/Portada-Agenda-2016-419x555.jpg 419w, https:\/\/ppediciones.cl\/wp-content\/uploads\/2024\/10\/Portada-Agenda-2016-75x100.jpg 75w, https:\/\/ppediciones.cl\/wp-content\/uploads\/2024\/10\/Portada-Agenda-2016-scaled.jpg 1932w\" sizes=\"auto, (max-width: 604px) 100vw, 604px\" \/>\t\t\t\t\t\t\n\t\t\t\t\t<\/div>\n\t\t\t\t\t\t\t\t\n<style>\n#image_1107210397 {\n  width: 100%;\n}\n<\/style>\n\t<\/div>\n\t\n\n\n     <\/div>\n\n     <div class=\"loading-spin dark large centered\"><\/div>\n\n     \t<\/div>\n\n\n\n\t\t<\/div>\n\t\t\t\t\n<style>\n#col-1234795418 > .col-inner {\n  padding: 15px 15px 15px 15px;\n}\n<\/style>\n\t<\/div>\n\n\t\n\n<\/div>\n\n\t\t<\/div>\n\n\t\t\n<style>\n#section_337372399 {\n  padding-top: 59px;\n  padding-bottom: 59px;\n  min-height: 300px;\n  background-color: rgb(218, 149, 0);\n}\n#section_337372399 .section-bg-overlay {\n  background-color: rgba(217, 211, 188, 0.64);\n}\n#section_337372399 .ux-shape-divider--top svg {\n  height: 150px;\n  --divider-top-width: 100%;\n}\n#section_337372399 .ux-shape-divider--bottom svg {\n  height: 150px;\n  --divider-width: 100%;\n}\n<\/style>\n\t<\/section>\n\t\n\n","protected":false},"excerpt":{"rendered":"","protected":false},"author":1,"featured_media":0,"parent":273,"menu_order":0,"comment_status":"open","ping_status":"closed","template":"page-blank.php","meta":{"footnotes":""},"class_list":["post-606","page","type-page","status-publish","hentry"],"_links":{"self":[{"href":"https:\/\/ppediciones.cl\/index.php?rest_route=\/wp\/v2\/pages\/606","targetHints":{"allow":["GET"]}}],"collection":[{"href":"https:\/\/ppediciones.cl\/index.php?rest_route=\/wp\/v2\/pages"}],"about":[{"href":"https:\/\/ppediciones.cl\/index.php?rest_route=\/wp\/v2\/types\/page"}],"author":[{"embeddable":true,"href":"https:\/\/ppediciones.cl\/index.php?rest_route=\/wp\/v2\/users\/1"}],"replies":[{"embeddable":true,"href":"https:\/\/ppediciones.cl\/index.php?rest_route=%2Fwp%2Fv2%2Fcomments&post=606"}],"version-history":[{"count":82,"href":"https:\/\/ppediciones.cl\/index.php?rest_route=\/wp\/v2\/pages\/606\/revisions"}],"predecessor-version":[{"id":3116,"href":"https:\/\/ppediciones.cl\/index.php?rest_route=\/wp\/v2\/pages\/606\/revisions\/3116"}],"up":[{"embeddable":true,"href":"https:\/\/ppediciones.cl\/index.php?rest_route=\/wp\/v2\/pages\/273"}],"wp:attachment":[{"href":"https:\/\/ppediciones.cl\/index.php?rest_route=%2Fwp%2Fv2%2Fmedia&parent=606"}],"curies":[{"name":"wp","href":"https:\/\/api.w.org\/{rel}","templated":true}]}}