{"id":1082,"date":"2020-01-05T01:30:11","date_gmt":"2020-01-05T01:30:11","guid":{"rendered":"http:\/\/ppediciones.cl\/?post_type=product&#038;p=1082"},"modified":"2021-11-24T03:06:21","modified_gmt":"2021-11-24T03:06:21","slug":"destellos-marianela-riquelme","status":"publish","type":"product","link":"https:\/\/ppediciones.cl\/?product=destellos-marianela-riquelme","title":{"rendered":"Destellos | Marianela Riquelme"},"content":{"rendered":"<p>A Marianela Riquelme Castro, oriunda de Rancagua, desde muy ni\u00f1a le gust\u00f3 escribir poes\u00edas y libretos para los actos escolares. Su educaci\u00f3n b\u00e1sica la hizo en el Rancagua College y la media en el liceo Mar\u00eda Luisa Bombal. Despu\u00e9s de recibirse de profesora en la normal n\u00famero uno, ejerci\u00f3 en diversos colegios, terminando en el colegio Eduardo De Geyter. Si bien de esto ya hace mucho tiempo, la vocaci\u00f3n de ense\u00f1ar siempre la ha mantenido viva. \u201cDestellos\u201d es su tercer libro, tras publicar\u00a0\u00a0 \u201cDesde m\u00ed\u201d (2007) y \u201cHaik\u00fa, poes\u00eda de la naturaleza\u201d (2019).<\/p>\n<p>La vida est\u00e1 hecha de infinitos destellos o comportamientos que la hacen distinta, con diferentes valores y antivalores que llevan al ser humano a hacerla m\u00e1s llevadera o m\u00e1s complicada. El ideal ser\u00eda que primaran los valores que llevan a comprender y respetar los comportamientos ajenos para vivir en paz y armon\u00eda en cualquier comunidad del mundo, pero estos pensamientos son una utop\u00eda porque cada ser tiene diferentes aspiraciones, deseos, experiencias, sentimientos y formas de reaccionar que lo llevan a actuar frente a un mismo hecho de formas\u00a0 muy antag\u00f3nicas.<\/p>\n<p>Independiente de todo,\u00a0 la vida tiene una belleza especial que nos lleva al sentimiento m\u00e1s grande de admiraci\u00f3n y a dar cumplimiento al mandamiento que Jes\u00fas mand\u00f3: \u201camaos los unos a los otros\u201d.<\/p>\n<p>&nbsp;<\/p>\n","protected":false},"excerpt":{"rendered":"<p>Fecha publicaci\u00f3n: Octubre 2019<\/p>\n<p>ISBN: &#8211;<\/p>\n<p>P\u00e1ginas: 72<\/p>\n<p>Formato: 10.5 x 14 (1\/4 carta)<\/p>\n<p>Valor: $ 7.140 CLP<\/p>\n","protected":false},"featured_media":1083,"comment_status":"open","ping_status":"closed","template":"","meta":[],"product_brand":[],"product_cat":[119,181],"product_tag":[],"class_list":{"0":"post-1082","1":"product","2":"type-product","3":"status-publish","4":"has-post-thumbnail","6":"product_cat-119","7":"product_cat-catalogo","9":"first","10":"instock","11":"taxable","12":"shipping-taxable","13":"product-type-simple"},"_links":{"self":[{"href":"https:\/\/ppediciones.cl\/index.php?rest_route=\/wp\/v2\/product\/1082","targetHints":{"allow":["GET"]}}],"collection":[{"href":"https:\/\/ppediciones.cl\/index.php?rest_route=\/wp\/v2\/product"}],"about":[{"href":"https:\/\/ppediciones.cl\/index.php?rest_route=\/wp\/v2\/types\/product"}],"replies":[{"embeddable":true,"href":"https:\/\/ppediciones.cl\/index.php?rest_route=%2Fwp%2Fv2%2Fcomments&post=1082"}],"wp:featuredmedia":[{"embeddable":true,"href":"https:\/\/ppediciones.cl\/index.php?rest_route=\/wp\/v2\/media\/1083"}],"wp:attachment":[{"href":"https:\/\/ppediciones.cl\/index.php?rest_route=%2Fwp%2Fv2%2Fmedia&parent=1082"}],"wp:term":[{"taxonomy":"product_brand","embeddable":true,"href":"https:\/\/ppediciones.cl\/index.php?rest_route=%2Fwp%2Fv2%2Fproduct_brand&post=1082"},{"taxonomy":"product_cat","embeddable":true,"href":"https:\/\/ppediciones.cl\/index.php?rest_route=%2Fwp%2Fv2%2Fproduct_cat&post=1082"},{"taxonomy":"product_tag","embeddable":true,"href":"https:\/\/ppediciones.cl\/index.php?rest_route=%2Fwp%2Fv2%2Fproduct_tag&post=1082"}],"curies":[{"name":"wp","href":"https:\/\/api.w.org\/{rel}","templated":true}]}}