{"id":1086,"date":"2020-01-05T01:34:24","date_gmt":"2020-01-05T01:34:24","guid":{"rendered":"http:\/\/ppediciones.cl\/?post_type=product&#038;p=1086"},"modified":"2023-11-27T18:48:55","modified_gmt":"2023-11-27T18:48:55","slug":"lima-hora-zero-fernando-sanhueza","status":"publish","type":"product","link":"https:\/\/ppediciones.cl\/?product=lima-hora-zero-fernando-sanhueza","title":{"rendered":"Lima hora zero | Fernando Sanhueza"},"content":{"rendered":"<p>FERNANDO SANHUEZA OLEA, nace en Santiago de Chile en 1948. Egresa del Liceo N\u00b0 15 de La Reina, donde es director alumno del peri\u00f3dico del establecimiento. Trabaja en una repartici\u00f3n p\u00fablica y en 1969 decide partir a Bolivia y Per\u00fa.<\/p>\n<p>LIMA HORA ZERO es su primera obra escrita antes de ser poeta silvestre. Estas p\u00e1ginas muestran la experiencia de un mochilero en los a\u00f1os 70 con 20 a\u00f1os de edad, acompa\u00f1ando a los j\u00f3venes locales y a los que est\u00e1n de paso.<\/p>\n<p>De regreso es funcionario de la Biblioteca Central de la Universidad T\u00e9cnica del Estado, UTE. Integra el Departamento de Cultura de la Central \u00danica de Trabajadores. Encargado cultural en el Parque O\u2019Higgins. Publica cr\u00f3nicas, cuentos y poemas en diarios de la \u00e9poca: La Naci\u00f3n, El Siglo, Puro Chile, Punto Final, etc. En marzo de 1973 obtiene menci\u00f3n honrosa con el testimonio \u201cLA CATANA\u201d, en el concurso literario convocado por la revista Paula. Este fragmento es el primer intento de erupci\u00f3n de LIMA HORA ZERO. En diciembre de 1980, obtiene el segundo premio con el poemario \u201cESTACION CENTRAL\u201d, en el Tercer Concurso de cuento y poes\u00eda de la Caja de Compensaci\u00f3n Javiera Carrera. En enero de 1983, obtiene menci\u00f3n honrosa con \u201cCANCIONERO DEL PERRO MUERTO\u201d, en el Tercer Certamen Internacional de Poes\u00eda, organizado en Puerto Rico por la Revista Mairena.<\/p>\n<p>Otras obras del autor:<\/p>\n<p>Huellas Po\u00e9ticas, Lima El Tungar, 1969.<\/p>\n<p>Boris Calder\u00f3n, Buin, 2.000<\/p>\n<p>PERRO MUERTO, poemas, Mosquito 2015<\/p>\n<p>ESCRITO EN TIERRA, poemas, Mosquito 2016<\/p>\n<p>IMPEDIR QUE AMANEZCA, poemas, Rancagua 2017<\/p>\n<p>ESCRITOS DE GUERRA, narraci\u00f3n, Primerospasos 2018<\/p>\n<p>BORIS CALDERON, 2\u00aa edici\u00f3n C.L.ATENEO San Bernardo 2019<\/p>\n","protected":false},"excerpt":{"rendered":"<p>Fecha publicaci\u00f3n: Noviembre 2019<\/p>\n<p>ISBN: 978-956-401-361-9<\/p>\n<p>P\u00e1ginas: 376<\/p>\n<p>Formato: 14 x 21.5 cms.<\/p>\n<p>Valor: $ 12.000 CLP<\/p>\n","protected":false},"featured_media":1087,"comment_status":"open","ping_status":"closed","template":"","meta":[],"product_brand":[],"product_cat":[181],"product_tag":[],"class_list":{"0":"post-1086","1":"product","2":"type-product","3":"status-publish","4":"has-post-thumbnail","6":"product_cat-catalogo","8":"first","9":"instock","10":"taxable","11":"shipping-taxable","12":"product-type-simple"},"_links":{"self":[{"href":"https:\/\/ppediciones.cl\/index.php?rest_route=\/wp\/v2\/product\/1086","targetHints":{"allow":["GET"]}}],"collection":[{"href":"https:\/\/ppediciones.cl\/index.php?rest_route=\/wp\/v2\/product"}],"about":[{"href":"https:\/\/ppediciones.cl\/index.php?rest_route=\/wp\/v2\/types\/product"}],"replies":[{"embeddable":true,"href":"https:\/\/ppediciones.cl\/index.php?rest_route=%2Fwp%2Fv2%2Fcomments&post=1086"}],"wp:featuredmedia":[{"embeddable":true,"href":"https:\/\/ppediciones.cl\/index.php?rest_route=\/wp\/v2\/media\/1087"}],"wp:attachment":[{"href":"https:\/\/ppediciones.cl\/index.php?rest_route=%2Fwp%2Fv2%2Fmedia&parent=1086"}],"wp:term":[{"taxonomy":"product_brand","embeddable":true,"href":"https:\/\/ppediciones.cl\/index.php?rest_route=%2Fwp%2Fv2%2Fproduct_brand&post=1086"},{"taxonomy":"product_cat","embeddable":true,"href":"https:\/\/ppediciones.cl\/index.php?rest_route=%2Fwp%2Fv2%2Fproduct_cat&post=1086"},{"taxonomy":"product_tag","embeddable":true,"href":"https:\/\/ppediciones.cl\/index.php?rest_route=%2Fwp%2Fv2%2Fproduct_tag&post=1086"}],"curies":[{"name":"wp","href":"https:\/\/api.w.org\/{rel}","templated":true}]}}