{"id":1088,"date":"2020-01-05T01:36:49","date_gmt":"2020-01-05T01:36:49","guid":{"rendered":"http:\/\/ppediciones.cl\/?post_type=product&#038;p=1088"},"modified":"2021-11-24T03:04:41","modified_gmt":"2021-11-24T03:04:41","slug":"navegando-cielos-del-mundo-antologia-4","status":"publish","type":"product","link":"https:\/\/ppediciones.cl\/?product=navegando-cielos-del-mundo-antologia-4","title":{"rendered":"Navegando cielos del mundo | Antolog\u00eda 4"},"content":{"rendered":"<p>\u201cNavegando Cielos del Mundo\u201d, es un encuentro que nace en Montevideo Uruguay el 2007. En esta, la 4\u00b0 versi\u00f3n, presenta la obra de los siguientes autores:<\/p>\n<p>&#8211; Raquel Mart\u00ednez Mart\u00ednez, poeta que abre sus alas al mundo, llena de bagajes diversos, pintando su alma de mil colores que refleja en sus versos. Une fronteras, sin edades, sin egos, solo los versos y escritos de ella y de otros escritores.<\/p>\n<p>-Ronaldo Werneck, Poeta, periodista brasilero, cronista, cr\u00edtico, ensayista y traductor, hombre m\u00faltiple, que ensalza la obra de muchos d\u00e1ndoles nuevos br\u00edos con su voz.<\/p>\n<p>-Miguel Aranguren, Es unos de los novelistas espa\u00f1oles contempor\u00e1neos que ha publicado a m\u00e1s temprana edad (su primera novela apareci\u00f3 en la Editorial Espasa cuando acababa de cumplir 19 a\u00f1os) y uno de los articulistas m\u00e1s incipientes del periodismo espa\u00f1ol (firm\u00f3 su primera columna de opini\u00f3n en el \u201cEl Mundo\u201d, a los veintitr\u00e9s).<\/p>\n<p>-Irem Toal, Unidad del antes, del ahora y del futuro, con el alma siempre atenta a escuchar nuevos versos en las voces de tantos que gritan por salvar este planeta del caos y de la destrucci\u00f3n.<\/p>\n<p>-PaViTo, Escritor, Gestor Cultural, que abre puertas a tantos que llegan a hasta \u00e9l para mostrar su arte, sin censura deja que se expresen y se den a conocer a trav\u00e9s de un libro o a trav\u00e9s de una entrevista muy personal en el programa \u201cCreadores de SextaVisi\u00f3n\u201d.<\/p>\n","protected":false},"excerpt":{"rendered":"<p>Fecha publicaci\u00f3n: Octubre 2019<\/p>\n<p>ISBN: 978-956-401-254-4<\/p>\n<p>P\u00e1ginas: 46<\/p>\n<p>Formato: 14 x 21.5 cms.<\/p>\n<p>Valor: &#8211;<\/p>\n","protected":false},"featured_media":1089,"comment_status":"open","ping_status":"closed","template":"","meta":[],"product_brand":[],"product_cat":[119,181],"product_tag":[],"class_list":{"0":"post-1088","1":"product","2":"type-product","3":"status-publish","4":"has-post-thumbnail","6":"product_cat-119","7":"product_cat-catalogo","9":"first","10":"instock","11":"taxable","12":"shipping-taxable","13":"product-type-simple"},"_links":{"self":[{"href":"https:\/\/ppediciones.cl\/index.php?rest_route=\/wp\/v2\/product\/1088","targetHints":{"allow":["GET"]}}],"collection":[{"href":"https:\/\/ppediciones.cl\/index.php?rest_route=\/wp\/v2\/product"}],"about":[{"href":"https:\/\/ppediciones.cl\/index.php?rest_route=\/wp\/v2\/types\/product"}],"replies":[{"embeddable":true,"href":"https:\/\/ppediciones.cl\/index.php?rest_route=%2Fwp%2Fv2%2Fcomments&post=1088"}],"wp:featuredmedia":[{"embeddable":true,"href":"https:\/\/ppediciones.cl\/index.php?rest_route=\/wp\/v2\/media\/1089"}],"wp:attachment":[{"href":"https:\/\/ppediciones.cl\/index.php?rest_route=%2Fwp%2Fv2%2Fmedia&parent=1088"}],"wp:term":[{"taxonomy":"product_brand","embeddable":true,"href":"https:\/\/ppediciones.cl\/index.php?rest_route=%2Fwp%2Fv2%2Fproduct_brand&post=1088"},{"taxonomy":"product_cat","embeddable":true,"href":"https:\/\/ppediciones.cl\/index.php?rest_route=%2Fwp%2Fv2%2Fproduct_cat&post=1088"},{"taxonomy":"product_tag","embeddable":true,"href":"https:\/\/ppediciones.cl\/index.php?rest_route=%2Fwp%2Fv2%2Fproduct_tag&post=1088"}],"curies":[{"name":"wp","href":"https:\/\/api.w.org\/{rel}","templated":true}]}}