{"id":1215,"date":"2020-06-28T16:41:36","date_gmt":"2020-06-28T16:41:36","guid":{"rendered":"http:\/\/ppediciones.cl\/?post_type=product&#038;p=1215"},"modified":"2021-11-24T02:54:20","modified_gmt":"2021-11-24T02:54:20","slug":"infierno-espacial-3-ricardo-lopez","status":"publish","type":"product","link":"https:\/\/ppediciones.cl\/?product=infierno-espacial-3-ricardo-lopez","title":{"rendered":"Infierno Espacial 3 | Ricardo L\u00f3pez"},"content":{"rendered":"<p>Un equipo de soldados sobrevivientes de un martirio, una flota de fragatas veloces y mortales y un grupo de pol\u00edticos que trabajan para levantar una raza entera solo los une una carrera\u2026 una carrera desesperada por el espacio cuya \u00fanica meta es la aniquilaci\u00f3n.<\/p>\n<p>El tercer tomo corona con un electrizante final la odisea de dos razas enfrentadas por el dominio de la galaxia en donde las intrigas siguen estando presentes y donde nadie es quien pareciera ser.<br \/>\nRicardo L\u00f3pez, nacido en 1983, casado, dos hijos, es oriundo de Mostazal. La trilog\u00eda de \u201cInfierno Espacial\u201d es su primera obra y la que lo caracteriz\u00f3 como escritor de ciencia ficci\u00f3n. Sin embargo, ha incursionado en otros g\u00e9neros como el misterio, el amor y la acci\u00f3n, caracteriz\u00e1ndose por poseer un relato r\u00e1pido, sin pausas y con protagonistas que reflejan al antih\u00e9roe.<br \/>\nLos tres tomos de \u201cInfierno Espacial\u201d, \u201cLluvia de Historias\u201d y \u201cCr\u00f3nicas de Pelantaru\u201d, son las obras que ha publicado hasta la fecha, todas bajo el sello de Primeros Pasos Ediciones.<\/p>\n","protected":false},"excerpt":{"rendered":"<p>Fecha publicaci\u00f3n: Mayo 2020<br \/>\nISBN: 978-956-401-787-7<br \/>\nP\u00e1ginas: 348<br \/>\nFormato: 14 x 22 cms.<br \/>\nValor: CLP<\/p>\n","protected":false},"featured_media":1217,"comment_status":"open","ping_status":"closed","template":"","meta":[],"product_brand":[],"product_cat":[120,181],"product_tag":[],"class_list":{"0":"post-1215","1":"product","2":"type-product","3":"status-publish","4":"has-post-thumbnail","6":"product_cat-120","7":"product_cat-catalogo","9":"first","10":"instock","11":"virtual","12":"taxable","13":"product-type-simple"},"_links":{"self":[{"href":"https:\/\/ppediciones.cl\/index.php?rest_route=\/wp\/v2\/product\/1215","targetHints":{"allow":["GET"]}}],"collection":[{"href":"https:\/\/ppediciones.cl\/index.php?rest_route=\/wp\/v2\/product"}],"about":[{"href":"https:\/\/ppediciones.cl\/index.php?rest_route=\/wp\/v2\/types\/product"}],"replies":[{"embeddable":true,"href":"https:\/\/ppediciones.cl\/index.php?rest_route=%2Fwp%2Fv2%2Fcomments&post=1215"}],"wp:featuredmedia":[{"embeddable":true,"href":"https:\/\/ppediciones.cl\/index.php?rest_route=\/wp\/v2\/media\/1217"}],"wp:attachment":[{"href":"https:\/\/ppediciones.cl\/index.php?rest_route=%2Fwp%2Fv2%2Fmedia&parent=1215"}],"wp:term":[{"taxonomy":"product_brand","embeddable":true,"href":"https:\/\/ppediciones.cl\/index.php?rest_route=%2Fwp%2Fv2%2Fproduct_brand&post=1215"},{"taxonomy":"product_cat","embeddable":true,"href":"https:\/\/ppediciones.cl\/index.php?rest_route=%2Fwp%2Fv2%2Fproduct_cat&post=1215"},{"taxonomy":"product_tag","embeddable":true,"href":"https:\/\/ppediciones.cl\/index.php?rest_route=%2Fwp%2Fv2%2Fproduct_tag&post=1215"}],"curies":[{"name":"wp","href":"https:\/\/api.w.org\/{rel}","templated":true}]}}