{"id":1220,"date":"2020-08-24T01:18:40","date_gmt":"2020-08-24T01:18:40","guid":{"rendered":"http:\/\/ppediciones.cl\/?post_type=product&#038;p=1220"},"modified":"2022-07-13T18:15:40","modified_gmt":"2022-07-13T18:15:40","slug":"el-trabajo-de-investigacion-en-la-escuela-leandro-garrido-munoz","status":"publish","type":"product","link":"https:\/\/ppediciones.cl\/?product=el-trabajo-de-investigacion-en-la-escuela-leandro-garrido-munoz","title":{"rendered":"El trabajo de investigaci\u00f3n en la escuela | Leandro Garrido Mu\u00f1oz"},"content":{"rendered":"<p>El trabajo de investigaci\u00f3n en la escuela, tiene la finalidad de mostrar c\u00f3mo es el procedimiento b\u00e1sico para realizar un acercamiento al quehacer cient\u00edfico. La metodolog\u00eda cient\u00edfica, tiene un procedimiento l\u00f3gico que permite resolver los obst\u00e1culos para muchos estudiantes, incluso para profesores que desean apoyar a sus alumnos en disciplinas relativas a esta materia de manera simple. En este sentido, este trabajo pretende situar y servir de modelo pr\u00e1ctico para la realizaci\u00f3n de una investigaci\u00f3n cient\u00edfica escolar.<\/p>\n<p>Leandro Garrido Mu\u00f1oz, comienza sus trabajos de investigaci\u00f3n en la preparatoria y se enfoca en la f\u00edsica y qu\u00edmica en la ense\u00f1anza secundaria. Fue presidente del grupo cient\u00edfico de su liceo. Continu\u00f3 sus estudios en la Pontificie Universidad Cat\u00f3lica de Chile, titul\u00e1ndose de profesor de ciencias naturales y qu\u00edmica, y luego, para tener un respaldo acad\u00e9mico, realiz\u00f3 un posgrado en did\u00e1ctica de la biolog\u00eda y la qu\u00edmica en la U. Aut\u00f3noma de Barcelona (1997 -1998), se titula de Mag\u00edster en educaci\u00f3n (UMCE, 2000), y de Mag\u00edster y Doctor en Educaci\u00f3n, con Menci\u00f3n en Aprendizaje Tranformacional (UB, 2014). Ha publicado adem\u00e1s LOS PROYECTOS DE INVESTIGACI\u00d3N: Gu\u00eda para preparar trabajos de experimentaci\u00f3n e investigaci\u00f3n, Ed. Jucitic, 1996; LA QU\u00cdMICA QUE RODEA NUESTRO ENTORNO, es financiado por la C\u00e1mara Chilena de la Construcci\u00f3n, 1999; LA QU\u00cdMICA DE LOS \u00c1TOMOS Y SUS PROPIEDADES\u201d y \u201cQU\u00cdMICA DE LAS DISOLUCIONES Y SUS PROPIEDADES\u201d, Ed. Jucitic, 2001; LA NATURALEZA QU\u00cdMICA DEL AMBIENTE, Ed. Jucitic, 2005; EXPLORADORES CIENT\u00cdFICOS: T\u00e9cnica y M\u00e9todo, Ed. Primeros Pasos Ediciones, 2017; \u00a0CONSTRUCCI\u00d3N DE GR\u00c1FICOS: Gu\u00eda did\u00e1ctica para investigadores novatos, Ed. Jucitic, 2019.<\/p>\n","protected":false},"excerpt":{"rendered":"<p>Fecha publicaci\u00f3n: Agosto 2020<\/p>\n<p>ISBN: 978-956-402-021-1<\/p>\n<p>P\u00e1ginas: 162<\/p>\n<p>Formato: 14 x 21.5 cms.<\/p>\n<p>Valor: $ CLP<\/p>\n","protected":false},"featured_media":1221,"comment_status":"open","ping_status":"closed","template":"","meta":[],"product_brand":[],"product_cat":[120,181],"product_tag":[],"class_list":{"0":"post-1220","1":"product","2":"type-product","3":"status-publish","4":"has-post-thumbnail","6":"product_cat-120","7":"product_cat-catalogo","9":"first","10":"instock","11":"virtual","12":"taxable","13":"product-type-simple"},"_links":{"self":[{"href":"https:\/\/ppediciones.cl\/index.php?rest_route=\/wp\/v2\/product\/1220","targetHints":{"allow":["GET"]}}],"collection":[{"href":"https:\/\/ppediciones.cl\/index.php?rest_route=\/wp\/v2\/product"}],"about":[{"href":"https:\/\/ppediciones.cl\/index.php?rest_route=\/wp\/v2\/types\/product"}],"replies":[{"embeddable":true,"href":"https:\/\/ppediciones.cl\/index.php?rest_route=%2Fwp%2Fv2%2Fcomments&post=1220"}],"wp:featuredmedia":[{"embeddable":true,"href":"https:\/\/ppediciones.cl\/index.php?rest_route=\/wp\/v2\/media\/1221"}],"wp:attachment":[{"href":"https:\/\/ppediciones.cl\/index.php?rest_route=%2Fwp%2Fv2%2Fmedia&parent=1220"}],"wp:term":[{"taxonomy":"product_brand","embeddable":true,"href":"https:\/\/ppediciones.cl\/index.php?rest_route=%2Fwp%2Fv2%2Fproduct_brand&post=1220"},{"taxonomy":"product_cat","embeddable":true,"href":"https:\/\/ppediciones.cl\/index.php?rest_route=%2Fwp%2Fv2%2Fproduct_cat&post=1220"},{"taxonomy":"product_tag","embeddable":true,"href":"https:\/\/ppediciones.cl\/index.php?rest_route=%2Fwp%2Fv2%2Fproduct_tag&post=1220"}],"curies":[{"name":"wp","href":"https:\/\/api.w.org\/{rel}","templated":true}]}}