{"id":1297,"date":"2020-10-05T03:48:49","date_gmt":"2020-10-05T03:48:49","guid":{"rendered":"http:\/\/ppediciones.cl\/?post_type=product&#038;p=1297"},"modified":"2021-11-24T02:49:19","modified_gmt":"2021-11-24T02:49:19","slug":"cuentos-de-mita-irem-toal","status":"publish","type":"product","link":"https:\/\/ppediciones.cl\/?product=cuentos-de-mita-irem-toal","title":{"rendered":"Cuentos de Mita | Irem Toal"},"content":{"rendered":"<p>\u201cUna experiencia que me conecta con mi infancia, ya que fue un cuento lo que le dio un sentido a mi andar por la vida.<\/p>\n<p>Cuentos que nacen de la experiencia con la naturaleza, y tambi\u00e9n con la realidad; realidad que nos sorprende muchas veces, por ello las historias que van en este compendio de nueve cuentos son para que los ni\u00f1os aprendan que en la vida hay situaciones que podemos evitar, y otras de las cuales podemos aprender y otras simplemente para escuchar a la hora de ir a la cama.<\/p>\n<p>Estos cuentos solo a\u00f1oran alojarse en alg\u00fan minuto en la memoria de los ni\u00f1os que en esta \u00e9poca viven una experiencia tan ca\u00f3tica, como es una Pandemia a nivel global.<\/p>\n<p>Adem\u00e1s de ser un homenaje a qui\u00e9n parti\u00f3 antes de tiempo, y un joven que el leer le proporcion\u00f3 la tranquilidad necesaria para esperar que la vida le proporcionara nuevos caminos\u201d.<\/p>\n<p>&nbsp;<\/p>\n<p>&nbsp;<\/p>\n<p>&nbsp;<\/p>\n<p>&nbsp;<\/p>\n","protected":false},"excerpt":{"rendered":"<p>Fecha publicaci\u00f3n: Septiembre 2020<\/p>\n<p>ISBN: &#8211;<\/p>\n<p>P\u00e1ginas: 20<\/p>\n<p>Formato: 14 x 21.5 cms.<\/p>\n<p>Valor: $ CLP<\/p>\n","protected":false},"featured_media":1298,"comment_status":"open","ping_status":"closed","template":"","meta":[],"product_brand":[],"product_cat":[120,181],"product_tag":[],"class_list":{"0":"post-1297","1":"product","2":"type-product","3":"status-publish","4":"has-post-thumbnail","6":"product_cat-120","7":"product_cat-catalogo","9":"first","10":"instock","11":"virtual","12":"taxable","13":"product-type-simple"},"_links":{"self":[{"href":"https:\/\/ppediciones.cl\/index.php?rest_route=\/wp\/v2\/product\/1297","targetHints":{"allow":["GET"]}}],"collection":[{"href":"https:\/\/ppediciones.cl\/index.php?rest_route=\/wp\/v2\/product"}],"about":[{"href":"https:\/\/ppediciones.cl\/index.php?rest_route=\/wp\/v2\/types\/product"}],"replies":[{"embeddable":true,"href":"https:\/\/ppediciones.cl\/index.php?rest_route=%2Fwp%2Fv2%2Fcomments&post=1297"}],"wp:featuredmedia":[{"embeddable":true,"href":"https:\/\/ppediciones.cl\/index.php?rest_route=\/wp\/v2\/media\/1298"}],"wp:attachment":[{"href":"https:\/\/ppediciones.cl\/index.php?rest_route=%2Fwp%2Fv2%2Fmedia&parent=1297"}],"wp:term":[{"taxonomy":"product_brand","embeddable":true,"href":"https:\/\/ppediciones.cl\/index.php?rest_route=%2Fwp%2Fv2%2Fproduct_brand&post=1297"},{"taxonomy":"product_cat","embeddable":true,"href":"https:\/\/ppediciones.cl\/index.php?rest_route=%2Fwp%2Fv2%2Fproduct_cat&post=1297"},{"taxonomy":"product_tag","embeddable":true,"href":"https:\/\/ppediciones.cl\/index.php?rest_route=%2Fwp%2Fv2%2Fproduct_tag&post=1297"}],"curies":[{"name":"wp","href":"https:\/\/api.w.org\/{rel}","templated":true}]}}