{"id":1306,"date":"2020-10-12T02:19:23","date_gmt":"2020-10-12T02:19:23","guid":{"rendered":"http:\/\/ppediciones.cl\/?post_type=product&#038;p=1306"},"modified":"2021-11-24T02:48:30","modified_gmt":"2021-11-24T02:48:30","slug":"versos-profeticos-carlos-manzoliz","status":"publish","type":"product","link":"https:\/\/ppediciones.cl\/?product=versos-profeticos-carlos-manzoliz","title":{"rendered":"Versos Prof\u00e9ticos | Carlos Manzoliz"},"content":{"rendered":"<p>Carlos Manzoliz Jaramillo, naci\u00f3 el 22 de junio de 1960. Oriundo de Valdivia, es Bachiller en Filosof\u00eda y Ciencias Sociales, y profesor de Historia, geograf\u00eda y Ed. C\u00edvica. Ha trabajado como profesor en numerosos liceos de Valpara\u00edso y Rancagua. Poeta y escritor, forma parte del grupo\u00a0\u00a0 C\u00edrculo Literario Renacimiento de Valdivia, Plaza Rub\u00e9n Dar\u00edo de Valpara\u00edso y del grupo Verso Vivo en Rancagua.<\/p>\n<p>Versos prof\u00e9ticos, su segundo libro tras publicar Los Sue\u00f1os de la Esperanza en noviembre de 2018, es una recopilaci\u00f3n de poemas escritos\u00a0 entre\u00a0 1983\u00a0 y\u00a0 2019. Est\u00e1 dividido en siete cap\u00edtulos: Capricornio, Despu\u00e9s del exilio, Esperanza, In Nomine Deus, Los Senderos de Piedra, Mi Casa y Tu nombre.\u00a0 y en ellos trata temas de vital importancia como el amor, la familia, la espiritualidad, la muerte, la juventud, la naturaleza y la enfermedad, entre otros.<\/p>\n<p>&nbsp;<\/p>\n<p>&nbsp;<\/p>\n","protected":false},"excerpt":{"rendered":"<p>Fecha publicaci\u00f3n: Octubre 2020<\/p>\n<p>ISBN: 978-956-402-219-2<\/p>\n<p>P\u00e1ginas: 326<\/p>\n<p>Formato: 14 x 21.5 cms.<\/p>\n<p>Valor: $ CLP<\/p>\n","protected":false},"featured_media":1307,"comment_status":"open","ping_status":"closed","template":"","meta":[],"product_brand":[],"product_cat":[120,181],"product_tag":[],"class_list":{"0":"post-1306","1":"product","2":"type-product","3":"status-publish","4":"has-post-thumbnail","6":"product_cat-120","7":"product_cat-catalogo","9":"first","10":"instock","11":"virtual","12":"taxable","13":"product-type-simple"},"_links":{"self":[{"href":"https:\/\/ppediciones.cl\/index.php?rest_route=\/wp\/v2\/product\/1306","targetHints":{"allow":["GET"]}}],"collection":[{"href":"https:\/\/ppediciones.cl\/index.php?rest_route=\/wp\/v2\/product"}],"about":[{"href":"https:\/\/ppediciones.cl\/index.php?rest_route=\/wp\/v2\/types\/product"}],"replies":[{"embeddable":true,"href":"https:\/\/ppediciones.cl\/index.php?rest_route=%2Fwp%2Fv2%2Fcomments&post=1306"}],"wp:featuredmedia":[{"embeddable":true,"href":"https:\/\/ppediciones.cl\/index.php?rest_route=\/wp\/v2\/media\/1307"}],"wp:attachment":[{"href":"https:\/\/ppediciones.cl\/index.php?rest_route=%2Fwp%2Fv2%2Fmedia&parent=1306"}],"wp:term":[{"taxonomy":"product_brand","embeddable":true,"href":"https:\/\/ppediciones.cl\/index.php?rest_route=%2Fwp%2Fv2%2Fproduct_brand&post=1306"},{"taxonomy":"product_cat","embeddable":true,"href":"https:\/\/ppediciones.cl\/index.php?rest_route=%2Fwp%2Fv2%2Fproduct_cat&post=1306"},{"taxonomy":"product_tag","embeddable":true,"href":"https:\/\/ppediciones.cl\/index.php?rest_route=%2Fwp%2Fv2%2Fproduct_tag&post=1306"}],"curies":[{"name":"wp","href":"https:\/\/api.w.org\/{rel}","templated":true}]}}