{"id":1346,"date":"2020-10-26T04:07:33","date_gmt":"2020-10-26T04:07:33","guid":{"rendered":"http:\/\/ppediciones.cl\/?post_type=product&#038;p=1346"},"modified":"2021-11-24T02:47:46","modified_gmt":"2021-11-24T02:47:46","slug":"como-agua-pacifico-carrasco-gonzalez","status":"publish","type":"product","link":"https:\/\/ppediciones.cl\/?product=como-agua-pacifico-carrasco-gonzalez","title":{"rendered":"Como agua | Pac\u00edfico Carrasco Gonz\u00e1lez"},"content":{"rendered":"<p>Pac\u00edfico Carrasco Gonz\u00e1lez, escritor de la ciudad de Rancagua, ha publicado 10 libros de poes\u00eda: \u201cDe otras cosas y el amor\u201d (2000), \u201cEn la huella del amor\u201d (2002), \u201cAmor viajero de viento\u201d (2004), \u201cDel amor \u00bfD\u00f3nde? Amor\u201d (2006), \u201cNo basta s\u00f3lo el amor\u201d (2008), \u201cEn busca del amparo\u201d (2009), \u201cUn asomo a la esperanza\u201d (2011), \u201cReflejos\u201d (2013), \u201cSigo el viaje\u201d (2016) y \u201cComo agua&#8230;\u201d (2020). En todos ellos, el autor nos entrega su concepci\u00f3n del mundo y el modo en que lo enfrenta. A partir del amor como expresi\u00f3n humana, como fundamento del vivir, nos muestra un horizonte vasto, desde la \u00edntima contemplaci\u00f3n de la belleza de todo lo natural que nos rodea, hasta el an\u00e1lisis minucioso de la vida humana en sociedad y sus carencias.<\/p>\n<p>Tras cuatro a\u00f1os sin publicar, reaparece como mar encogido a llenar la superficie de versos denunciantes, llenos de naturaleza y palabras certeras. Como si no hubiese pasado el tiempo, y a la vez, manifestando exceso de silencio.<\/p>\n","protected":false},"excerpt":{"rendered":"<p>Fecha publicaci\u00f3n: Octubre 2020<\/p>\n<p>ISBN: 978-956-402-216-1<\/p>\n<p>P\u00e1ginas: 118<\/p>\n<p>Formato: 16.5 x 21.5 cms.<\/p>\n<p>Valor: $ CLP<\/p>\n","protected":false},"featured_media":1347,"comment_status":"open","ping_status":"closed","template":"","meta":[],"product_brand":[],"product_cat":[120,181],"product_tag":[],"class_list":{"0":"post-1346","1":"product","2":"type-product","3":"status-publish","4":"has-post-thumbnail","6":"product_cat-120","7":"product_cat-catalogo","9":"first","10":"instock","11":"virtual","12":"taxable","13":"product-type-simple"},"_links":{"self":[{"href":"https:\/\/ppediciones.cl\/index.php?rest_route=\/wp\/v2\/product\/1346","targetHints":{"allow":["GET"]}}],"collection":[{"href":"https:\/\/ppediciones.cl\/index.php?rest_route=\/wp\/v2\/product"}],"about":[{"href":"https:\/\/ppediciones.cl\/index.php?rest_route=\/wp\/v2\/types\/product"}],"replies":[{"embeddable":true,"href":"https:\/\/ppediciones.cl\/index.php?rest_route=%2Fwp%2Fv2%2Fcomments&post=1346"}],"wp:featuredmedia":[{"embeddable":true,"href":"https:\/\/ppediciones.cl\/index.php?rest_route=\/wp\/v2\/media\/1347"}],"wp:attachment":[{"href":"https:\/\/ppediciones.cl\/index.php?rest_route=%2Fwp%2Fv2%2Fmedia&parent=1346"}],"wp:term":[{"taxonomy":"product_brand","embeddable":true,"href":"https:\/\/ppediciones.cl\/index.php?rest_route=%2Fwp%2Fv2%2Fproduct_brand&post=1346"},{"taxonomy":"product_cat","embeddable":true,"href":"https:\/\/ppediciones.cl\/index.php?rest_route=%2Fwp%2Fv2%2Fproduct_cat&post=1346"},{"taxonomy":"product_tag","embeddable":true,"href":"https:\/\/ppediciones.cl\/index.php?rest_route=%2Fwp%2Fv2%2Fproduct_tag&post=1346"}],"curies":[{"name":"wp","href":"https:\/\/api.w.org\/{rel}","templated":true}]}}