{"id":1372,"date":"2020-11-09T12:18:48","date_gmt":"2020-11-09T12:18:48","guid":{"rendered":"http:\/\/ppediciones.cl\/?post_type=product&#038;p=1372"},"modified":"2021-11-24T02:45:16","modified_gmt":"2021-11-24T02:45:16","slug":"en-el-trigal-de-la-vida-sergio-vera-morales","status":"publish","type":"product","link":"https:\/\/ppediciones.cl\/?product=en-el-trigal-de-la-vida-sergio-vera-morales","title":{"rendered":"En el trigal de la vida | Sergio Vera Morales"},"content":{"rendered":"<p>Sergio del Carmen Vera Morales, naci\u00f3 y vivi\u00f3 en Coya, Machal\u00ed, VI regi\u00f3n, hasta el a\u00f1o 1985, cuando emigr\u00f3 a Rancagua, ciudad donde reside actualmente. Poeta popular y romancero, es socio activo de la AGENPOCH (Asociaci\u00f3n gremial nacional de poetas y payadores de Chile). Ha ganado importantes concursos literarios y participado en diversos encuentros nacionales y regionales de Poetas y Payadores. En el trigal de la vida, su segunda publicaci\u00f3n individual, tras publicar Espigas de sentimiento el 2015, es una recopilaci\u00f3n de poemas que abordan temas como el\u00a0 mundo laboral, sus alegr\u00edas y sinsabores, y un sinf\u00edn de otras situaciones, experiencias y personas que han marcado su vida y obra.<\/p>\n<p>\u201cYo fui &#8220;Faenero&#8221;, as\u00ed se denomina al hombre que trabaja ausente de su hogar por varios d\u00edas, en alejadas regiones y sin saber si volver\u00e1 o no al lado de su familia. As\u00ed pude conocer muchos lugares del pa\u00eds, donde fuera que &#8220;La Faena&#8221; solicitara mi presencia. Era eso o una prolongada cesant\u00eda.<\/p>\n<p>Me tocaron trabajos duros, el primer d\u00eda en la Mina El Teniente mi \u00fanico deseo era renunciar, solo resist\u00ed por no dejar mal a &#8220;la cu\u00f1a&#8221; que me hab\u00eda conseguido aquel puesto.<\/p>\n<p>Para combatir este duro ambiente yo recordaba mi juventud al aire libre entre dorados trigales y mi mente &#8220;sembr\u00f3&#8221; trigo en aqu\u00e9llos oscuros socavones y los trigales brillaron con un sol imaginario y un aire tan limpio que s\u00f3lo era manchado por moment\u00e1neos aleteos de p\u00e1jaros.<\/p>\n<p>No fue s\u00f3lo en la mina, despu\u00e9s fui oponiendo trigales a incontables contrariedades que me amargaron la vida en diferentes &#8220;faenas&#8221; que no por estar al aire libre fueron para el faenero menos duras.<\/p>\n<p>Los trigales me ayudaron a soportar arbitrariedades, injusticias, abusos, distancias y m\u00e1s distancias. As\u00ed logr\u00e9 endulzar mis horas amargas de soledad, laborando y engavillando versos En el Trigal de la Vida\u201d.<\/p>\n","protected":false},"excerpt":{"rendered":"<p>Fecha publicaci\u00f3n: Noviembre 2020<\/p>\n<p>ISBN: 978-956-402-296-3<\/p>\n<p>P\u00e1ginas: 118<\/p>\n<p>Formato: 14 x 21.5 cms.<\/p>\n<p>Valor: $ CLP<\/p>\n","protected":false},"featured_media":1373,"comment_status":"open","ping_status":"closed","template":"","meta":[],"product_brand":[],"product_cat":[120,181],"product_tag":[],"class_list":{"0":"post-1372","1":"product","2":"type-product","3":"status-publish","4":"has-post-thumbnail","6":"product_cat-120","7":"product_cat-catalogo","9":"first","10":"instock","11":"virtual","12":"taxable","13":"product-type-simple"},"_links":{"self":[{"href":"https:\/\/ppediciones.cl\/index.php?rest_route=\/wp\/v2\/product\/1372","targetHints":{"allow":["GET"]}}],"collection":[{"href":"https:\/\/ppediciones.cl\/index.php?rest_route=\/wp\/v2\/product"}],"about":[{"href":"https:\/\/ppediciones.cl\/index.php?rest_route=\/wp\/v2\/types\/product"}],"replies":[{"embeddable":true,"href":"https:\/\/ppediciones.cl\/index.php?rest_route=%2Fwp%2Fv2%2Fcomments&post=1372"}],"wp:featuredmedia":[{"embeddable":true,"href":"https:\/\/ppediciones.cl\/index.php?rest_route=\/wp\/v2\/media\/1373"}],"wp:attachment":[{"href":"https:\/\/ppediciones.cl\/index.php?rest_route=%2Fwp%2Fv2%2Fmedia&parent=1372"}],"wp:term":[{"taxonomy":"product_brand","embeddable":true,"href":"https:\/\/ppediciones.cl\/index.php?rest_route=%2Fwp%2Fv2%2Fproduct_brand&post=1372"},{"taxonomy":"product_cat","embeddable":true,"href":"https:\/\/ppediciones.cl\/index.php?rest_route=%2Fwp%2Fv2%2Fproduct_cat&post=1372"},{"taxonomy":"product_tag","embeddable":true,"href":"https:\/\/ppediciones.cl\/index.php?rest_route=%2Fwp%2Fv2%2Fproduct_tag&post=1372"}],"curies":[{"name":"wp","href":"https:\/\/api.w.org\/{rel}","templated":true}]}}