{"id":1411,"date":"2020-12-04T02:54:23","date_gmt":"2020-12-04T02:54:23","guid":{"rendered":"http:\/\/ppediciones.cl\/?post_type=product&#038;p=1411"},"modified":"2022-06-24T01:18:25","modified_gmt":"2022-06-24T01:18:25","slug":"quiero-escribirme-copia","status":"publish","type":"product","link":"https:\/\/ppediciones.cl\/?product=quiero-escribirme-copia","title":{"rendered":"En tiempos de pandemia"},"content":{"rendered":"<p>En tiempos de pandemia, es el primer tomo de la colecci\u00f3n de antolog\u00edas tem\u00e1ticas Medicina Literaria, que re\u00fane a algunos integrantes del grupo Sue\u00f1os de escritores m\u00e9dicos, que han querido asumir el desaf\u00edo de crear en base a temas que irrumpen el cotidiano por su importancia y trascendencia, desde un punto de vista cient\u00edfico pero principalmente creativo y humano. La medicina y la literatura se han relacionado desde tiempos remotos, y su dependencia se ha extendido a partir de la intensidad y profundidad de la actividad m\u00e9dica y su estrecha relaci\u00f3n con el bienestar humano, la enfermedad, b\u00fasqueda de la salud,<br \/>\nnacimiento y muerte, entre otras experiencias que conllevan a la inspiraci\u00f3n y expresi\u00f3n, que enriquecen y suelen plasmarse en toda creaci\u00f3n literaria.<br \/>\nEn esta oportunidad, se presentan los escritores m\u00e9dicos Luis Weinstein, Daniel Peluffo, Karina Jim\u00e9nez y Valerio Gonz\u00e1lez, todos ellos con una gran trayectoria, puntos de vista muy asertivos e interesantes, y una propuesta literaria con mucho sentimiento, imaginaci\u00f3n, humor y entrega, que cautiva e invita a la reflexi\u00f3n.<\/p>\n","protected":false},"excerpt":{"rendered":"<p>Luis Weinstein &#8211; Daniel Peluffo &#8211; Karina Jim\u00e9nez &#8211; Valerio Gonz\u00e1lez<br \/>\nFecha publicaci\u00f3n: Junio 2020<br \/>\nISBN: 978-956-401-857-7<br \/>\nP\u00e1ginas: 56<br \/>\nValor: $ 4.000 CLP<\/p>\n","protected":false},"featured_media":1412,"comment_status":"open","ping_status":"closed","template":"","meta":[],"product_brand":[],"product_cat":[72,121],"product_tag":[],"class_list":{"0":"post-1411","1":"product","2":"type-product","3":"status-publish","4":"has-post-thumbnail","6":"product_cat-coleccion-suenos","7":"product_cat-ebook","9":"first","10":"instock","11":"virtual","12":"taxable","13":"purchasable","14":"product-type-simple"},"_links":{"self":[{"href":"https:\/\/ppediciones.cl\/index.php?rest_route=\/wp\/v2\/product\/1411","targetHints":{"allow":["GET"]}}],"collection":[{"href":"https:\/\/ppediciones.cl\/index.php?rest_route=\/wp\/v2\/product"}],"about":[{"href":"https:\/\/ppediciones.cl\/index.php?rest_route=\/wp\/v2\/types\/product"}],"replies":[{"embeddable":true,"href":"https:\/\/ppediciones.cl\/index.php?rest_route=%2Fwp%2Fv2%2Fcomments&post=1411"}],"wp:featuredmedia":[{"embeddable":true,"href":"https:\/\/ppediciones.cl\/index.php?rest_route=\/wp\/v2\/media\/1412"}],"wp:attachment":[{"href":"https:\/\/ppediciones.cl\/index.php?rest_route=%2Fwp%2Fv2%2Fmedia&parent=1411"}],"wp:term":[{"taxonomy":"product_brand","embeddable":true,"href":"https:\/\/ppediciones.cl\/index.php?rest_route=%2Fwp%2Fv2%2Fproduct_brand&post=1411"},{"taxonomy":"product_cat","embeddable":true,"href":"https:\/\/ppediciones.cl\/index.php?rest_route=%2Fwp%2Fv2%2Fproduct_cat&post=1411"},{"taxonomy":"product_tag","embeddable":true,"href":"https:\/\/ppediciones.cl\/index.php?rest_route=%2Fwp%2Fv2%2Fproduct_tag&post=1411"}],"curies":[{"name":"wp","href":"https:\/\/api.w.org\/{rel}","templated":true}]}}