{"id":1413,"date":"2020-12-04T02:58:45","date_gmt":"2020-12-04T02:58:45","guid":{"rendered":"http:\/\/ppediciones.cl\/?post_type=product&#038;p=1413"},"modified":"2026-04-29T23:13:02","modified_gmt":"2026-04-29T23:13:02","slug":"pavadas-ilustradas","status":"publish","type":"product","link":"https:\/\/ppediciones.cl\/?product=pavadas-ilustradas","title":{"rendered":"Ebook PaVaDas Ilustradas | PaViTo"},"content":{"rendered":"<p><span style=\"font-weight: 400;\">\u201cPaVaDas Ilustradas\u201d (antolog\u00eda po\u00e9tica 1999 &#8211; 2009), es un trabajo de recopilaci\u00f3n de 50 poemas del escritor rancag\u00fcino PaViTo, que el ilustrador Alonso Salazar ha querido retratar desde su propia perspectiva, con pincel y tinta china, para celebrar diez a\u00f1os de trayectoria del poeta. La idea es rescatar los inicios de su obra, unir la iron\u00eda y el humor de estos dos grandes artistas chilenos, y as\u00ed, a trav\u00e9s de la risa y la reflexi\u00f3n, dar una mirada distinta de los hechos cotidianos, una mirada algo m\u00e1s esperanzadora de la realidad.<\/span><\/p>\n","protected":false},"excerpt":{"rendered":"<p><span style=\"font-weight: 400;\">Fecha publicaci\u00f3n: Septiembre 2010\u00a0<\/span><\/p>\n<p><span style=\"font-weight: 400;\">ISBN: 978-956-281-751-3<\/span><\/p>\n<p><span style=\"font-weight: 400;\">P\u00e1ginas: 130<\/span><\/p>\n<p><span style=\"font-weight: 400;\">Valor: $\u00a0 4.000 CLP<\/span><\/p>\n","protected":false},"featured_media":2208,"comment_status":"open","ping_status":"closed","template":"","meta":[],"product_brand":[],"product_cat":[15],"product_tag":[],"class_list":{"0":"post-1413","1":"product","2":"type-product","3":"status-publish","4":"has-post-thumbnail","6":"product_cat-sin-categoria","8":"first","9":"instock","10":"virtual","11":"taxable","12":"purchasable","13":"product-type-simple"},"_links":{"self":[{"href":"https:\/\/ppediciones.cl\/index.php?rest_route=\/wp\/v2\/product\/1413","targetHints":{"allow":["GET"]}}],"collection":[{"href":"https:\/\/ppediciones.cl\/index.php?rest_route=\/wp\/v2\/product"}],"about":[{"href":"https:\/\/ppediciones.cl\/index.php?rest_route=\/wp\/v2\/types\/product"}],"replies":[{"embeddable":true,"href":"https:\/\/ppediciones.cl\/index.php?rest_route=%2Fwp%2Fv2%2Fcomments&post=1413"}],"wp:featuredmedia":[{"embeddable":true,"href":"https:\/\/ppediciones.cl\/index.php?rest_route=\/wp\/v2\/media\/2208"}],"wp:attachment":[{"href":"https:\/\/ppediciones.cl\/index.php?rest_route=%2Fwp%2Fv2%2Fmedia&parent=1413"}],"wp:term":[{"taxonomy":"product_brand","embeddable":true,"href":"https:\/\/ppediciones.cl\/index.php?rest_route=%2Fwp%2Fv2%2Fproduct_brand&post=1413"},{"taxonomy":"product_cat","embeddable":true,"href":"https:\/\/ppediciones.cl\/index.php?rest_route=%2Fwp%2Fv2%2Fproduct_cat&post=1413"},{"taxonomy":"product_tag","embeddable":true,"href":"https:\/\/ppediciones.cl\/index.php?rest_route=%2Fwp%2Fv2%2Fproduct_tag&post=1413"}],"curies":[{"name":"wp","href":"https:\/\/api.w.org\/{rel}","templated":true}]}}