{"id":1437,"date":"2020-12-14T16:17:26","date_gmt":"2020-12-14T16:17:26","guid":{"rendered":"http:\/\/ppediciones.cl\/?post_type=product&#038;p=1437"},"modified":"2021-11-23T03:44:21","modified_gmt":"2021-11-23T03:44:21","slug":"regresion-somatica","status":"publish","type":"product","link":"https:\/\/ppediciones.cl\/?product=regresion-somatica","title":{"rendered":"REGRESI\u00d3N SOM\u00c1TICA"},"content":{"rendered":"<p style=\"font-weight: 400;\">Boris G\u00e1lvez Llanten, es padre, docente y kinesi\u00f3logo integrativo de formaci\u00f3n, y co director del instituto Prana Kine. Ha sido uno de los pioneros de la kinesiolog\u00eda Integrativa en Chile. Complementa su profesi\u00f3n con la osteopat\u00eda, acupuntura, la hipnosis regresiva, el yoga, el chi kung y la educaci\u00f3n en dolor, que aprendi\u00f3 hace 10 a\u00f1os junto a los curanderos shipibos en Per\u00fa.<\/p>\n<p style=\"font-weight: 400;\">Regresi\u00f3n som\u00e1tica se inspira precisamente en una visi\u00f3n cham\u00e1nica en la selva peruana junto a las dietas vegetalista con plantas enteogenas. Desde ah\u00ed el autor une el aprendizaje cham\u00e1nico con las experiencias cl\u00ednicas de la hipnosis regresiva.<\/p>\n<p>El cerrar los ojos y entrar en nuestro mundo interior ha sido parte de muchas tradiciones ancestrales. Al parecer el ser humano se ha perdido en su propio viaje. Regresi\u00f3n som\u00e1tica nos invita a retornar a nuestras aguas m\u00e1s profundas para expandir la consciencia y encontrarnos.<\/p>\n","protected":false},"excerpt":{"rendered":"<p style=\"font-weight: 400;\"><strong>REGRESI\u00d3N SOM\u00c1TICA<\/strong><\/p>\n<p style=\"font-weight: 400;\"><strong>Boris G\u00e1lvez<\/strong><\/p>\n<p style=\"font-weight: 400;\">Fecha publicaci\u00f3n: Diciembre 2020<\/p>\n<p style=\"font-weight: 400;\">ISBN:\u00a0&#8211;<\/p>\n<p style=\"font-weight: 400;\">P\u00e1ginas: 130<\/p>\n","protected":false},"featured_media":1438,"comment_status":"open","ping_status":"closed","template":"","meta":[],"product_brand":[],"product_cat":[121],"product_tag":[],"class_list":{"0":"post-1437","1":"product","2":"type-product","3":"status-publish","4":"has-post-thumbnail","6":"product_cat-ebook","8":"first","9":"instock","10":"virtual","11":"taxable","12":"product-type-simple"},"_links":{"self":[{"href":"https:\/\/ppediciones.cl\/index.php?rest_route=\/wp\/v2\/product\/1437","targetHints":{"allow":["GET"]}}],"collection":[{"href":"https:\/\/ppediciones.cl\/index.php?rest_route=\/wp\/v2\/product"}],"about":[{"href":"https:\/\/ppediciones.cl\/index.php?rest_route=\/wp\/v2\/types\/product"}],"replies":[{"embeddable":true,"href":"https:\/\/ppediciones.cl\/index.php?rest_route=%2Fwp%2Fv2%2Fcomments&post=1437"}],"wp:featuredmedia":[{"embeddable":true,"href":"https:\/\/ppediciones.cl\/index.php?rest_route=\/wp\/v2\/media\/1438"}],"wp:attachment":[{"href":"https:\/\/ppediciones.cl\/index.php?rest_route=%2Fwp%2Fv2%2Fmedia&parent=1437"}],"wp:term":[{"taxonomy":"product_brand","embeddable":true,"href":"https:\/\/ppediciones.cl\/index.php?rest_route=%2Fwp%2Fv2%2Fproduct_brand&post=1437"},{"taxonomy":"product_cat","embeddable":true,"href":"https:\/\/ppediciones.cl\/index.php?rest_route=%2Fwp%2Fv2%2Fproduct_cat&post=1437"},{"taxonomy":"product_tag","embeddable":true,"href":"https:\/\/ppediciones.cl\/index.php?rest_route=%2Fwp%2Fv2%2Fproduct_tag&post=1437"}],"curies":[{"name":"wp","href":"https:\/\/api.w.org\/{rel}","templated":true}]}}