{"id":1451,"date":"2021-02-01T09:04:15","date_gmt":"2021-02-01T09:04:15","guid":{"rendered":"http:\/\/ppediciones.cl\/?post_type=product&#038;p=1451"},"modified":"2022-01-04T18:26:46","modified_gmt":"2022-01-04T18:26:46","slug":"historias-con-versadas-margarita-calderon","status":"publish","type":"product","link":"https:\/\/ppediciones.cl\/?product=historias-con-versadas-margarita-calderon","title":{"rendered":"Memorias con Versadas | Margarita Calder\u00f3n"},"content":{"rendered":"<p>Este primer libro de la autora tiene por objetivo recoger los pensamientos y reflexiones de tantos a\u00f1os de ejercicio docente y los porqu\u00e9 de m\u00e1s de una decisi\u00f3n tomada, a la luz de los momentos que vivi\u00f3.<\/p>\n<p>Si bien cree la autora que m\u00e1s de alguna persona puede sentirse inspirada en su camino y\u00a0 hasta identificada, lo publica fundamentalmente porque deseaba hacerlo hace mucho tiempo, siente que me lo deb\u00eda.<\/p>\n<p>En este delicado libro, con breves palabras, narra su vida y su vocaci\u00f3n: ESTUDIAR PARA ENSE\u00d1AR a su pueblo. Una hija de campesino asentado de la Reforma Agraria, va a la universidad. Dedicada por d\u00e9cadas a su rol de profesora de Castellano, y, con su retiro de las aulas y el posterior encierro de la pandemia, se ocupa de estos versos que la rondaban por a\u00f1os.<\/p>\n","protected":false},"excerpt":{"rendered":"<p>Este primer libro de la autora tiene por objetivo recoger los pensamientos y reflexiones de tantos a\u00f1os de ejercicio docente y los porqu\u00e9 de m\u00e1s de una decisi\u00f3n tomada, a la luz de los momentos que vivi\u00f3. Si bien cree la autora que m\u00e1s de alguna persona puede sentirse inspirada en su camino y\u00a0 hasta [&#8230;]\n","protected":false},"featured_media":1452,"comment_status":"open","ping_status":"closed","template":"","meta":[],"product_brand":[],"product_cat":[122,181],"product_tag":[],"class_list":{"0":"post-1451","1":"product","2":"type-product","3":"status-publish","4":"has-post-thumbnail","6":"product_cat-122","7":"product_cat-catalogo","9":"first","10":"instock","11":"virtual","12":"taxable","13":"product-type-simple"},"_links":{"self":[{"href":"https:\/\/ppediciones.cl\/index.php?rest_route=\/wp\/v2\/product\/1451","targetHints":{"allow":["GET"]}}],"collection":[{"href":"https:\/\/ppediciones.cl\/index.php?rest_route=\/wp\/v2\/product"}],"about":[{"href":"https:\/\/ppediciones.cl\/index.php?rest_route=\/wp\/v2\/types\/product"}],"replies":[{"embeddable":true,"href":"https:\/\/ppediciones.cl\/index.php?rest_route=%2Fwp%2Fv2%2Fcomments&post=1451"}],"wp:featuredmedia":[{"embeddable":true,"href":"https:\/\/ppediciones.cl\/index.php?rest_route=\/wp\/v2\/media\/1452"}],"wp:attachment":[{"href":"https:\/\/ppediciones.cl\/index.php?rest_route=%2Fwp%2Fv2%2Fmedia&parent=1451"}],"wp:term":[{"taxonomy":"product_brand","embeddable":true,"href":"https:\/\/ppediciones.cl\/index.php?rest_route=%2Fwp%2Fv2%2Fproduct_brand&post=1451"},{"taxonomy":"product_cat","embeddable":true,"href":"https:\/\/ppediciones.cl\/index.php?rest_route=%2Fwp%2Fv2%2Fproduct_cat&post=1451"},{"taxonomy":"product_tag","embeddable":true,"href":"https:\/\/ppediciones.cl\/index.php?rest_route=%2Fwp%2Fv2%2Fproduct_tag&post=1451"}],"curies":[{"name":"wp","href":"https:\/\/api.w.org\/{rel}","templated":true}]}}