{"id":1453,"date":"2021-02-22T10:07:58","date_gmt":"2021-02-22T10:07:58","guid":{"rendered":"http:\/\/ppediciones.cl\/?post_type=product&#038;p=1453"},"modified":"2022-04-05T20:36:10","modified_gmt":"2022-04-05T20:36:10","slug":"imagenes-francisco-labarca","status":"publish","type":"product","link":"https:\/\/ppediciones.cl\/?product=imagenes-francisco-labarca","title":{"rendered":"Im\u00e1genes | Francisco Labarca"},"content":{"rendered":"<p>IM\u00c1GENES es un libro breve y sencillo, captado con el lente de la vida y narrado con un lenguaje al alcance de todo lector. Est\u00e1 formado de dos cuerpos, cada uno de ellos con una mirada sensitiva, que refleja las infinitas instancias en que navegamos d\u00eda a d\u00eda por diferentes oc\u00e9anos. A veces por mares tranquilos con ondas leves y azules que a la playa revientan acariciando nuestros pies, llenando nuestros corazones de indescriptible gozo y felicidad\u2026 en ocasiones se cubre el horizonte de nubes borrascosas y tempestades que agitan ese mar pac\u00edfico del alma, y navegamos a la deriva cual velero sin tim\u00f3n, clamando a las alturas por llegar a salvo al malec\u00f3n\u2026<\/p>\n<p>Cruza IM\u00c1GENES aspectos propios de lo rom\u00e1ntico, de encuentros y despedidas, de momentos aciagos y tambi\u00e9n de inmensa ternura y reconciliaci\u00f3n, de llanto y tambi\u00e9n de paz interior\u2026 camina\u00a0 tambi\u00e9n con una mirada a la naturaleza que con tanta liviandad hemos castigado, y que como\u00a0 boomerang nos devuelve sus s\u00faplicas pidiendo clemencia. Unas pinceladas al aspecto social\u2026 Cuenta tambi\u00e9n con\u00a0 momentos \u00edntimos de recogimiento y espiritualidad, cuando sentimos que la senda no tiene otra salida, y entonces a la altura elevamos los ojos con apremio en la mirada\u2026 \u00a1Como pudieron\u201d!, poema basado en una peque\u00f1a y preciosa iglesia de un lugar no tan lejano, relata la crueldad \u201csin raz\u00f3n\u201d del ser humano. Me pareci\u00f3 apropiado iniciar con estos versos, ajeno a cualquier pensamiento religioso y\u2026 recordar que en el presente s\u00f3lo los clavos han cambiado\u2026<\/p>\n<p>El primer cuerpo de esta obra, cuenta con poes\u00eda escrita en verso en m\u00e9trica variada, generalmente con una rima asonante en los versos pares, para darle un sentido atractivo y cadencioso a la estructura del poema.<\/p>\n<p>El segundo, destinado a la prosa, compuesto de relatos cortos, con presentaci\u00f3n, desarrollo y cl\u00edmax de lo narrado, nos muestra tambi\u00e9n variada tem\u00e1tica, a veces con un mensaje t\u00e1cito inserto para analizar y meditar\u2026<\/p>\n<p>Es IM\u00c1GENES, en gran medida, lo que cada uno ha transitado por la vida dejando a su paso risas y llanto\u2026<\/p>\n<p>Francisco Labarca, crece al amparo de una familia numerosa en un ambiente rural de la provincia curicana, donde las condiciones socioecon\u00f3micas eran un escollo para que prosperara la aspiraci\u00f3n de continuar capacit\u00e1ndose en las aulas y conocer el mundo a trav\u00e9s de la lectura y la imaginaci\u00f3n.<\/p>\n<p>Sin embargo, all\u00ed estaba la vocaci\u00f3n personificada conocida con el t\u00edtulo de Profesores Normalistas, samaritanos de la Educaci\u00f3n, quienes apoyaban e incentivaban m\u00e1s all\u00e1 de su competencia. Tuvo la fortuna el autor de encontrarse en aquella \u00e9poca donde la escuela y los maestros fueron la continuaci\u00f3n del hogar, logrando aprobar su Primaria en una Escuela P\u00fablica de la peque\u00f1a localidad, para luego proseguir la Secundaria en un colegio t\u00e9cnico de la ciudad de Curic\u00f3, de donde, al segundo a\u00f1o solicita su traslado a la Escuela Normal. All\u00ed sufre un cambio sus intereses y surge la afici\u00f3n por la lectura. La Biblioteca es una de sus mejores amigas haciendo volar su imaginaci\u00f3n y fantas\u00eda, garrapateando sus primeros conatos en letras y versos sueltos que se\u00a0 perdieron\u00a0 en\u00a0 el\u00a0\u00a0 tiempo\u2026 otros, que en su mente se cobijaron en lo m\u00e1s profundo de sus recuerdos y que ahora de ansias sus ojos asoman como tard\u00edo parto retenido&#8230;<\/p>\n<p>Hoy, en la tranquilidad del hogar y luego de haber cumplido laboralmente la docencia por m\u00e1s de cuatro d\u00e9cadas, renace en \u00e9l el deseo de expresar a trav\u00e9s de la pluma la afici\u00f3n dormida.<\/p>\n<p>&nbsp;<\/p>\n","protected":false},"excerpt":{"rendered":"<p>Fecha publicaci\u00f3n: Febrero 2021<\/p>\n<p>ISBN: 978-956-402-710-4<\/p>\n<p>P\u00e1ginas: 124<\/p>\n<p>Formato: 14 x 21.5 cm<\/p>\n<p>Valor: CLP<\/p>\n","protected":false},"featured_media":1454,"comment_status":"open","ping_status":"closed","template":"","meta":[],"product_brand":[],"product_cat":[122,181],"product_tag":[],"class_list":{"0":"post-1453","1":"product","2":"type-product","3":"status-publish","4":"has-post-thumbnail","6":"product_cat-122","7":"product_cat-catalogo","9":"first","10":"instock","11":"virtual","12":"taxable","13":"product-type-simple"},"_links":{"self":[{"href":"https:\/\/ppediciones.cl\/index.php?rest_route=\/wp\/v2\/product\/1453","targetHints":{"allow":["GET"]}}],"collection":[{"href":"https:\/\/ppediciones.cl\/index.php?rest_route=\/wp\/v2\/product"}],"about":[{"href":"https:\/\/ppediciones.cl\/index.php?rest_route=\/wp\/v2\/types\/product"}],"replies":[{"embeddable":true,"href":"https:\/\/ppediciones.cl\/index.php?rest_route=%2Fwp%2Fv2%2Fcomments&post=1453"}],"wp:featuredmedia":[{"embeddable":true,"href":"https:\/\/ppediciones.cl\/index.php?rest_route=\/wp\/v2\/media\/1454"}],"wp:attachment":[{"href":"https:\/\/ppediciones.cl\/index.php?rest_route=%2Fwp%2Fv2%2Fmedia&parent=1453"}],"wp:term":[{"taxonomy":"product_brand","embeddable":true,"href":"https:\/\/ppediciones.cl\/index.php?rest_route=%2Fwp%2Fv2%2Fproduct_brand&post=1453"},{"taxonomy":"product_cat","embeddable":true,"href":"https:\/\/ppediciones.cl\/index.php?rest_route=%2Fwp%2Fv2%2Fproduct_cat&post=1453"},{"taxonomy":"product_tag","embeddable":true,"href":"https:\/\/ppediciones.cl\/index.php?rest_route=%2Fwp%2Fv2%2Fproduct_tag&post=1453"}],"curies":[{"name":"wp","href":"https:\/\/api.w.org\/{rel}","templated":true}]}}