{"id":1455,"date":"2021-02-22T10:14:47","date_gmt":"2021-02-22T10:14:47","guid":{"rendered":"http:\/\/ppediciones.cl\/?post_type=product&#038;p=1455"},"modified":"2024-07-27T17:21:12","modified_gmt":"2024-07-27T17:21:12","slug":"pandemika-voces-literarias-femeninas","status":"publish","type":"product","link":"https:\/\/ppediciones.cl\/?product=pandemika-voces-literarias-femeninas","title":{"rendered":"Pand\u00e9mika | Voces Literarias Femeninas"},"content":{"rendered":"<p>PAND\u00c9MIKA, se ha confeccionado en momentos muy dif\u00edciles para el pa\u00eds y el mundo.<\/p>\n<p>Este tiempo de confinamiento, de aislamiento social, les permiti\u00f3 a sus autoras un periodo de introspecci\u00f3n y conexi\u00f3n con ellas mismas, lo que intentaron reflejar en este libro, a trav\u00e9s de la poes\u00eda. Sus vivencias, su visi\u00f3n de la sociedad, la fragilidad humana, el temor, pero tambi\u00e9n las alegr\u00edas y esperanzas.<\/p>\n<p>\u00bfC\u00f3mo revertir una situaci\u00f3n negativa en positiva desde el punto de vista de la creaci\u00f3n art\u00edstica? Cada relato, cada poes\u00eda, pretende ser un grito, una puerta de escape, un modo de canalizar nuestras energ\u00edas y sentimientos m\u00e1s profundos.<\/p>\n<p>Pandemika es una construcci\u00f3n literaria, que nace desde el rinc\u00f3n de soledad de cada autor, aunque siempre en sororidad y empat\u00eda hacia su entorno social. Tem\u00e1ticas como la violencia de g\u00e9nero, que se ha visto aumentada en este tiempo de pandemia, tambi\u00e9n se abordan en estas p\u00e1ginas.<\/p>\n<p>Durante meses, diez mujeres desnudaron su alma y en estados m\u00faltiples de paz, reposo, incertidumbre, fusionaron sus vivencias, se unieron en un ritmo, hilando a trav\u00e9s de las vocales y consonantes variados versos.<\/p>\n<p>Voces Literarias Femeninas VI Regi\u00f3n, re\u00fane a diez mujeres poetas y escritoras, de distintas generaciones y profesiones, unidas por el amor a la poes\u00eda, la escritura y la amistad en sororidad. Sus objetivos principales son: Fortalecer la palabra, la lectura, el desarrollo espiritual y personal y contribuir al acervo cultural de la regi\u00f3n O\u2019Higgins, su territorio.<\/p>\n<p>Han publicado tres libros: VOCES LITERARIAS FEMENINAS VI REGI\u00d3N (2019), ALMAS LIBERTARIAS (2020) y PAND\u00c9MIKA (2021).<\/p>\n","protected":false},"excerpt":{"rendered":"<p>Fecha publicaci\u00f3n: Marzo 2021<\/p>\n<p>ISBN: &#8211;<\/p>\n<p>P\u00e1ginas: 124<\/p>\n<p>Formato: 15 x 22 cm<\/p>\n<p>Valor: CLP<\/p>\n","protected":false},"featured_media":1456,"comment_status":"open","ping_status":"closed","template":"","meta":[],"product_brand":[],"product_cat":[122,181],"product_tag":[],"class_list":{"0":"post-1455","1":"product","2":"type-product","3":"status-publish","4":"has-post-thumbnail","6":"product_cat-122","7":"product_cat-catalogo","9":"first","10":"instock","11":"virtual","12":"taxable","13":"product-type-simple"},"_links":{"self":[{"href":"https:\/\/ppediciones.cl\/index.php?rest_route=\/wp\/v2\/product\/1455","targetHints":{"allow":["GET"]}}],"collection":[{"href":"https:\/\/ppediciones.cl\/index.php?rest_route=\/wp\/v2\/product"}],"about":[{"href":"https:\/\/ppediciones.cl\/index.php?rest_route=\/wp\/v2\/types\/product"}],"replies":[{"embeddable":true,"href":"https:\/\/ppediciones.cl\/index.php?rest_route=%2Fwp%2Fv2%2Fcomments&post=1455"}],"wp:featuredmedia":[{"embeddable":true,"href":"https:\/\/ppediciones.cl\/index.php?rest_route=\/wp\/v2\/media\/1456"}],"wp:attachment":[{"href":"https:\/\/ppediciones.cl\/index.php?rest_route=%2Fwp%2Fv2%2Fmedia&parent=1455"}],"wp:term":[{"taxonomy":"product_brand","embeddable":true,"href":"https:\/\/ppediciones.cl\/index.php?rest_route=%2Fwp%2Fv2%2Fproduct_brand&post=1455"},{"taxonomy":"product_cat","embeddable":true,"href":"https:\/\/ppediciones.cl\/index.php?rest_route=%2Fwp%2Fv2%2Fproduct_cat&post=1455"},{"taxonomy":"product_tag","embeddable":true,"href":"https:\/\/ppediciones.cl\/index.php?rest_route=%2Fwp%2Fv2%2Fproduct_tag&post=1455"}],"curies":[{"name":"wp","href":"https:\/\/api.w.org\/{rel}","templated":true}]}}