{"id":1466,"date":"2021-04-12T14:17:46","date_gmt":"2021-04-12T14:17:46","guid":{"rendered":"http:\/\/ppediciones.cl\/?post_type=product&#038;p=1466"},"modified":"2021-11-24T02:27:45","modified_gmt":"2021-11-24T02:27:45","slug":"cypsela-elizabeth-gayraud","status":"publish","type":"product","link":"https:\/\/ppediciones.cl\/?product=cypsela-elizabeth-gayraud","title":{"rendered":"Cypsela | Elizabeth Gayraud"},"content":{"rendered":"<p><em>Este poemario nace de la recopilaci\u00f3n de textos sueltos, escritos entre los a\u00f1os 2008 a 2010, fueron parte de mis diarios de vida esos a\u00f1os, per\u00edodo en el que estuve procesando varias p\u00e9rdidas\u2026 <\/em><\/p>\n<p><em>Un gran amor de juventud\u2026 algunas ilusiones\u2026 un divorcio\u2026\u00a0 las que m\u00e1s me marcaron: la muerte de Pap\u00e1 y Mam\u00e1. <\/em><\/p>\n<p><em>Se dice que los duelos sacan a la luz todos los duelos pendientes\u2026 Estos <\/em><em>22<\/em><em> poemas representan una cat\u00e1basis, un viaje de ida y vuelta a las profundidades de la psiquis, un proceso de sanaci\u00f3n, el dolor de la apertura de una semilla, la muerte del antiguo ser y la ansiedad de lo nuevo. <\/em><\/p>\n<p><em>Los reun\u00ed pensando que podr\u00edan ser material para alg\u00fan d\u00eda escribir un libro\u2026 Para ello, hube de revisar una decena de cuadernos, desechar programaciones semanales y listados de compras, la cita de un texto en la esquina de una hoja, el recordatorio de una reuni\u00f3n o pago pendiente\u2026 las descripciones de mis sue\u00f1os on\u00edricos\u2026 y muchas palabras usadas. <\/em><\/p>\n<p><em>Este \u00faltimo a\u00f1o, debido a la pandemia mundial y este obligado per\u00edodo de confinamiento, he tenido la oportunidad de retomar la escritura; ahora, desde la vivencia y exploraci\u00f3n corporal\u2026 el resultado de este contrapunto, 10 a\u00f1os despu\u00e9s, da forma y vida a este escrito\u2026<\/em><\/p>\n<p>Elizabeth Gayraud B\u00f3rquez nace el a\u00f1o 1977 en Lima, pronto emigra a la Patagonia Argentina y a los 7 a\u00f1os llega a vivir a Chile. Desde peque\u00f1a desarrolla el amor por la naturaleza, el silencio y la soledad.<\/p>\n<p>En la adolescencia, fruto de una decepci\u00f3n amorosa, se dedica a intentar aliviar el dolor de otr@s; estudia Educaci\u00f3n Social y trabaja con menores vulnerad@s en sus derechos.<\/p>\n<p>En la juventud acompa\u00f1a la muerte de su padre y madre, esto fue el motor de una b\u00fasqueda personal; estudia y se dedica a las Terapias Naturales, tambi\u00e9n al oficio del Arteterapia Corporal.<\/p>\n<p>A los 30 a\u00f1os un viaje al cuzco la acerca a las ense\u00f1anzas de los pueblos originarios; paralelamente encuentra el Budismo Zen. Con un grupo fundan una comunidad ecol\u00f3gica y trabaja con Mujeres.<\/p>\n<p>Luego llegan los Maestr@s: sus hij@s Valent\u00edn y Matilde; actualmente multiplica su tiempo entre la crianza de sus hij@s y el desarrollo de la escritura, el bordado, la danza terapia y el chikung.<\/p>\n<p>&nbsp;<\/p>\n<p>&nbsp;<\/p>\n","protected":false},"excerpt":{"rendered":"<p>Fecha publicaci\u00f3n: Abril 2021<\/p>\n<p>ISBN: 978-956-402-298-7<\/p>\n<p>P\u00e1ginas: 144<\/p>\n<p>Formato: 14 x 14 cm<\/p>\n<p>Valor: $ CLP<\/p>\n","protected":false},"featured_media":1467,"comment_status":"open","ping_status":"closed","template":"","meta":[],"product_brand":[],"product_cat":[122,181],"product_tag":[],"class_list":{"0":"post-1466","1":"product","2":"type-product","3":"status-publish","4":"has-post-thumbnail","6":"product_cat-122","7":"product_cat-catalogo","9":"first","10":"instock","11":"virtual","12":"taxable","13":"product-type-simple"},"_links":{"self":[{"href":"https:\/\/ppediciones.cl\/index.php?rest_route=\/wp\/v2\/product\/1466","targetHints":{"allow":["GET"]}}],"collection":[{"href":"https:\/\/ppediciones.cl\/index.php?rest_route=\/wp\/v2\/product"}],"about":[{"href":"https:\/\/ppediciones.cl\/index.php?rest_route=\/wp\/v2\/types\/product"}],"replies":[{"embeddable":true,"href":"https:\/\/ppediciones.cl\/index.php?rest_route=%2Fwp%2Fv2%2Fcomments&post=1466"}],"wp:featuredmedia":[{"embeddable":true,"href":"https:\/\/ppediciones.cl\/index.php?rest_route=\/wp\/v2\/media\/1467"}],"wp:attachment":[{"href":"https:\/\/ppediciones.cl\/index.php?rest_route=%2Fwp%2Fv2%2Fmedia&parent=1466"}],"wp:term":[{"taxonomy":"product_brand","embeddable":true,"href":"https:\/\/ppediciones.cl\/index.php?rest_route=%2Fwp%2Fv2%2Fproduct_brand&post=1466"},{"taxonomy":"product_cat","embeddable":true,"href":"https:\/\/ppediciones.cl\/index.php?rest_route=%2Fwp%2Fv2%2Fproduct_cat&post=1466"},{"taxonomy":"product_tag","embeddable":true,"href":"https:\/\/ppediciones.cl\/index.php?rest_route=%2Fwp%2Fv2%2Fproduct_tag&post=1466"}],"curies":[{"name":"wp","href":"https:\/\/api.w.org\/{rel}","templated":true}]}}