{"id":1470,"date":"2021-04-24T01:01:09","date_gmt":"2021-04-24T01:01:09","guid":{"rendered":"http:\/\/ppediciones.cl\/?post_type=product&#038;p=1470"},"modified":"2024-08-12T00:17:17","modified_gmt":"2024-08-12T00:17:17","slug":"xxii-encuentro-de-escritores-medicos-grupo-suenos","status":"publish","type":"product","link":"https:\/\/ppediciones.cl\/?product=xxii-encuentro-de-escritores-medicos-grupo-suenos","title":{"rendered":"XXII Encuentro de escritores m\u00e9dicos | Grupo Sue\u00f1os"},"content":{"rendered":"<p>El Grupo Sue\u00f1os, de m\u00e9dicos escritores, naci\u00f3 en Rancagua\u00a0 el 28\u00a0 de abril de 1999\u00a0 por iniciativa del Dr. Juan Villalobos Narbona,\u00a0 en ese momento director del Departamento de Arte y Cultura del Colegio M\u00e9dico Regional Rancagua, quien congreg\u00f3 a un peque\u00f1o grupo de colegas con inclinaciones literarias.\u00a0 El Dr. Villalobos fue durante a\u00f1os, y hasta su partida, miembro del grupo Los In\u00fatiles, creado por el insigne poeta rancag\u00fcino Oscar Castro, y fundado en los preceptos de camarader\u00eda que han servido de inspiraci\u00f3n al Grupo Sue\u00f1os.<\/p>\n<p>La agrupaci\u00f3n, que desde sus inicios ha funcionado sin directorio, sin normativa y sin listado oficial de integrantes, realiza al menos una reuni\u00f3n mayor al a\u00f1o -conocida como \u201cCongreso Nacional de M\u00e9dicos Escritores\u201d- en distintas locaciones de Chile, que se extiende por tres a cuatro d\u00edas, y en la que\u00a0 la declamaci\u00f3n y la lectura son pretextos para la convivencia y la reflexi\u00f3n, en un ambiente de sencillez y espontaneidad. Al finalizar cada encuentro se propone un encargado y una sede para el evento siguiente.<\/p>\n<p>Tras la primera reuni\u00f3n en Rancagua, se han realizado congresos en Valpara\u00edso, La Serena, Temuco, Ancud, Santiago, Vi\u00f1a del Mar, Talca, Los \u00c1ngeles, Coyhaique, Punta Arenas, Las Termas de Cauquenes, en la Sexta Regi\u00f3n, correspondiendo este a\u00f1o la localidad de Chill\u00e1n. El grupo ha participado tambi\u00e9n activamente en algunos congresos latinoamericanos fuera de Chile\u00a0 (Argentina,\u00a0 Guatemala y Colombia). Durante los eventos se comparte con escritores locales y se realizan sesiones de lectura, talleres, charlas, y visitas a lugares t\u00edpicos de la zona. Es\u00a0 costumbre que participen tambi\u00e9n otros profesionales de la salud y\u00a0 estudiantes de medicina.<\/p>\n<p>Se programan con cierta frecuencia reuniones supernumerarias, destacando un par de \u201ccurantos po\u00e9ticos\u201d en Chilo\u00e9, una paella po\u00e9tica en un bosque en Puc\u00f3n, un chacarero po\u00e9tico en Talagante,\u00a0 y cenas literarias al menos cada dos meses.<\/p>\n<p>Entre las obras concretas que van quedando para releer y compartir, en estos a\u00f1os se ha lanzado el \u201cPrimer Recitario Nacional\u201d, se cre\u00f3 la revista literaria \u201cInsomnio\u201d -de la que se han publicado siete n\u00fameros a la fecha- y cada encuentro anual produce el \u201cLibro del Congreso\u201d, que contiene los\u00a0 trabajos originales, como es el caso de esta obra que re\u00fane escritos de los participantes en el XXII Encuentro Nacional, que es adem\u00e1s el I Encuentro Online, a ra\u00edz de la pandemia, y que surge desde la ciudad de Temuco.<\/p>\n<p>Como objetivo permanente, el Grupo espera mantener la fidelidad de sus miembros, la regularidad de los eventos, motivar a m\u00e1s m\u00e9dicos escritores y amigos a participar, y a compartir sus visiones de la realidad y de la fantas\u00eda en prosa y en verso.<\/p>\n","protected":false},"excerpt":{"rendered":"<p>Fecha publicaci\u00f3n: Abril 2021<\/p>\n<p>ISBN: &#8211;<\/p>\n<p>P\u00e1ginas: 122<\/p>\n<p>Formato: 21.5 x 28 cm<\/p>\n<p>Valor: $ CLP<\/p>\n","protected":false},"featured_media":1471,"comment_status":"open","ping_status":"closed","template":"","meta":[],"product_brand":[],"product_cat":[122,181],"product_tag":[],"class_list":{"0":"post-1470","1":"product","2":"type-product","3":"status-publish","4":"has-post-thumbnail","6":"product_cat-122","7":"product_cat-catalogo","9":"first","10":"instock","11":"virtual","12":"taxable","13":"product-type-simple"},"_links":{"self":[{"href":"https:\/\/ppediciones.cl\/index.php?rest_route=\/wp\/v2\/product\/1470","targetHints":{"allow":["GET"]}}],"collection":[{"href":"https:\/\/ppediciones.cl\/index.php?rest_route=\/wp\/v2\/product"}],"about":[{"href":"https:\/\/ppediciones.cl\/index.php?rest_route=\/wp\/v2\/types\/product"}],"replies":[{"embeddable":true,"href":"https:\/\/ppediciones.cl\/index.php?rest_route=%2Fwp%2Fv2%2Fcomments&post=1470"}],"wp:featuredmedia":[{"embeddable":true,"href":"https:\/\/ppediciones.cl\/index.php?rest_route=\/wp\/v2\/media\/1471"}],"wp:attachment":[{"href":"https:\/\/ppediciones.cl\/index.php?rest_route=%2Fwp%2Fv2%2Fmedia&parent=1470"}],"wp:term":[{"taxonomy":"product_brand","embeddable":true,"href":"https:\/\/ppediciones.cl\/index.php?rest_route=%2Fwp%2Fv2%2Fproduct_brand&post=1470"},{"taxonomy":"product_cat","embeddable":true,"href":"https:\/\/ppediciones.cl\/index.php?rest_route=%2Fwp%2Fv2%2Fproduct_cat&post=1470"},{"taxonomy":"product_tag","embeddable":true,"href":"https:\/\/ppediciones.cl\/index.php?rest_route=%2Fwp%2Fv2%2Fproduct_tag&post=1470"}],"curies":[{"name":"wp","href":"https:\/\/api.w.org\/{rel}","templated":true}]}}