{"id":1472,"date":"2021-05-03T05:21:30","date_gmt":"2021-05-03T05:21:30","guid":{"rendered":"http:\/\/ppediciones.cl\/?post_type=product&#038;p=1472"},"modified":"2021-11-24T02:26:04","modified_gmt":"2021-11-24T02:26:04","slug":"revista-salud-lmental-4-veronica-garay-moffat","status":"publish","type":"product","link":"https:\/\/ppediciones.cl\/?product=revista-salud-lmental-4-veronica-garay-moffat","title":{"rendered":"Revista Salud LMental 4 | Ver\u00f3nica Garay Moffat"},"content":{"rendered":"<p>Revista anual hacia una salud mental integradora donde exista una apertura a diversos enfoques y planteamientos, dentro de lo que estudia la salud elemental, la psicolog\u00eda, la medicina, las ciencias sociales, la filosof\u00eda, el arteterapia, el psicodrama, la ecolog\u00eda y la medicina alternativa entre otras.<\/p>\n","protected":false},"excerpt":{"rendered":"<p>Fecha publicaci\u00f3n: Mayo 2021<\/p>\n<p>ISSN: 0719-9538<\/p>\n<p>P\u00e1ginas: 34<\/p>\n<p>Formato: 21.5 x 28 cm<\/p>\n<p>Valor: $\u00a0 CLP<\/p>\n","protected":false},"featured_media":1473,"comment_status":"open","ping_status":"closed","template":"","meta":[],"product_brand":[],"product_cat":[122,181],"product_tag":[],"class_list":{"0":"post-1472","1":"product","2":"type-product","3":"status-publish","4":"has-post-thumbnail","6":"product_cat-122","7":"product_cat-catalogo","9":"first","10":"instock","11":"virtual","12":"taxable","13":"product-type-simple"},"_links":{"self":[{"href":"https:\/\/ppediciones.cl\/index.php?rest_route=\/wp\/v2\/product\/1472","targetHints":{"allow":["GET"]}}],"collection":[{"href":"https:\/\/ppediciones.cl\/index.php?rest_route=\/wp\/v2\/product"}],"about":[{"href":"https:\/\/ppediciones.cl\/index.php?rest_route=\/wp\/v2\/types\/product"}],"replies":[{"embeddable":true,"href":"https:\/\/ppediciones.cl\/index.php?rest_route=%2Fwp%2Fv2%2Fcomments&post=1472"}],"wp:featuredmedia":[{"embeddable":true,"href":"https:\/\/ppediciones.cl\/index.php?rest_route=\/wp\/v2\/media\/1473"}],"wp:attachment":[{"href":"https:\/\/ppediciones.cl\/index.php?rest_route=%2Fwp%2Fv2%2Fmedia&parent=1472"}],"wp:term":[{"taxonomy":"product_brand","embeddable":true,"href":"https:\/\/ppediciones.cl\/index.php?rest_route=%2Fwp%2Fv2%2Fproduct_brand&post=1472"},{"taxonomy":"product_cat","embeddable":true,"href":"https:\/\/ppediciones.cl\/index.php?rest_route=%2Fwp%2Fv2%2Fproduct_cat&post=1472"},{"taxonomy":"product_tag","embeddable":true,"href":"https:\/\/ppediciones.cl\/index.php?rest_route=%2Fwp%2Fv2%2Fproduct_tag&post=1472"}],"curies":[{"name":"wp","href":"https:\/\/api.w.org\/{rel}","templated":true}]}}