{"id":1474,"date":"2021-05-10T11:59:36","date_gmt":"2021-05-10T11:59:36","guid":{"rendered":"http:\/\/ppediciones.cl\/?post_type=product&#038;p=1474"},"modified":"2023-11-27T18:42:29","modified_gmt":"2023-11-27T18:42:29","slug":"biografia-imprescriptible-armando-sanhueza-olea-1894-1937-fernando-sanhueza-olea","status":"publish","type":"product","link":"https:\/\/ppediciones.cl\/?product=biografia-imprescriptible-armando-sanhueza-olea-1894-1937-fernando-sanhueza-olea","title":{"rendered":"Biograf\u00eda imprescriptible: Armando Sanhueza L\u00edbano (1894 &#8211; 1937) | Fernando Sanhueza Olea  \u00a0"},"content":{"rendered":"<p>Esta es la biograf\u00eda de Armando Sanhueza L\u00edbano, 1896-1937, a trav\u00e9s de su entorno humano, pol\u00edtico; de sus cartas, sus escritos, fotos, sesiones esot\u00e9ricas y archivos de la \u00e9poca de su tr\u00e1gico desaparecimiento, siendo un tremendo golpe familiar, que lo pierde a \u00e9l, como esposo y padre, junto a su peque\u00f1a hija, Gloria Sanhueza Olea.<\/p>\n<p>84 a\u00f1os despu\u00e9s, un sobrino, Fernando Sanhueza Olea, es qui\u00e9n nos trae su historia al presente. Un accidente fatal, que el autor, en la distancia de los a\u00f1os, queda con una sensaci\u00f3n de duda de la investigaci\u00f3n y otros sucesos de esa d\u00e9cada convulsionada.<\/p>\n<p>Al piloto del avi\u00f3n siniestrado, teniente Arturo Marshall, se le recuerda en la base a\u00e9rea ant\u00e1rtica, y a Armando Sanhueza L\u00edbano, en el monumento en el cementerio magall\u00e1nico y en una calle que eterniza su nombre en Punta Arenas.<\/p>\n<p>Investigaci\u00f3n personal, que busca las huellas de un cercano antepasado, que tuvo un tr\u00e1gico destino, en un accidente a\u00e9reo olvidado. Conversaciones y martirios escuchados por a\u00f1os en el n\u00facleo familiar hasta estos tiempos.<\/p>\n<p>En la b\u00fasqueda de Armando Sanhueza L\u00edbano, hay personajes de la vida pol\u00edtica de la d\u00e9cada 1930, Marmaduke Grove, Domingo G\u00f3mez Rojas, el Cristo de los poetas, torturado y asesinado. Carlos Ib\u00e1\u00f1ez del Campo, su represi\u00f3n; Claudio Vicu\u00f1a Fuentes, Francisco Coloane, Jaime Galt\u00e9 y Pedro Aguirre Cerda; entidades esot\u00e9ricas, m\u00e9diums, don Juan de Acu\u00f1a, don Fernando de Arag\u00f3n; el general Ricardo Olea, mi abuelo; Armando, mi t\u00edo, Gustavo, mi padre y Mar\u00eda, mi madre en las fuentes, recortes y fotos.<\/p>\n<p>Armando Sanhueza L\u00edbano, fundador del Partido Radical de Punta Arenas y alcalde del Frente Popular, en ejercicio, cae en una \u00e9poca, en que las posiciones del frente de la guerra civil espa\u00f1ola, se presentan con violencia en la pol\u00edtica partidaria de Chile. Ven\u00eda de asumir importante cargo nacional de su partido.<\/p>\n","protected":false},"excerpt":{"rendered":"<p>Fecha publicaci\u00f3n: Julio 2021<\/p>\n<p>ISBN: 978-956-404-300-5<\/p>\n<p>P\u00e1ginas: 392<\/p>\n<p>Formato: 14 x 21.5 cm<\/p>\n","protected":false},"featured_media":1806,"comment_status":"open","ping_status":"closed","template":"","meta":[],"product_brand":[],"product_cat":[181],"product_tag":[],"class_list":{"0":"post-1474","1":"product","2":"type-product","3":"status-publish","4":"has-post-thumbnail","6":"product_cat-catalogo","8":"first","9":"instock","10":"taxable","11":"shipping-taxable","12":"product-type-simple"},"_links":{"self":[{"href":"https:\/\/ppediciones.cl\/index.php?rest_route=\/wp\/v2\/product\/1474","targetHints":{"allow":["GET"]}}],"collection":[{"href":"https:\/\/ppediciones.cl\/index.php?rest_route=\/wp\/v2\/product"}],"about":[{"href":"https:\/\/ppediciones.cl\/index.php?rest_route=\/wp\/v2\/types\/product"}],"replies":[{"embeddable":true,"href":"https:\/\/ppediciones.cl\/index.php?rest_route=%2Fwp%2Fv2%2Fcomments&post=1474"}],"wp:featuredmedia":[{"embeddable":true,"href":"https:\/\/ppediciones.cl\/index.php?rest_route=\/wp\/v2\/media\/1806"}],"wp:attachment":[{"href":"https:\/\/ppediciones.cl\/index.php?rest_route=%2Fwp%2Fv2%2Fmedia&parent=1474"}],"wp:term":[{"taxonomy":"product_brand","embeddable":true,"href":"https:\/\/ppediciones.cl\/index.php?rest_route=%2Fwp%2Fv2%2Fproduct_brand&post=1474"},{"taxonomy":"product_cat","embeddable":true,"href":"https:\/\/ppediciones.cl\/index.php?rest_route=%2Fwp%2Fv2%2Fproduct_cat&post=1474"},{"taxonomy":"product_tag","embeddable":true,"href":"https:\/\/ppediciones.cl\/index.php?rest_route=%2Fwp%2Fv2%2Fproduct_tag&post=1474"}],"curies":[{"name":"wp","href":"https:\/\/api.w.org\/{rel}","templated":true}]}}