{"id":1815,"date":"2021-08-22T23:02:19","date_gmt":"2021-08-22T23:02:19","guid":{"rendered":"http:\/\/ppediciones.cl\/?post_type=product&#038;p=1815"},"modified":"2022-01-04T18:23:42","modified_gmt":"2022-01-04T18:23:42","slug":"incertidumbre-marianela-riquelme-castro","status":"publish","type":"product","link":"https:\/\/ppediciones.cl\/?product=incertidumbre-marianela-riquelme-castro","title":{"rendered":"Incertidumbre | Marianela Riquelme Castro"},"content":{"rendered":"<p>\u201cCuando leer y escribir es una necesidad mental y espiritual, en cada hecho o cosa que vives, ves algo que muchas veces los dem\u00e1s no ven. As\u00ed van surgiendo pensamientos, sentimientos, ideas que brotan con la misma facilidad que las plantas, a veces con una rapidez que no se alcanza a retener en la misma forma que aparecieron, cambiando su intencionalidad. En todo caso, es un goce del alma que da alegr\u00eda, paz, amor, para entregarlo a todos y todas quienes deseen recibirlo y disfrutarlo\u201d.<\/p>\n<p>A Marianela Riquelme Castro, oriunda de Rancagua, desde muy ni\u00f1a le gust\u00f3 escribir poes\u00edas y libretos para los actos escolares. Su educaci\u00f3n b\u00e1sica la hizo en el Rancagua College y la media en el liceo Mar\u00eda Luisa Bombal. Despu\u00e9s de recibirse de profesora en la normal n\u00famero uno, ejerci\u00f3 en diversos colegios, terminando en el colegio Eduardo De Geyter. Si bien de esto ya hace mucho tiempo, la vocaci\u00f3n de ense\u00f1ar siempre la ha mantenido viva. Incertidumbre es su sexto libro tras publicar \u201cDesde m\u00ed\u201d (2007), \u201cHaik\u00fa, poes\u00eda de la naturaleza\u201d (2019), \u201cDestellos\u201d (2019), \u201cRememoranzas\u201d (2020) y \u201cHuellas\u201d (2020).<\/p>\n<p>&nbsp;<\/p>\n","protected":false},"excerpt":{"rendered":"<p>Fecha publicaci\u00f3n: Marzo 2021<\/p>\n<p>P\u00e1ginas: 46<\/p>\n<p>Formato: 14 x 21.5 cm<\/p>\n<p>Valor: CLP<\/p>\n","protected":false},"featured_media":1816,"comment_status":"open","ping_status":"closed","template":"","meta":[],"product_brand":[],"product_cat":[122,181],"product_tag":[],"class_list":{"0":"post-1815","1":"product","2":"type-product","3":"status-publish","4":"has-post-thumbnail","6":"product_cat-122","7":"product_cat-catalogo","9":"first","10":"instock","11":"taxable","12":"shipping-taxable","13":"product-type-simple"},"_links":{"self":[{"href":"https:\/\/ppediciones.cl\/index.php?rest_route=\/wp\/v2\/product\/1815","targetHints":{"allow":["GET"]}}],"collection":[{"href":"https:\/\/ppediciones.cl\/index.php?rest_route=\/wp\/v2\/product"}],"about":[{"href":"https:\/\/ppediciones.cl\/index.php?rest_route=\/wp\/v2\/types\/product"}],"replies":[{"embeddable":true,"href":"https:\/\/ppediciones.cl\/index.php?rest_route=%2Fwp%2Fv2%2Fcomments&post=1815"}],"wp:featuredmedia":[{"embeddable":true,"href":"https:\/\/ppediciones.cl\/index.php?rest_route=\/wp\/v2\/media\/1816"}],"wp:attachment":[{"href":"https:\/\/ppediciones.cl\/index.php?rest_route=%2Fwp%2Fv2%2Fmedia&parent=1815"}],"wp:term":[{"taxonomy":"product_brand","embeddable":true,"href":"https:\/\/ppediciones.cl\/index.php?rest_route=%2Fwp%2Fv2%2Fproduct_brand&post=1815"},{"taxonomy":"product_cat","embeddable":true,"href":"https:\/\/ppediciones.cl\/index.php?rest_route=%2Fwp%2Fv2%2Fproduct_cat&post=1815"},{"taxonomy":"product_tag","embeddable":true,"href":"https:\/\/ppediciones.cl\/index.php?rest_route=%2Fwp%2Fv2%2Fproduct_tag&post=1815"}],"curies":[{"name":"wp","href":"https:\/\/api.w.org\/{rel}","templated":true}]}}