{"id":1821,"date":"2021-08-30T20:32:00","date_gmt":"2021-08-30T20:32:00","guid":{"rendered":"http:\/\/ppediciones.cl\/?post_type=product&#038;p=1821"},"modified":"2024-08-02T22:03:58","modified_gmt":"2024-08-02T22:03:58","slug":"regresion-somatica-boris-galvez-llanten","status":"publish","type":"product","link":"https:\/\/ppediciones.cl\/?product=regresion-somatica-boris-galvez-llanten","title":{"rendered":"Regresi\u00f3n som\u00e1tica | Boris G\u00e1lvez Llant\u00e9n"},"content":{"rendered":"<p>Boris Orlando G\u00e1lvez Llant\u00e9n, Kinesi\u00f3logo de profesi\u00f3n. Desde el a\u00f1o 2012 es co-director del instituto Prana Kine, siendo uno de los pioneros de la kinesiolog\u00eda integrativa en Chile. Se ha especializado en osteopat\u00eda, acupuntura, regresiones, yoga, chi kung, entre otras herramientas terap\u00e9uticas, lo que complementa con su pr\u00e1ctica cl\u00ednica.<\/p>\n<p>Desde hace 8 a\u00f1os entra en contacto con la medicina Shipiba Coniba, inici\u00e1ndose en el curanderismo vegetalista. Es autor del libro \u201cla danza del \u00e1guila (2015)\u201d y \u201cla madre serpiente de la selva (2019)\u201d.<\/p>\n<p>Regresi\u00f3n som\u00e1tica se inspira en una visi\u00f3n cham\u00e1nica en la selva peruana junto a las dietas vegetalista con plantas enteogenas. Desde ah\u00ed el autor une el aprendizaje cham\u00e1nico junto a las experiencias cl\u00ednicas de la hipnosis regresiva.<\/p>\n<p>El cerrar los ojos y entrar en nuestro mundo interior ha sido parte de muchas tradiciones ancestrales. Al parecer el ser humano se ha perdido en su propio viaje. Regresi\u00f3n som\u00e1tica nos invita a retornar a nuestras aguas m\u00e1s profundas para expandir la consciencia y encontrarnos.<\/p>\n","protected":false},"excerpt":{"rendered":"<p>Fecha publicaci\u00f3n: Febrero 2021<\/p>\n<p>ISBN: 978-956-402-709-8<\/p>\n<p>P\u00e1ginas: 134<\/p>\n<p>Formato: 14.8 x 21 cm<\/p>\n<p>Valor: CLP<\/p>\n","protected":false},"featured_media":1438,"comment_status":"open","ping_status":"closed","template":"","meta":[],"product_brand":[],"product_cat":[122,181],"product_tag":[],"class_list":{"0":"post-1821","1":"product","2":"type-product","3":"status-publish","4":"has-post-thumbnail","6":"product_cat-122","7":"product_cat-catalogo","9":"first","10":"instock","11":"taxable","12":"shipping-taxable","13":"product-type-simple"},"_links":{"self":[{"href":"https:\/\/ppediciones.cl\/index.php?rest_route=\/wp\/v2\/product\/1821","targetHints":{"allow":["GET"]}}],"collection":[{"href":"https:\/\/ppediciones.cl\/index.php?rest_route=\/wp\/v2\/product"}],"about":[{"href":"https:\/\/ppediciones.cl\/index.php?rest_route=\/wp\/v2\/types\/product"}],"replies":[{"embeddable":true,"href":"https:\/\/ppediciones.cl\/index.php?rest_route=%2Fwp%2Fv2%2Fcomments&post=1821"}],"wp:featuredmedia":[{"embeddable":true,"href":"https:\/\/ppediciones.cl\/index.php?rest_route=\/wp\/v2\/media\/1438"}],"wp:attachment":[{"href":"https:\/\/ppediciones.cl\/index.php?rest_route=%2Fwp%2Fv2%2Fmedia&parent=1821"}],"wp:term":[{"taxonomy":"product_brand","embeddable":true,"href":"https:\/\/ppediciones.cl\/index.php?rest_route=%2Fwp%2Fv2%2Fproduct_brand&post=1821"},{"taxonomy":"product_cat","embeddable":true,"href":"https:\/\/ppediciones.cl\/index.php?rest_route=%2Fwp%2Fv2%2Fproduct_cat&post=1821"},{"taxonomy":"product_tag","embeddable":true,"href":"https:\/\/ppediciones.cl\/index.php?rest_route=%2Fwp%2Fv2%2Fproduct_tag&post=1821"}],"curies":[{"name":"wp","href":"https:\/\/api.w.org\/{rel}","templated":true}]}}