{"id":1895,"date":"2021-11-19T20:34:40","date_gmt":"2021-11-19T20:34:40","guid":{"rendered":"https:\/\/ppediciones.cl\/?post_type=product&#038;p=1895"},"modified":"2022-03-10T14:49:59","modified_gmt":"2022-03-10T14:49:59","slug":"mensajera-del-cosmos-carmen-laborde-escritos-de-magdaluna-magda-canales","status":"publish","type":"product","link":"https:\/\/ppediciones.cl\/?product=mensajera-del-cosmos-carmen-laborde-escritos-de-magdaluna-magda-canales","title":{"rendered":"Mensajera del Cosmos | Carmen Laborde"},"content":{"rendered":"<p>Carmen Laborde Pi\u00f1a, Carmensol, es educadora por vocaci\u00f3n, trabajadora cultural y narradora oral. Gracias a las letras ha viajado por el mundo, llevando regalos de palabras, tanto en Am\u00e9rica como Europa, siendo nominada Congresal de la palabra, Quijote de las letras, Embajadora de la met\u00e1fora y la Paz, entre otros est\u00edmulos. Su obra ha sido antologada y publicada tanto en Chile como en el extranjero.<\/p>\n<p>&nbsp;<\/p>\n<p>&nbsp;<\/p>\n<p>&nbsp;<\/p>\n<p>&nbsp;<\/p>\n<p>&nbsp;<\/p>\n<p>&nbsp;<\/p>\n<p>.<\/p>\n","protected":false},"excerpt":{"rendered":"<p>Fecha publicaci\u00f3n: noviembre 2021<\/p>\n<p>ISBN: &#8211;<\/p>\n<p>P\u00e1ginas: 80<\/p>\n<p>Formato: 14 x 21.5 cm<\/p>\n<p>Valor: $ CLP<\/p>\n","protected":false},"featured_media":1902,"comment_status":"open","ping_status":"closed","template":"","meta":[],"product_brand":[],"product_cat":[122,181],"product_tag":[],"class_list":{"0":"post-1895","1":"product","2":"type-product","3":"status-publish","4":"has-post-thumbnail","6":"product_cat-122","7":"product_cat-catalogo","9":"first","10":"instock","11":"taxable","12":"shipping-taxable","13":"product-type-simple"},"_links":{"self":[{"href":"https:\/\/ppediciones.cl\/index.php?rest_route=\/wp\/v2\/product\/1895","targetHints":{"allow":["GET"]}}],"collection":[{"href":"https:\/\/ppediciones.cl\/index.php?rest_route=\/wp\/v2\/product"}],"about":[{"href":"https:\/\/ppediciones.cl\/index.php?rest_route=\/wp\/v2\/types\/product"}],"replies":[{"embeddable":true,"href":"https:\/\/ppediciones.cl\/index.php?rest_route=%2Fwp%2Fv2%2Fcomments&post=1895"}],"wp:featuredmedia":[{"embeddable":true,"href":"https:\/\/ppediciones.cl\/index.php?rest_route=\/wp\/v2\/media\/1902"}],"wp:attachment":[{"href":"https:\/\/ppediciones.cl\/index.php?rest_route=%2Fwp%2Fv2%2Fmedia&parent=1895"}],"wp:term":[{"taxonomy":"product_brand","embeddable":true,"href":"https:\/\/ppediciones.cl\/index.php?rest_route=%2Fwp%2Fv2%2Fproduct_brand&post=1895"},{"taxonomy":"product_cat","embeddable":true,"href":"https:\/\/ppediciones.cl\/index.php?rest_route=%2Fwp%2Fv2%2Fproduct_cat&post=1895"},{"taxonomy":"product_tag","embeddable":true,"href":"https:\/\/ppediciones.cl\/index.php?rest_route=%2Fwp%2Fv2%2Fproduct_tag&post=1895"}],"curies":[{"name":"wp","href":"https:\/\/api.w.org\/{rel}","templated":true}]}}