{"id":1914,"date":"2021-11-23T04:03:39","date_gmt":"2021-11-23T04:03:39","guid":{"rendered":"https:\/\/ppediciones.cl\/?post_type=product&#038;p=1914"},"modified":"2023-05-31T21:23:46","modified_gmt":"2023-05-31T21:23:46","slug":"agenda-antologia-artistica-2022-varios-autores","status":"publish","type":"product","link":"https:\/\/ppediciones.cl\/?product=agenda-antologia-artistica-2022-varios-autores","title":{"rendered":"Agenda Antolog\u00eda Art\u00edstica 2022 | Varios autores"},"content":{"rendered":"<p>Por sexto a\u00f1o consecutivo y a partir de las exitosas ediciones anteriores, Primeros Pasos Ediciones presenta la Agenda Antolog\u00eda Art\u00edstica en su versi\u00f3n 2021, edici\u00f3n especial 20\u00b0 aniversario, que convoca a escritores y artistas visuales de la regi\u00f3n y el pa\u00eds, con el fin de continuar difundiendo y masificando su arte, mientras se organiza el d\u00eda a d\u00eda.<\/p>\n<p>En esta oportunidad se presentan \u00c1ngela Barrera, Francisca Vidal, Gerardo \u00c1lvarez, Irem Toal, Esteban Valenzuela, Luis Weinstein, Mario Labr\u00edn, Leandro Sep\u00falveda, Malvina Sald\u00edas, Samuel Barros, T\u00e1bata Santib\u00e1\u00f1ez, Juan Emilio Herrera, Paloma Valenzuela, Rosa Ch\u00e1vez, Fernando Sanhueza, F\u00e9lix Lizana, Gladys Zapata, Isel Bola\u00f1os, Cecilia Compagnon, Ivonne D\u00edaz, El\u00edzabeth Gayraud, Rebeca Erce, Cecilia Ch\u00e1vez, Jos\u00e9 Cort\u00e9s, Gloria Vitoria, Gisella Ram\u00edrez, Gloria Toro, Magdalena Villavicencio, Marco Medina, Marianela Riquelme, Marina Marchant, Esteban Peluffo, Pac\u00edfico Carrasco, Ivo Sazunic, Nancy Parraguez, Gilda P\u00e9rez, Oscar Cabello, Mar\u00eda Ang\u00e9lica V\u00e1squez, Mar\u00eda Antonieta Massera y Valerio Gonz\u00e1lez.<\/p>\n<p>&nbsp;<\/p>\n<p>&nbsp;<\/p>\n<p>&nbsp;<\/p>\n<p>&nbsp;<\/p>\n<p>&nbsp;<\/p>\n<p>&nbsp;<\/p>\n<p>.<\/p>\n","protected":false},"excerpt":{"rendered":"<p>Fecha publicaci\u00f3n: noviembre 2021<\/p>\n<p>ISBN: &#8211;<\/p>\n<p>P\u00e1ginas:<\/p>\n<p>Formato: 14 x 21.5 cm<\/p>\n<p>Valor: $ CLP<\/p>\n","protected":false},"featured_media":1915,"comment_status":"open","ping_status":"closed","template":"","meta":[],"product_brand":[],"product_cat":[15],"product_tag":[],"class_list":{"0":"post-1914","1":"product","2":"type-product","3":"status-publish","4":"has-post-thumbnail","6":"product_cat-sin-categoria","8":"first","9":"outofstock","10":"taxable","11":"shipping-taxable","12":"purchasable","13":"product-type-simple"},"_links":{"self":[{"href":"https:\/\/ppediciones.cl\/index.php?rest_route=\/wp\/v2\/product\/1914","targetHints":{"allow":["GET"]}}],"collection":[{"href":"https:\/\/ppediciones.cl\/index.php?rest_route=\/wp\/v2\/product"}],"about":[{"href":"https:\/\/ppediciones.cl\/index.php?rest_route=\/wp\/v2\/types\/product"}],"replies":[{"embeddable":true,"href":"https:\/\/ppediciones.cl\/index.php?rest_route=%2Fwp%2Fv2%2Fcomments&post=1914"}],"wp:featuredmedia":[{"embeddable":true,"href":"https:\/\/ppediciones.cl\/index.php?rest_route=\/wp\/v2\/media\/1915"}],"wp:attachment":[{"href":"https:\/\/ppediciones.cl\/index.php?rest_route=%2Fwp%2Fv2%2Fmedia&parent=1914"}],"wp:term":[{"taxonomy":"product_brand","embeddable":true,"href":"https:\/\/ppediciones.cl\/index.php?rest_route=%2Fwp%2Fv2%2Fproduct_brand&post=1914"},{"taxonomy":"product_cat","embeddable":true,"href":"https:\/\/ppediciones.cl\/index.php?rest_route=%2Fwp%2Fv2%2Fproduct_cat&post=1914"},{"taxonomy":"product_tag","embeddable":true,"href":"https:\/\/ppediciones.cl\/index.php?rest_route=%2Fwp%2Fv2%2Fproduct_tag&post=1914"}],"curies":[{"name":"wp","href":"https:\/\/api.w.org\/{rel}","templated":true}]}}