{"id":1925,"date":"2021-12-12T23:01:13","date_gmt":"2021-12-12T23:01:13","guid":{"rendered":"https:\/\/ppediciones.cl\/?post_type=product&#038;p=1925"},"modified":"2022-03-10T14:51:07","modified_gmt":"2022-03-10T14:51:07","slug":"la-madre-serpiete-de-la-selva-boris-galvez-llanten","status":"publish","type":"product","link":"https:\/\/ppediciones.cl\/?product=la-madre-serpiete-de-la-selva-boris-galvez-llanten","title":{"rendered":"La madre serpiente de la selva | Boris G\u00e1lvez Llant\u00e9n"},"content":{"rendered":"<p>\u201cLa Madre serpiente de la selva: experiencias con la ayahuasca\u201d es el segundo libro de Boris G\u00e1lvez Llant\u00e9n, en \u00e9l nos relata su experiencia con chamanes (curanderos) del pueblo shipibo-conibo, ubicado en la Amazon\u00eda peruana, a orillas del r\u00edo Ucayali.<\/p>\n<p>Inspirado desde los ecos de la selva, el autor observ\u00f3 su alma danzar en letras fosforescentes y serpentiantes, escuchando el cielo y la tierra sagrada, fue guiado hacia la escritura compartiendo sus experiencias y profundo aprendizaje con las plantas maestras, dietas cham\u00e1nicas y la cosmovisi\u00f3n ind\u00edgena.<\/p>\n<p>Boris Orlando G\u00e1lvez Llant\u00e9n, Kinesi\u00f3logo y Oste\u00f3pata de profesi\u00f3n. Desde el a\u00f1o 2012 es co-director del instituto Prana Kine, siendo uno de los pioneros de la kinesiolog\u00eda integrativa en Chile. Es presidente de la sociedad cient\u00edfica de kinesiolog\u00eda integrativa. Se ha especializado en osteopat\u00eda, acupuntura, regresiones, yoga, chi kung, entre otras herramientas terap\u00e9uticas, lo que complementa con su pr\u00e1ctica cl\u00ednica. Desde hace 8 a\u00f1os entra en contacto con la medicina Shipiba Coniba, inici\u00e1ndose en el curanderismo vegetalista. Es autor del libro \u201cla danza del \u00e1guila (2015)\u201d, \u201cla madre serpiente de la selva (2019)\u201d y regresi\u00f3n som\u00e1tica&#8221; (2021).<\/p>\n<p>&nbsp;<\/p>\n<p>&nbsp;<\/p>\n<p>&nbsp;<\/p>\n<p>&nbsp;<\/p>\n<p>&nbsp;<\/p>\n<p>&nbsp;<\/p>\n<p>&nbsp;<\/p>\n<p>.<\/p>\n","protected":false},"excerpt":{"rendered":"<p>Fecha publicaci\u00f3n: enero 2022 (3ra edici\u00f3n)<\/p>\n<p>ISBN: 978-956-382-006-5<\/p>\n<p>P\u00e1ginas: 160<\/p>\n<p>Formato: 14 x 21.5 cm<\/p>\n<p>Valor: $ CLP<\/p>\n","protected":false},"featured_media":1926,"comment_status":"open","ping_status":"closed","template":"","meta":[],"product_brand":[],"product_cat":[122,181],"product_tag":[],"class_list":{"0":"post-1925","1":"product","2":"type-product","3":"status-publish","4":"has-post-thumbnail","6":"product_cat-122","7":"product_cat-catalogo","9":"first","10":"instock","11":"taxable","12":"shipping-taxable","13":"product-type-simple"},"_links":{"self":[{"href":"https:\/\/ppediciones.cl\/index.php?rest_route=\/wp\/v2\/product\/1925","targetHints":{"allow":["GET"]}}],"collection":[{"href":"https:\/\/ppediciones.cl\/index.php?rest_route=\/wp\/v2\/product"}],"about":[{"href":"https:\/\/ppediciones.cl\/index.php?rest_route=\/wp\/v2\/types\/product"}],"replies":[{"embeddable":true,"href":"https:\/\/ppediciones.cl\/index.php?rest_route=%2Fwp%2Fv2%2Fcomments&post=1925"}],"wp:featuredmedia":[{"embeddable":true,"href":"https:\/\/ppediciones.cl\/index.php?rest_route=\/wp\/v2\/media\/1926"}],"wp:attachment":[{"href":"https:\/\/ppediciones.cl\/index.php?rest_route=%2Fwp%2Fv2%2Fmedia&parent=1925"}],"wp:term":[{"taxonomy":"product_brand","embeddable":true,"href":"https:\/\/ppediciones.cl\/index.php?rest_route=%2Fwp%2Fv2%2Fproduct_brand&post=1925"},{"taxonomy":"product_cat","embeddable":true,"href":"https:\/\/ppediciones.cl\/index.php?rest_route=%2Fwp%2Fv2%2Fproduct_cat&post=1925"},{"taxonomy":"product_tag","embeddable":true,"href":"https:\/\/ppediciones.cl\/index.php?rest_route=%2Fwp%2Fv2%2Fproduct_tag&post=1925"}],"curies":[{"name":"wp","href":"https:\/\/api.w.org\/{rel}","templated":true}]}}