{"id":2082,"date":"2022-03-29T15:09:41","date_gmt":"2022-03-29T15:09:41","guid":{"rendered":"https:\/\/ppediciones.cl\/?post_type=product&#038;p=2082"},"modified":"2024-06-05T21:45:07","modified_gmt":"2024-06-05T21:45:07","slug":"cada-tema-con-su-loco-juan-garcia-diaz","status":"publish","type":"product","link":"https:\/\/ppediciones.cl\/?product=cada-tema-con-su-loco-juan-garcia-diaz","title":{"rendered":"Cada tema con su loco | Juan Garc\u00eda D\u00edaz"},"content":{"rendered":"<p>En \u00e1nimo, y bien entendido que es necesario dejar otras huellas en el camino distintas a la m\u00fasica, le nace al autor de esta obra, la idea de plasmar en una reuni\u00f3n de letras, palabras y frases estas vivencias que encierran un c\u00famulo de ideas, difusas por momentos, pero cargadas de sinceridad y verdades, ciento y miles de veces dichas con ciertos eufemismos pero que al transcurso del tiempo le dieron vida y m\u00e1s ganas de hacer realidad esto que ha sido su sue\u00f1o, para que cuando justamente la vida sea en otra instancia, otros ojos puedan recorrer estas l\u00edneas en ese apresuramiento l\u00f3gico que despierta la curiosidad argumentando y pregunt\u00e1ndose \u00bfqu\u00e9 habr\u00e1 escrito este viejo? Y tal vez con seguridad cambie su posici\u00f3n en esa fr\u00eda tumba, se regocije de felicidad y le sonr\u00eda al buen Dios.<\/p>\n<p>Juan Garc\u00eda D\u00edaz, Contador Auditor de la Universidad Arturo Prat, naci\u00f3 en Vicu\u00f1a por all\u00e1 por el a\u00f1o 50. Fue integrante de conjuntos musicales importantes en la Regi\u00f3n de Coquimbo, lo que desencaden\u00f3 m\u00faltiples viajes dentro y fuera del pa\u00eds, y grabaciones en sellos como el RCA V\u00edctor.<\/p>\n<p>&nbsp;<\/p>\n<p>&nbsp;<\/p>\n<p>&nbsp;<\/p>\n<p>&nbsp;<\/p>\n<p>&nbsp;<\/p>\n<p>&nbsp;<\/p>\n<p>.<\/p>\n","protected":false},"excerpt":{"rendered":"<p>Fecha publicaci\u00f3n: abril 2022<\/p>\n<p>ISBN: &#8211;<\/p>\n<p>P\u00e1ginas: 168<\/p>\n<p>Formato: 14 x 21.5 cm<\/p>\n<p>Valor: $ CLP<\/p>\n","protected":false},"featured_media":2083,"comment_status":"open","ping_status":"closed","template":"","meta":[],"product_brand":[],"product_cat":[183,181,74],"product_tag":[],"class_list":{"0":"post-2082","1":"product","2":"type-product","3":"status-publish","4":"has-post-thumbnail","6":"product_cat-183","7":"product_cat-catalogo","8":"product_cat-novedades","10":"first","11":"instock","12":"taxable","13":"shipping-taxable","14":"product-type-simple"},"_links":{"self":[{"href":"https:\/\/ppediciones.cl\/index.php?rest_route=\/wp\/v2\/product\/2082","targetHints":{"allow":["GET"]}}],"collection":[{"href":"https:\/\/ppediciones.cl\/index.php?rest_route=\/wp\/v2\/product"}],"about":[{"href":"https:\/\/ppediciones.cl\/index.php?rest_route=\/wp\/v2\/types\/product"}],"replies":[{"embeddable":true,"href":"https:\/\/ppediciones.cl\/index.php?rest_route=%2Fwp%2Fv2%2Fcomments&post=2082"}],"wp:featuredmedia":[{"embeddable":true,"href":"https:\/\/ppediciones.cl\/index.php?rest_route=\/wp\/v2\/media\/2083"}],"wp:attachment":[{"href":"https:\/\/ppediciones.cl\/index.php?rest_route=%2Fwp%2Fv2%2Fmedia&parent=2082"}],"wp:term":[{"taxonomy":"product_brand","embeddable":true,"href":"https:\/\/ppediciones.cl\/index.php?rest_route=%2Fwp%2Fv2%2Fproduct_brand&post=2082"},{"taxonomy":"product_cat","embeddable":true,"href":"https:\/\/ppediciones.cl\/index.php?rest_route=%2Fwp%2Fv2%2Fproduct_cat&post=2082"},{"taxonomy":"product_tag","embeddable":true,"href":"https:\/\/ppediciones.cl\/index.php?rest_route=%2Fwp%2Fv2%2Fproduct_tag&post=2082"}],"curies":[{"name":"wp","href":"https:\/\/api.w.org\/{rel}","templated":true}]}}