{"id":2361,"date":"2023-07-02T01:25:47","date_gmt":"2023-07-02T01:25:47","guid":{"rendered":"https:\/\/ppediciones.cl\/?post_type=product&#038;p=2361"},"modified":"2023-07-02T01:30:22","modified_gmt":"2023-07-02T01:30:22","slug":"trenes-varios-autores-graneros","status":"publish","type":"product","link":"https:\/\/ppediciones.cl\/?product=trenes-varios-autores-graneros","title":{"rendered":"Trenes | Varios autores (Graneros)"},"content":{"rendered":"<p>TRENES es un libro escrito por quince autores cuyos textos en prosa o po\u00e9ticos evocan la nostalgia de los viajes, la experiencia de haber vivido el recorrido en tren como una aventura, como una revelaci\u00f3n, como una experiencia fabulosa e infantil.<\/p>\n<p>El tren es m\u00e1s que un medio de transporte,\u00a0es vida irrepetible de un pasajero en inspiraci\u00f3n que ve pasar tras la ventanilla un c\u00famulo de emociones, una trasgresi\u00f3n, de s\u00ed mismo transportado por los rieles a la velocidad de aquella m\u00e1quina dejando tras\u00a0de s\u00ed: pueblos, gente, paisajes&#8230;<\/p>\n<p>&nbsp;<\/p>\n<p><u>Autores:<\/u><\/p>\n<p>Waldo L. Parra<\/p>\n<p>Alejandra Guerra<\/p>\n<p>Emilio Campos<\/p>\n<p>Alex Olea<\/p>\n<p>Gonzalo Rojo<\/p>\n<p>Aquiles R\u00edos Parra (Aripa)<\/p>\n<p>Carlos Cea<\/p>\n<p>Ivonne D\u00edaz<\/p>\n<p>Alejandra Espinoza<\/p>\n<p>Julio Buamscha<\/p>\n<p>H\u00e9ctor Caba\u00f1a<\/p>\n<p>Yasmina Troncoso<\/p>\n<p>Juan Carlos Ruiz<\/p>\n<p>Marco Rom\u00e1n<\/p>\n<p>Esteban Valenzuela<\/p>\n<p>&nbsp;<\/p>\n<p>&nbsp;<\/p>\n<p>&nbsp;<\/p>\n<p>&nbsp;<\/p>\n<p>&nbsp;<\/p>\n<p>&nbsp;<\/p>\n<p>.<\/p>\n","protected":false},"excerpt":{"rendered":"<p>Fecha publicaci\u00f3n: junio 2023<\/p>\n<p>ISBN: 978-956-414-626-3<\/p>\n<p>P\u00e1ginas: 176<\/p>\n<p>Formato: 15 x 22 cm<\/p>\n","protected":false},"featured_media":2363,"comment_status":"open","ping_status":"closed","template":"","meta":[],"product_brand":[],"product_cat":[187],"product_tag":[],"class_list":{"0":"post-2361","1":"product","2":"type-product","3":"status-publish","4":"has-post-thumbnail","6":"product_cat-187","8":"first","9":"instock","10":"taxable","11":"shipping-taxable","12":"product-type-simple"},"_links":{"self":[{"href":"https:\/\/ppediciones.cl\/index.php?rest_route=\/wp\/v2\/product\/2361","targetHints":{"allow":["GET"]}}],"collection":[{"href":"https:\/\/ppediciones.cl\/index.php?rest_route=\/wp\/v2\/product"}],"about":[{"href":"https:\/\/ppediciones.cl\/index.php?rest_route=\/wp\/v2\/types\/product"}],"replies":[{"embeddable":true,"href":"https:\/\/ppediciones.cl\/index.php?rest_route=%2Fwp%2Fv2%2Fcomments&post=2361"}],"wp:featuredmedia":[{"embeddable":true,"href":"https:\/\/ppediciones.cl\/index.php?rest_route=\/wp\/v2\/media\/2363"}],"wp:attachment":[{"href":"https:\/\/ppediciones.cl\/index.php?rest_route=%2Fwp%2Fv2%2Fmedia&parent=2361"}],"wp:term":[{"taxonomy":"product_brand","embeddable":true,"href":"https:\/\/ppediciones.cl\/index.php?rest_route=%2Fwp%2Fv2%2Fproduct_brand&post=2361"},{"taxonomy":"product_cat","embeddable":true,"href":"https:\/\/ppediciones.cl\/index.php?rest_route=%2Fwp%2Fv2%2Fproduct_cat&post=2361"},{"taxonomy":"product_tag","embeddable":true,"href":"https:\/\/ppediciones.cl\/index.php?rest_route=%2Fwp%2Fv2%2Fproduct_tag&post=2361"}],"curies":[{"name":"wp","href":"https:\/\/api.w.org\/{rel}","templated":true}]}}