{"id":2373,"date":"2023-07-06T04:03:37","date_gmt":"2023-07-06T04:03:37","guid":{"rendered":"https:\/\/ppediciones.cl\/?post_type=product&#038;p=2373"},"modified":"2023-07-10T03:18:11","modified_gmt":"2023-07-10T03:18:11","slug":"el-tiempo-de-los-naranjos-marta-elena-duran","status":"publish","type":"product","link":"https:\/\/ppediciones.cl\/?product=el-tiempo-de-los-naranjos-marta-elena-duran","title":{"rendered":"El tiempo de los naranjos | Marta Elena Dur\u00e1n"},"content":{"rendered":"<p>\u00bfEs posible atravesar y transformar la vivencia del abuso en liberaci\u00f3n y en amor? S\u00ed, s\u00ed lo es, y la experiencia de mujeres valientes como Marta as\u00ed lo corroboran. Cuando trasciendes tu propia historia y te entregas al servicio de algo m\u00e1s trascendente, cuando aceptas vivir el proceso con consciencia, cuando alzas tu mirada con vista de \u00e1guila, puedes llegar a comprender que hay una \u201csabidur\u00eda mayor\u201d, que hay un sentido profundo para todo. Pero para llegar a sentir esta comprensi\u00f3n profunda, es necesario mirar adentro, limpiar, pulir, transformar y atravesar el dolor y el sufrimiento, es una oportunidad para sacar lo mejor de ti, y es as\u00ed como puedes inspirar a otros, asimismo podemos entre todos, crear una masa cr\u00edtica suficiente que apoye el despertar de la consciencia, y pueda transmutar el trauma en amor. El abuso tiene muchas formas, desde lo individual a lo colectivo. La humanidad ha pasado por momentos donde el abuso ha sido muy evidente, pero tambi\u00e9n est\u00e1 el abuso m\u00e1s sutil que cometemos sobre nosotros mismos, cuando no nos escuchamos, cuando no atendemos nuestras necesidades m\u00e1s profundas, cuando entregamos el poder a \u201cotros\u201d. Esta es nuestra responsabilidad como seres humanos, aqu\u00ed, en la tierra, que clama consciencia, que nos pide que dejemos de abusar de ella tambi\u00e9n. Para ello es imprescindible tomar las riendas de nuestra vida y responsabilizarnos, aportando lo mejor que tenemos, nuestra conexi\u00f3n con nuestra alma, con todo lo que existe, con el amor que somos.\u00a0 Un camino que puede parecer complicado, pero cuando lo transitas con consciencia y apertura, se convierte en un camino que nos lleva a la liberaci\u00f3n y al amor.<\/p>\n<p>&nbsp;<\/p>\n<p>.<\/p>\n","protected":false},"excerpt":{"rendered":"<p>Fecha publicaci\u00f3n: mayo 2023<\/p>\n<p>ISBN: 978-980-18-2615-6<\/p>\n<p>P\u00e1ginas: 186<\/p>\n<p>Formato: 14 x 21.5 cm<\/p>\n","protected":false},"featured_media":2371,"comment_status":"open","ping_status":"closed","template":"","meta":[],"product_brand":[],"product_cat":[183],"product_tag":[],"class_list":{"0":"post-2373","1":"product","2":"type-product","3":"status-publish","4":"has-post-thumbnail","6":"product_cat-183","8":"first","9":"instock","10":"taxable","11":"shipping-taxable","12":"product-type-simple"},"_links":{"self":[{"href":"https:\/\/ppediciones.cl\/index.php?rest_route=\/wp\/v2\/product\/2373","targetHints":{"allow":["GET"]}}],"collection":[{"href":"https:\/\/ppediciones.cl\/index.php?rest_route=\/wp\/v2\/product"}],"about":[{"href":"https:\/\/ppediciones.cl\/index.php?rest_route=\/wp\/v2\/types\/product"}],"replies":[{"embeddable":true,"href":"https:\/\/ppediciones.cl\/index.php?rest_route=%2Fwp%2Fv2%2Fcomments&post=2373"}],"wp:featuredmedia":[{"embeddable":true,"href":"https:\/\/ppediciones.cl\/index.php?rest_route=\/wp\/v2\/media\/2371"}],"wp:attachment":[{"href":"https:\/\/ppediciones.cl\/index.php?rest_route=%2Fwp%2Fv2%2Fmedia&parent=2373"}],"wp:term":[{"taxonomy":"product_brand","embeddable":true,"href":"https:\/\/ppediciones.cl\/index.php?rest_route=%2Fwp%2Fv2%2Fproduct_brand&post=2373"},{"taxonomy":"product_cat","embeddable":true,"href":"https:\/\/ppediciones.cl\/index.php?rest_route=%2Fwp%2Fv2%2Fproduct_cat&post=2373"},{"taxonomy":"product_tag","embeddable":true,"href":"https:\/\/ppediciones.cl\/index.php?rest_route=%2Fwp%2Fv2%2Fproduct_tag&post=2373"}],"curies":[{"name":"wp","href":"https:\/\/api.w.org\/{rel}","templated":true}]}}