{"id":2376,"date":"2023-07-10T03:28:05","date_gmt":"2023-07-10T03:28:05","guid":{"rendered":"https:\/\/ppediciones.cl\/?post_type=product&#038;p=2376"},"modified":"2023-07-10T03:34:15","modified_gmt":"2023-07-10T03:34:15","slug":"desde-mi-3a-edicion-marianela-riquelme-castro","status":"publish","type":"product","link":"https:\/\/ppediciones.cl\/?product=desde-mi-3a-edicion-marianela-riquelme-castro","title":{"rendered":"Desde mi (3a edici\u00f3n) | Marianela Riquelme Castro"},"content":{"rendered":"<p>A Marianela Riquelme Castro, oriunda de Rancagua, desde muy ni\u00f1a le gust\u00f3 escribir poes\u00edas y libretos para los actos escolares. Su educaci\u00f3n b\u00e1sica la hizo en el Rancagua College y la media en el liceo Mar\u00eda Luisa Bombal. Despu\u00e9s de recibirse de profesora en La Normal n\u00famero uno, ejerci\u00f3 en diversos colegios, terminando en el colegio Eduardo De Geyter. Si bien de esto ya hace mucho tiempo, la vocaci\u00f3n de ense\u00f1ar siempre la ha mantenido viva. Este es su d\u00e9cimo segundo libro tras publicar \u201cDesde m\u00ed\u201d (2007), \u201cHaik\u00fa, poes\u00eda de la naturaleza\u201d (2019), \u201cDestellos\u201d (2019), \u201cRememoranzas\u201d (2020), \u201cHuellas\u201d (2020), \u201cIncertidumbre\u201d (2021), \u201cLazos\u201d (2021), \u201cCielo y tierra\u201d (2022), \u201cDespu\u00e9s de la vida\u201d (2022), \u201cAlegr\u00edas y tristezas\u201d y \u201cAlegr\u00edas sin retorno\u201d (2023)<\/p>\n<p>&nbsp;<\/p>\n<p>.<\/p>\n","protected":false},"excerpt":{"rendered":"<p>Fecha publicaci\u00f3n: mayo 2023<\/p>\n<p>ISBN: &#8211;<\/p>\n<p>P\u00e1ginas: 86<\/p>\n<p>Formato: 14 x 21.5 cm<\/p>\n","protected":false},"featured_media":2378,"comment_status":"open","ping_status":"closed","template":"","meta":[],"product_brand":[],"product_cat":[187],"product_tag":[],"class_list":{"0":"post-2376","1":"product","2":"type-product","3":"status-publish","4":"has-post-thumbnail","6":"product_cat-187","8":"first","9":"instock","10":"taxable","11":"shipping-taxable","12":"product-type-simple"},"_links":{"self":[{"href":"https:\/\/ppediciones.cl\/index.php?rest_route=\/wp\/v2\/product\/2376","targetHints":{"allow":["GET"]}}],"collection":[{"href":"https:\/\/ppediciones.cl\/index.php?rest_route=\/wp\/v2\/product"}],"about":[{"href":"https:\/\/ppediciones.cl\/index.php?rest_route=\/wp\/v2\/types\/product"}],"replies":[{"embeddable":true,"href":"https:\/\/ppediciones.cl\/index.php?rest_route=%2Fwp%2Fv2%2Fcomments&post=2376"}],"wp:featuredmedia":[{"embeddable":true,"href":"https:\/\/ppediciones.cl\/index.php?rest_route=\/wp\/v2\/media\/2378"}],"wp:attachment":[{"href":"https:\/\/ppediciones.cl\/index.php?rest_route=%2Fwp%2Fv2%2Fmedia&parent=2376"}],"wp:term":[{"taxonomy":"product_brand","embeddable":true,"href":"https:\/\/ppediciones.cl\/index.php?rest_route=%2Fwp%2Fv2%2Fproduct_brand&post=2376"},{"taxonomy":"product_cat","embeddable":true,"href":"https:\/\/ppediciones.cl\/index.php?rest_route=%2Fwp%2Fv2%2Fproduct_cat&post=2376"},{"taxonomy":"product_tag","embeddable":true,"href":"https:\/\/ppediciones.cl\/index.php?rest_route=%2Fwp%2Fv2%2Fproduct_tag&post=2376"}],"curies":[{"name":"wp","href":"https:\/\/api.w.org\/{rel}","templated":true}]}}