{"id":2389,"date":"2023-07-13T03:48:44","date_gmt":"2023-07-13T03:48:44","guid":{"rendered":"https:\/\/ppediciones.cl\/?post_type=product&#038;p=2389"},"modified":"2023-07-13T04:13:03","modified_gmt":"2023-07-13T04:13:03","slug":"resiliencia-voces-literarias-femeninas","status":"publish","type":"product","link":"https:\/\/ppediciones.cl\/?product=resiliencia-voces-literarias-femeninas","title":{"rendered":"Resiliencia | Voces literarias femeninas"},"content":{"rendered":"<p>RESILIENCIA describe el impulso de la entra\u00f1a de seguir adelante. Derriba la inercia de la est\u00e1tica paralizada por temores retr\u00f3grados.<\/p>\n<p>Nos ponemos de pie ante el valor de cada uno de esos ojos perdidos, pero abiertos.<\/p>\n<p>Nos ponemos de pie ante la injusticia. Nos ponemos de pie ante el desgano de una cr\u00edtica vac\u00eda y ego\u00edsta\u2026 Nos ponemos de pie con RESILIENCIA.<\/p>\n<p>Con RESILIENCIA, tal vez es esa nuestra utop\u00eda, desde la resignaci\u00f3n, la paciencia, esa fuerza interior que nos permite reinventarnos, componer las cosas, regenerarnos.<\/p>\n<p>Ah\u00ed vamos juntas y m\u00e1s unidas que nunca, con una intensidad natural, como nuestra madre naturaleza nos ha mostrado en cada primavera, en cada renacer despu\u00e9s de una cat\u00e1strofe, somos tan fecundas, de libre existencia frente a las limitaciones que nos impone la sociedad, somos rebeldes, creemos en la libertad, creemos en la verdad, en el amor en todos sus colores y contrastes.<\/p>\n<p>Ha sido un a\u00f1o dif\u00edcil, lleno de incertidumbres, miedos, p\u00e9rdidas importantes, problemas familiares\u2026etc.<\/p>\n<p>Buscamos la sabidur\u00eda, herramienta continua para la RESILIENCIA, aunque sea el caso un laberinto, tenemos la br\u00fajula, la pasi\u00f3n por todo lo que hacemos, la felicidad que la imaginaci\u00f3n nos regala, aunque sea un instante, una estrella fugaz llegando al horizonte, ah\u00ed estamos, abrazando eso tan lindo que nos hace tan bien. Voces Literarias Femeninas de la VI Regi\u00f3n hemos descubierto, adem\u00e1s, desde nuestras memorias, que la ret\u00f3rica de nuestros versos nos da ese complemento vital que m\u00e1s all\u00e1 de la RESILIENCIA\u2026est\u00e1 la trascendencia, ya que dejamos a otras mujeres un mensaje esperanzador, pues es por medio del arte que vive en nuestras vidas, que podemos seguir adelante en nuestro diario vivir, la creaci\u00f3n es un complemento directo, bals\u00e1mico, que felizmente podemos abrazar en nuestros peores momentos.<\/p>\n<p>Resurgimos de las cenizas para restablecer la energ\u00eda recuperada. Recordar las fortalezas de anta\u00f1o. Reivindicar las letan\u00edas. Reconocer que estamos vivas. Reanudar el espiral existencial. Revisar cada cap\u00edtulo. Restaurar las trizaduras del alma. Reaccionar con iniciativa. Retroceder un paso, s\u00f3lo para tomar m\u00e1s impulso. Repartir sonrisas para cada \u00e9poca del a\u00f1o. Responder con la mirada. Romper el silencio y ALZAR LA VOZ\u2026<\/p>\n<p>\u00a1La Revoluci\u00f3n est\u00e1 presente d\u00eda a d\u00eda!<\/p>\n<p>Respeta, Respira, Transmuta.<\/p>\n<p>Resiste, Respira\u2026 con calma<\/p>\n<p>Reposa, Espera, Aguarda<\/p>\n<p>Renace, Florece, Transforma<\/p>\n<p>Eres Resiliencia.<\/p>\n","protected":false},"excerpt":{"rendered":"<p>Fecha publicaci\u00f3n: marzo 2023<\/p>\n<p>ISBN: 978-956-414-413-9<\/p>\n<p>P\u00e1ginas: 104<\/p>\n<p>Formato: 15 x 22 cm<\/p>\n","protected":false},"featured_media":2391,"comment_status":"open","ping_status":"closed","template":"","meta":[],"product_brand":[],"product_cat":[187],"product_tag":[],"class_list":{"0":"post-2389","1":"product","2":"type-product","3":"status-publish","4":"has-post-thumbnail","6":"product_cat-187","8":"first","9":"instock","10":"taxable","11":"shipping-taxable","12":"product-type-simple"},"_links":{"self":[{"href":"https:\/\/ppediciones.cl\/index.php?rest_route=\/wp\/v2\/product\/2389","targetHints":{"allow":["GET"]}}],"collection":[{"href":"https:\/\/ppediciones.cl\/index.php?rest_route=\/wp\/v2\/product"}],"about":[{"href":"https:\/\/ppediciones.cl\/index.php?rest_route=\/wp\/v2\/types\/product"}],"replies":[{"embeddable":true,"href":"https:\/\/ppediciones.cl\/index.php?rest_route=%2Fwp%2Fv2%2Fcomments&post=2389"}],"wp:featuredmedia":[{"embeddable":true,"href":"https:\/\/ppediciones.cl\/index.php?rest_route=\/wp\/v2\/media\/2391"}],"wp:attachment":[{"href":"https:\/\/ppediciones.cl\/index.php?rest_route=%2Fwp%2Fv2%2Fmedia&parent=2389"}],"wp:term":[{"taxonomy":"product_brand","embeddable":true,"href":"https:\/\/ppediciones.cl\/index.php?rest_route=%2Fwp%2Fv2%2Fproduct_brand&post=2389"},{"taxonomy":"product_cat","embeddable":true,"href":"https:\/\/ppediciones.cl\/index.php?rest_route=%2Fwp%2Fv2%2Fproduct_cat&post=2389"},{"taxonomy":"product_tag","embeddable":true,"href":"https:\/\/ppediciones.cl\/index.php?rest_route=%2Fwp%2Fv2%2Fproduct_tag&post=2389"}],"curies":[{"name":"wp","href":"https:\/\/api.w.org\/{rel}","templated":true}]}}