{"id":2393,"date":"2023-07-14T05:07:43","date_gmt":"2023-07-14T05:07:43","guid":{"rendered":"https:\/\/ppediciones.cl\/?post_type=product&#038;p=2393"},"modified":"2023-07-19T14:25:36","modified_gmt":"2023-07-19T14:25:36","slug":"antes-del-olvido-fernando-cifuentes","status":"publish","type":"product","link":"https:\/\/ppediciones.cl\/?product=antes-del-olvido-fernando-cifuentes","title":{"rendered":"Antes del olvido | Fernando Cifuentes"},"content":{"rendered":"<p>Las Brigadas de Polic\u00eda Forestal nacieron en Chile, en la presidencia de don Jorge Alessandri Rodr\u00edguez en octubre de 1962 y depend\u00edan del O.S.5 de Carabineros de Chile.\u00a0 Conaf naci\u00f3 mucho despu\u00e9s, en la presidencia de don Salvador Allende Gossens, en abril de 1973.<\/p>\n<p>\u201cAntes del olvido\u201d, m\u00e1s que una propuesta literaria, es un compromiso con la historia del pueblo de San Francisco de Mostazal, en la regi\u00f3n del Libertador Bernardo O\u2019Higgins R. All\u00ed, hace m\u00e1s de cincuenta y siete a\u00f1os, se instal\u00f3 la tragedia en un incendio forestal que Cifuentes L\u00f3pez desempolva en un acucioso trabajo investigativo.<\/p>\n","protected":false},"excerpt":{"rendered":"<p>Fecha publicaci\u00f3n: marzo 2023<\/p>\n<p>ISBN: &#8211;<\/p>\n<p>P\u00e1ginas: 82<\/p>\n<p>Formato: 14 x 21.5 cm<\/p>\n","protected":false},"featured_media":2397,"comment_status":"open","ping_status":"closed","template":"","meta":[],"product_brand":[],"product_cat":[187],"product_tag":[],"class_list":{"0":"post-2393","1":"product","2":"type-product","3":"status-publish","4":"has-post-thumbnail","6":"product_cat-187","8":"first","9":"instock","10":"taxable","11":"shipping-taxable","12":"product-type-simple"},"_links":{"self":[{"href":"https:\/\/ppediciones.cl\/index.php?rest_route=\/wp\/v2\/product\/2393","targetHints":{"allow":["GET"]}}],"collection":[{"href":"https:\/\/ppediciones.cl\/index.php?rest_route=\/wp\/v2\/product"}],"about":[{"href":"https:\/\/ppediciones.cl\/index.php?rest_route=\/wp\/v2\/types\/product"}],"replies":[{"embeddable":true,"href":"https:\/\/ppediciones.cl\/index.php?rest_route=%2Fwp%2Fv2%2Fcomments&post=2393"}],"wp:featuredmedia":[{"embeddable":true,"href":"https:\/\/ppediciones.cl\/index.php?rest_route=\/wp\/v2\/media\/2397"}],"wp:attachment":[{"href":"https:\/\/ppediciones.cl\/index.php?rest_route=%2Fwp%2Fv2%2Fmedia&parent=2393"}],"wp:term":[{"taxonomy":"product_brand","embeddable":true,"href":"https:\/\/ppediciones.cl\/index.php?rest_route=%2Fwp%2Fv2%2Fproduct_brand&post=2393"},{"taxonomy":"product_cat","embeddable":true,"href":"https:\/\/ppediciones.cl\/index.php?rest_route=%2Fwp%2Fv2%2Fproduct_cat&post=2393"},{"taxonomy":"product_tag","embeddable":true,"href":"https:\/\/ppediciones.cl\/index.php?rest_route=%2Fwp%2Fv2%2Fproduct_tag&post=2393"}],"curies":[{"name":"wp","href":"https:\/\/api.w.org\/{rel}","templated":true}]}}