{"id":2394,"date":"2023-07-14T05:08:18","date_gmt":"2023-07-14T05:08:18","guid":{"rendered":"https:\/\/ppediciones.cl\/?post_type=product&#038;p=2394"},"modified":"2023-07-19T14:27:21","modified_gmt":"2023-07-19T14:27:21","slug":"alegrias-sin-retorno-marianela-castro-riquelme","status":"publish","type":"product","link":"https:\/\/ppediciones.cl\/?product=alegrias-sin-retorno-marianela-castro-riquelme","title":{"rendered":"Alegr\u00edas sin retorno | Marianela Castro Riquelme"},"content":{"rendered":"<p>El ser humano siempre se ha movido entre alegr\u00edas y tristezas, tratando de lograr el tan anhelado equilibrio para el transcurrir de la vida; en este estado los seres se desempe\u00f1an en todos los \u00e1mbitos en forma ecu\u00e1nime, justa y en beneficio de todos y todas.<\/p>\n<p>En la realidad del diario vivir no ocurre est\u00e1 armon\u00eda, sino que prima la una o la otra provocando el desequilibrio con grandes diferencias entre unos y otros seres y lugares donde se desempe\u00f1an.<\/p>\n<p>Si todo fuera alegr\u00eda el ambiente se transformar\u00eda en algo liviano, sin la seriedad requerida para cada situaci\u00f3n a vivir.<\/p>\n<p>Si todo fuera tristeza el ambiente ser\u00eda silencioso, las miradas de todos y cada uno indefinidas tratando de no mostrar la melancol\u00eda que las aqueja.<\/p>\n<p>Tristezas y alegr\u00edas son necesarias e importantes, m\u00e1s enriquecedora es la vivencia.<\/p>\n<p>Una vida sin estos sentimientos permite que el ser humano tenga una personalidad desconcertante con reacciones confusas a indecisas, provoc\u00e1ndole dificultades para tomar decisiones claras, precisas y determinantes.<\/p>\n<p>Cada alegr\u00eda o tristeza que vivimos no vuelven a repetirse; los hechos podr\u00e1n repetirse, pero el momento, la motivaci\u00f3n y el sentimiento es otra en distintos tiempos, lugares e intenciones.<\/p>\n<p>Leer y escribir versos, poemas y cuentos permiten conocer mundos, verdades y ambientes variados que llevan a so\u00f1ar con universos llenos de nobles sentimientos que permiten creer en un mundo pleno en comprensi\u00f3n, paz y amor.<\/p>\n<p>Cuando me vaya anhelo llevarme recuerdos buenos y malos para analizar mis acciones con el pr\u00f3jimo y darme cuenta si merec\u00eda vivir en un mundo que me dio todo para ser feliz: familia, hijos y amigos.<\/p>\n","protected":false},"excerpt":{"rendered":"<p>Fecha publicaci\u00f3n: marzo 2023<\/p>\n<p>ISBN: &#8211;<\/p>\n<p>P\u00e1ginas: 44<\/p>\n<p>Formato: 14 x 21.5 cm<\/p>\n","protected":false},"featured_media":2395,"comment_status":"open","ping_status":"closed","template":"","meta":[],"product_brand":[],"product_cat":[187],"product_tag":[],"class_list":{"0":"post-2394","1":"product","2":"type-product","3":"status-publish","4":"has-post-thumbnail","6":"product_cat-187","8":"first","9":"instock","10":"taxable","11":"shipping-taxable","12":"product-type-simple"},"_links":{"self":[{"href":"https:\/\/ppediciones.cl\/index.php?rest_route=\/wp\/v2\/product\/2394","targetHints":{"allow":["GET"]}}],"collection":[{"href":"https:\/\/ppediciones.cl\/index.php?rest_route=\/wp\/v2\/product"}],"about":[{"href":"https:\/\/ppediciones.cl\/index.php?rest_route=\/wp\/v2\/types\/product"}],"replies":[{"embeddable":true,"href":"https:\/\/ppediciones.cl\/index.php?rest_route=%2Fwp%2Fv2%2Fcomments&post=2394"}],"wp:featuredmedia":[{"embeddable":true,"href":"https:\/\/ppediciones.cl\/index.php?rest_route=\/wp\/v2\/media\/2395"}],"wp:attachment":[{"href":"https:\/\/ppediciones.cl\/index.php?rest_route=%2Fwp%2Fv2%2Fmedia&parent=2394"}],"wp:term":[{"taxonomy":"product_brand","embeddable":true,"href":"https:\/\/ppediciones.cl\/index.php?rest_route=%2Fwp%2Fv2%2Fproduct_brand&post=2394"},{"taxonomy":"product_cat","embeddable":true,"href":"https:\/\/ppediciones.cl\/index.php?rest_route=%2Fwp%2Fv2%2Fproduct_cat&post=2394"},{"taxonomy":"product_tag","embeddable":true,"href":"https:\/\/ppediciones.cl\/index.php?rest_route=%2Fwp%2Fv2%2Fproduct_tag&post=2394"}],"curies":[{"name":"wp","href":"https:\/\/api.w.org\/{rel}","templated":true}]}}