{"id":2399,"date":"2023-07-20T02:37:45","date_gmt":"2023-07-20T02:37:45","guid":{"rendered":"https:\/\/ppediciones.cl\/?post_type=product&#038;p=2399"},"modified":"2023-07-20T02:39:16","modified_gmt":"2023-07-20T02:39:16","slug":"nidus-pablo-chacon","status":"publish","type":"product","link":"https:\/\/ppediciones.cl\/?product=nidus-pablo-chacon","title":{"rendered":"Nidus | Pablo Chac\u00f3n"},"content":{"rendered":"<p>\u201cNidus\u201d palabra en lat\u00edn que significa Nido.\u00a0 As\u00ed como las aves lo tienen en la naturaleza, cada uno de nosotros tiene un espacio en que nos sentimos seguros y protegidos. En ese nido encontramos comprensi\u00f3n y apoyo en lo triste, y alegr\u00eda en los buenos momentos. Es un testigo tambi\u00e9n del paso del tiempo y como vamos cambiando.<\/p>\n<p>Este libro es mi nido que quiero compartirlo, aqu\u00ed se muestra mi refugio en que el paso del tiempo con sus flores y espinas dieron fruto en poes\u00edas. Te invito a conocer, pero sobre todo a sentir p\u00e1gina a p\u00e1gina este lugar amoroso y seguro.<\/p>\n<p>&nbsp;<\/p>\n<p>\u201cY aprend\u00ed de ti mientras gasto m\u00ed tiempo en versos,<\/p>\n<p>que somos uno y somos todos.<\/p>\n<p>Que vamos juntos aprendiendo y creciendo,<\/p>\n<p>rearm\u00e1ndonos como jarros rotos de mismos lodos\u201d.<\/p>\n<p><strong>\u00a0<\/strong><\/p>\n","protected":false},"excerpt":{"rendered":"<p>Fecha publicaci\u00f3n: febrero 2023<\/p>\n<p>ISBN: 978-956-414-412-2<\/p>\n<p>P\u00e1ginas: 66<\/p>\n<p>Formato: 14 x 21.5 cm<\/p>\n","protected":false},"featured_media":2396,"comment_status":"open","ping_status":"closed","template":"","meta":[],"product_brand":[],"product_cat":[187],"product_tag":[],"class_list":{"0":"post-2399","1":"product","2":"type-product","3":"status-publish","4":"has-post-thumbnail","6":"product_cat-187","8":"first","9":"instock","10":"taxable","11":"shipping-taxable","12":"product-type-simple"},"_links":{"self":[{"href":"https:\/\/ppediciones.cl\/index.php?rest_route=\/wp\/v2\/product\/2399","targetHints":{"allow":["GET"]}}],"collection":[{"href":"https:\/\/ppediciones.cl\/index.php?rest_route=\/wp\/v2\/product"}],"about":[{"href":"https:\/\/ppediciones.cl\/index.php?rest_route=\/wp\/v2\/types\/product"}],"replies":[{"embeddable":true,"href":"https:\/\/ppediciones.cl\/index.php?rest_route=%2Fwp%2Fv2%2Fcomments&post=2399"}],"wp:featuredmedia":[{"embeddable":true,"href":"https:\/\/ppediciones.cl\/index.php?rest_route=\/wp\/v2\/media\/2396"}],"wp:attachment":[{"href":"https:\/\/ppediciones.cl\/index.php?rest_route=%2Fwp%2Fv2%2Fmedia&parent=2399"}],"wp:term":[{"taxonomy":"product_brand","embeddable":true,"href":"https:\/\/ppediciones.cl\/index.php?rest_route=%2Fwp%2Fv2%2Fproduct_brand&post=2399"},{"taxonomy":"product_cat","embeddable":true,"href":"https:\/\/ppediciones.cl\/index.php?rest_route=%2Fwp%2Fv2%2Fproduct_cat&post=2399"},{"taxonomy":"product_tag","embeddable":true,"href":"https:\/\/ppediciones.cl\/index.php?rest_route=%2Fwp%2Fv2%2Fproduct_tag&post=2399"}],"curies":[{"name":"wp","href":"https:\/\/api.w.org\/{rel}","templated":true}]}}