{"id":2406,"date":"2023-07-23T18:35:31","date_gmt":"2023-07-23T18:35:31","guid":{"rendered":"https:\/\/ppediciones.cl\/?post_type=product&#038;p=2406"},"modified":"2023-07-23T18:42:45","modified_gmt":"2023-07-23T18:42:45","slug":"nina-bonita-mariano-del-valle","status":"publish","type":"product","link":"https:\/\/ppediciones.cl\/?product=nina-bonita-mariano-del-valle","title":{"rendered":"Ni\u00f1a bonita | Mariano del Valle"},"content":{"rendered":"<p>Mariano del Valle es un poeta innato de la regi\u00f3n de O\u2019Higgins, que desde muy joven se dio cuenta que ten\u00eda sensibilidad para identificar la belleza femenina, tanto f\u00edsica como espiritual, valorando lo que ellas pueden anhelar, como sentirse amadas y respetadas, en especial en su libertad para elegir y pensar.<\/p>\n<p>Es decir, no ha sido inspirado precisamente por una mujer de cuerpo perfecto, sino por lo que logra infundir por medio de su mirada, su sonrisa, lo que piensa, lo que dice, c\u00f3mo lo expresa, y que por medio de\u00a0\u00a0 su\u00a0\u00a0 belleza\u00a0\u00a0 interior enamora.<\/p>\n<p>Descubri\u00f3 con el tiempo, que pod\u00eda expresar esa sensibilidad por medio de la escritura, lo cual le signific\u00f3 un alivio, para no consumirse tanto en sus pensamientos y lograr la paz al plasmarlos en un papel, acopiando una serie de poemas de experiencias propias, ajenas o imaginadas, que fue clasificando para convertirse en varias obras que presentar\u00e1 a modo de colecci\u00f3n como \u201cEpisodios Po\u00e9ticos\u201d, que van desde su juventud hasta su edad adulta.<\/p>\n","protected":false},"excerpt":{"rendered":"<p>Fecha publicaci\u00f3n: julio 2023<\/p>\n<p>ISBN: &#8211;<\/p>\n<p>P\u00e1ginas: 58<\/p>\n<p>Formato: 10.5 x 14 cm<\/p>\n<p>&nbsp;<\/p>\n<p>&nbsp;<\/p>\n","protected":false},"featured_media":2407,"comment_status":"open","ping_status":"closed","template":"","meta":[],"product_brand":[],"product_cat":[187],"product_tag":[],"class_list":{"0":"post-2406","1":"product","2":"type-product","3":"status-publish","4":"has-post-thumbnail","6":"product_cat-187","8":"first","9":"instock","10":"taxable","11":"shipping-taxable","12":"product-type-simple"},"_links":{"self":[{"href":"https:\/\/ppediciones.cl\/index.php?rest_route=\/wp\/v2\/product\/2406","targetHints":{"allow":["GET"]}}],"collection":[{"href":"https:\/\/ppediciones.cl\/index.php?rest_route=\/wp\/v2\/product"}],"about":[{"href":"https:\/\/ppediciones.cl\/index.php?rest_route=\/wp\/v2\/types\/product"}],"replies":[{"embeddable":true,"href":"https:\/\/ppediciones.cl\/index.php?rest_route=%2Fwp%2Fv2%2Fcomments&post=2406"}],"wp:featuredmedia":[{"embeddable":true,"href":"https:\/\/ppediciones.cl\/index.php?rest_route=\/wp\/v2\/media\/2407"}],"wp:attachment":[{"href":"https:\/\/ppediciones.cl\/index.php?rest_route=%2Fwp%2Fv2%2Fmedia&parent=2406"}],"wp:term":[{"taxonomy":"product_brand","embeddable":true,"href":"https:\/\/ppediciones.cl\/index.php?rest_route=%2Fwp%2Fv2%2Fproduct_brand&post=2406"},{"taxonomy":"product_cat","embeddable":true,"href":"https:\/\/ppediciones.cl\/index.php?rest_route=%2Fwp%2Fv2%2Fproduct_cat&post=2406"},{"taxonomy":"product_tag","embeddable":true,"href":"https:\/\/ppediciones.cl\/index.php?rest_route=%2Fwp%2Fv2%2Fproduct_tag&post=2406"}],"curies":[{"name":"wp","href":"https:\/\/api.w.org\/{rel}","templated":true}]}}