{"id":2420,"date":"2023-07-27T08:24:11","date_gmt":"2023-07-27T08:24:11","guid":{"rendered":"https:\/\/ppediciones.cl\/?post_type=product&#038;p=2420"},"modified":"2023-07-27T08:28:30","modified_gmt":"2023-07-27T08:28:30","slug":"camino-a-la-matrix-julia-pino-y-nicolas-espina","status":"publish","type":"product","link":"https:\/\/ppediciones.cl\/?product=camino-a-la-matrix-julia-pino-y-nicolas-espina","title":{"rendered":"Camino a la m\u00e1trix | Julia Pino y Nicol\u00e1s Espina"},"content":{"rendered":"<p>&#8220;Camino A La Matrix:\u00a0 Geometr\u00eda Primordial&#8221; indica un camino al desarrollo de la consciencia desde sus bases matem\u00e1ticas en una estructura m\u00e1s integral de todo lo que conforma al ser humano.<\/p>\n<p>Elementos y cuerpos geom\u00e9tricos ser\u00e1n nuestras huellas para el estudio de nuestro caminar en esta senda de vida que nos hace evolucionar como seres humanos en todos los planos vitales que conforman nuestro ser.<\/p>\n<p>Por lo tanto, las c\u00e9lulas conductoras de conocimiento en este viaje a la consciencia ser\u00e1n cinco elementos de los llamados solidos plat\u00f3nicos, tetraedro, hexaedro, octaedro, icosaedro, dodecaedro, que se convertir\u00e1n en la geometr\u00eda primordial de este camino a la Matrix.<\/p>\n<p>La huella del andar siempre indica un punto de partida y sincr\u00f3nicamente van apareciendo todos los compa\u00f1eros de camino que hacen este andar m\u00e1s liviano o denso seg\u00fan la experiencia de vida en la que nos encontremos, pero todo conectado con un fin \u00faltimo, que tiene que ver con nuestra conexi\u00f3n hacia espacios sagrados de conocimientos que establecen caminos perfectibles para el desarrollo humano de par\u00e1metros coaccionados que permitan reestablecer el rumbo original de nuestra alma que conlleva a la plenitud del ser.<\/p>\n<p>Plenitud que baja c\u00f3digos y lenguajes sagrados de esta mente creadora para ir desarrollando nuestra consciencia desde un \u00e1mbito m\u00e1s concreto, donde la geometr\u00eda primordial establece los nexos adecuados para comprender y ver los requerimientos para nuestra evoluci\u00f3n y niveles \u00f3ptimos de consciencia, para aportar y vivir plenamente esta vida.<\/p>\n","protected":false},"excerpt":{"rendered":"<p>Fecha publicaci\u00f3n: enero 2023<\/p>\n<p>ISBN: 978-956-414-325-5<\/p>\n<p>P\u00e1ginas: 256<\/p>\n<p>Formato: 14.8 x 21 cm<\/p>\n<p>&nbsp;<\/p>\n<p>&nbsp;<\/p>\n<p>&nbsp;<\/p>\n<p>&nbsp;<\/p>\n<p>&nbsp;<\/p>\n<p>&nbsp;<\/p>\n","protected":false},"featured_media":2417,"comment_status":"open","ping_status":"closed","template":"","meta":[],"product_brand":[],"product_cat":[187],"product_tag":[],"class_list":{"0":"post-2420","1":"product","2":"type-product","3":"status-publish","4":"has-post-thumbnail","6":"product_cat-187","8":"first","9":"instock","10":"taxable","11":"shipping-taxable","12":"product-type-simple"},"_links":{"self":[{"href":"https:\/\/ppediciones.cl\/index.php?rest_route=\/wp\/v2\/product\/2420","targetHints":{"allow":["GET"]}}],"collection":[{"href":"https:\/\/ppediciones.cl\/index.php?rest_route=\/wp\/v2\/product"}],"about":[{"href":"https:\/\/ppediciones.cl\/index.php?rest_route=\/wp\/v2\/types\/product"}],"replies":[{"embeddable":true,"href":"https:\/\/ppediciones.cl\/index.php?rest_route=%2Fwp%2Fv2%2Fcomments&post=2420"}],"wp:featuredmedia":[{"embeddable":true,"href":"https:\/\/ppediciones.cl\/index.php?rest_route=\/wp\/v2\/media\/2417"}],"wp:attachment":[{"href":"https:\/\/ppediciones.cl\/index.php?rest_route=%2Fwp%2Fv2%2Fmedia&parent=2420"}],"wp:term":[{"taxonomy":"product_brand","embeddable":true,"href":"https:\/\/ppediciones.cl\/index.php?rest_route=%2Fwp%2Fv2%2Fproduct_brand&post=2420"},{"taxonomy":"product_cat","embeddable":true,"href":"https:\/\/ppediciones.cl\/index.php?rest_route=%2Fwp%2Fv2%2Fproduct_cat&post=2420"},{"taxonomy":"product_tag","embeddable":true,"href":"https:\/\/ppediciones.cl\/index.php?rest_route=%2Fwp%2Fv2%2Fproduct_tag&post=2420"}],"curies":[{"name":"wp","href":"https:\/\/api.w.org\/{rel}","templated":true}]}}