{"id":2491,"date":"2023-08-16T00:16:03","date_gmt":"2023-08-16T00:16:03","guid":{"rendered":"https:\/\/ppediciones.cl\/?post_type=product&#038;p=2491"},"modified":"2023-08-16T00:17:06","modified_gmt":"2023-08-16T00:17:06","slug":"historias-de-graneros-varios-autores","status":"publish","type":"product","link":"https:\/\/ppediciones.cl\/?product=historias-de-graneros-varios-autores","title":{"rendered":"Historias de Graneros | Varios autores"},"content":{"rendered":"<p>Historia de Graneros, es un trabajo colaborativo literario en base a cuentos, ilustraciones y fotograf\u00edas de diferentes fuentes locales, donde la est\u00e9tica de la primera mitad del S.XX es la protagonista de la obra, la cual busca visualizar, rescatar y promover, a trav\u00e9s de un relato cr\u00edtico y alejado del estereotipo hegem\u00f3nico del campesino hacendado, las caracter\u00edsticas de un pueblo obrero en constante transformaci\u00f3n, creado entre vestigios coloniales y un progreso industrial marcado a fuego en la vida de la gente de este pueblo.<\/p>\n<p>&nbsp;<\/p>\n","protected":false},"excerpt":{"rendered":"<p>Fecha publicaci\u00f3n: noviembre 2022<\/p>\n<p>ISBN: 978-956-414-123-7<\/p>\n<p>P\u00e1ginas: 104<\/p>\n<p>Formato: 14 x 21.5 cm<\/p>\n<p>&nbsp;<\/p>\n<p>&nbsp;<\/p>\n<p>&nbsp;<\/p>\n<p>&nbsp;<\/p>\n<p>&nbsp;<\/p>\n<p>&nbsp;<\/p>\n<p>&nbsp;<\/p>\n<p>&nbsp;<\/p>\n","protected":false},"featured_media":2492,"comment_status":"open","ping_status":"closed","template":"","meta":[],"product_brand":[],"product_cat":[183],"product_tag":[],"class_list":{"0":"post-2491","1":"product","2":"type-product","3":"status-publish","4":"has-post-thumbnail","6":"product_cat-183","8":"first","9":"instock","10":"taxable","11":"shipping-taxable","12":"product-type-simple"},"_links":{"self":[{"href":"https:\/\/ppediciones.cl\/index.php?rest_route=\/wp\/v2\/product\/2491","targetHints":{"allow":["GET"]}}],"collection":[{"href":"https:\/\/ppediciones.cl\/index.php?rest_route=\/wp\/v2\/product"}],"about":[{"href":"https:\/\/ppediciones.cl\/index.php?rest_route=\/wp\/v2\/types\/product"}],"replies":[{"embeddable":true,"href":"https:\/\/ppediciones.cl\/index.php?rest_route=%2Fwp%2Fv2%2Fcomments&post=2491"}],"wp:featuredmedia":[{"embeddable":true,"href":"https:\/\/ppediciones.cl\/index.php?rest_route=\/wp\/v2\/media\/2492"}],"wp:attachment":[{"href":"https:\/\/ppediciones.cl\/index.php?rest_route=%2Fwp%2Fv2%2Fmedia&parent=2491"}],"wp:term":[{"taxonomy":"product_brand","embeddable":true,"href":"https:\/\/ppediciones.cl\/index.php?rest_route=%2Fwp%2Fv2%2Fproduct_brand&post=2491"},{"taxonomy":"product_cat","embeddable":true,"href":"https:\/\/ppediciones.cl\/index.php?rest_route=%2Fwp%2Fv2%2Fproduct_cat&post=2491"},{"taxonomy":"product_tag","embeddable":true,"href":"https:\/\/ppediciones.cl\/index.php?rest_route=%2Fwp%2Fv2%2Fproduct_tag&post=2491"}],"curies":[{"name":"wp","href":"https:\/\/api.w.org\/{rel}","templated":true}]}}