{"id":2567,"date":"2024-02-09T12:00:10","date_gmt":"2024-02-09T12:00:10","guid":{"rendered":"https:\/\/ppediciones.cl\/?post_type=product&#038;p=2567"},"modified":"2024-02-09T12:04:15","modified_gmt":"2024-02-09T12:04:15","slug":"la-gran-prueba-yianina-carcamo","status":"publish","type":"product","link":"https:\/\/ppediciones.cl\/?product=la-gran-prueba-yianina-carcamo","title":{"rendered":"La gran prueba | Yianina C\u00e1rcamo"},"content":{"rendered":"<p>La gran prueba, es un entretenido libro infantil que cuenta la historia de un cocinero que pone a prueba a tres elementos de su cocina, pas\u00e1ndolos por una misma situaci\u00f3n, pero con resultados totalmente diferentes. Zaho, Hu y Co, nos llevar\u00e1n a entender de manera simple y divertida, que cada situaci\u00f3n en nuestra vida nos ayudar\u00e1 a mejorar la actitud y nos impulsar\u00e1 a sacar la mejor versi\u00f3n de nosotros mismos.<\/p>\n<p>Yianina C\u00e1rcamo (Tocopilla, 1972), contadora de profesi\u00f3n,\u00a0 fundadora del Ministerio Refugio de Jehov\u00e1. Actualmente se desempe\u00f1a como pastora y l\u00edder principal de Refugio Ministerios, bajo la cobertura paternal del Ap\u00f3stol Felix Orquera y la Profeta Alicia Godoy de la ciudad de Iquique. Es creadora de los libros: \u201cGeneraci\u00f3n sobrenatural\u201d y \u201c\u00bfQui\u00e9n es Dios?<\/p>\n<p>Hoy nos presenta el Cuento infantil \u201cLa Gran Prueba\u201d creado, escrito e ilustrado por ella.<\/p>\n<p>Te invitamos a sumergirte en esta maravillosa historia que sin dudas te dejar\u00e1 una gran ense\u00f1anza\u00a0 y dar\u00e1 herramientas para comprender que en cada evento de la vida no importa lo dif\u00edcil que sea, Dios siempre estar\u00e1 obrando a nuestro favor y que la actitud del coraz\u00f3n es determinante para superar cada situaci\u00f3n.<\/p>\n<p>&nbsp;<\/p>\n","protected":false},"excerpt":{"rendered":"<p>Fecha publicaci\u00f3n: agosto 2023<\/p>\n<p>ISBN: 978-956-416-104-4<\/p>\n<p>P\u00e1ginas: 76<\/p>\n<p>Formato: 18 x 24 cm<\/p>\n<p>&nbsp;<\/p>\n<p>&nbsp;<\/p>\n<p>&nbsp;<\/p>\n<p>&nbsp;<\/p>\n<p>&nbsp;<\/p>\n<p>&nbsp;<\/p>\n<p>&nbsp;<\/p>\n<p>&nbsp;<\/p>\n<p>&nbsp;<\/p>\n<p>&nbsp;<\/p>\n<p>&nbsp;<\/p>\n","protected":false},"featured_media":2568,"comment_status":"open","ping_status":"closed","template":"","meta":[],"product_brand":[],"product_cat":[187,181],"product_tag":[],"class_list":{"0":"post-2567","1":"product","2":"type-product","3":"status-publish","4":"has-post-thumbnail","6":"product_cat-187","7":"product_cat-catalogo","9":"first","10":"instock","11":"taxable","12":"shipping-taxable","13":"product-type-simple"},"_links":{"self":[{"href":"https:\/\/ppediciones.cl\/index.php?rest_route=\/wp\/v2\/product\/2567","targetHints":{"allow":["GET"]}}],"collection":[{"href":"https:\/\/ppediciones.cl\/index.php?rest_route=\/wp\/v2\/product"}],"about":[{"href":"https:\/\/ppediciones.cl\/index.php?rest_route=\/wp\/v2\/types\/product"}],"replies":[{"embeddable":true,"href":"https:\/\/ppediciones.cl\/index.php?rest_route=%2Fwp%2Fv2%2Fcomments&post=2567"}],"wp:featuredmedia":[{"embeddable":true,"href":"https:\/\/ppediciones.cl\/index.php?rest_route=\/wp\/v2\/media\/2568"}],"wp:attachment":[{"href":"https:\/\/ppediciones.cl\/index.php?rest_route=%2Fwp%2Fv2%2Fmedia&parent=2567"}],"wp:term":[{"taxonomy":"product_brand","embeddable":true,"href":"https:\/\/ppediciones.cl\/index.php?rest_route=%2Fwp%2Fv2%2Fproduct_brand&post=2567"},{"taxonomy":"product_cat","embeddable":true,"href":"https:\/\/ppediciones.cl\/index.php?rest_route=%2Fwp%2Fv2%2Fproduct_cat&post=2567"},{"taxonomy":"product_tag","embeddable":true,"href":"https:\/\/ppediciones.cl\/index.php?rest_route=%2Fwp%2Fv2%2Fproduct_tag&post=2567"}],"curies":[{"name":"wp","href":"https:\/\/api.w.org\/{rel}","templated":true}]}}