{"id":2569,"date":"2024-02-09T12:05:36","date_gmt":"2024-02-09T12:05:36","guid":{"rendered":"https:\/\/ppediciones.cl\/?post_type=product&#038;p=2569"},"modified":"2024-07-09T01:24:54","modified_gmt":"2024-07-09T01:24:54","slug":"el-enigma-del-anfora-de-piedra-ciro-calderon","status":"publish","type":"product","link":"https:\/\/ppediciones.cl\/?product=el-enigma-del-anfora-de-piedra-ciro-calderon","title":{"rendered":"El enigma del \u00e1nfora de piedra | Ciro Calder\u00f3n"},"content":{"rendered":"<p>La veleidosa Rueda del Destino, despu\u00e9s de dar vueltas y m\u00e1s vueltas, se detiene de pronto delante de dos personas, los protagonistas de este libro, provocando su fortuito encuentro. Frente a frente, coincidiendo al comprar en una farmacia un cepillo de dientes y una maquinilla de afeitar, casualidad curiosa y desconcertante, aunque significativa, terminan por convencerse que son el uno para el otro. Ah\u00ed comienzan a vivir una sorprendente aventura que los llevar\u00e1 al Norte Grande de Chile, al interior de la Provincia de El Loa, en la b\u00fasqueda de una herencia misteriosa escondida en el pueblo blanco de Toconao.<\/p>\n<p>Seguirlos y compartir con ellos las emocionantes experiencias que van enfrentando a lo largo de su recorrido, es vivir tambi\u00e9n las mismas sensaciones. Disfrutar, junto a ellos, de los paisajes maravillosos de San Pedro de Atacama, Toconao, El Tatio, nadar en las lagunas de aguas densas y fotografiar a los flamencos, descubrir escondidas pinturas rupestres y conocer tradicionales mitos y leyendas. Pero Rigoberto y Carolina con sus experiencias nos har\u00e1n, adem\u00e1s, c\u00f3mplices en la soluci\u00f3n de un misterio que se complicar\u00e1 m\u00e1s y m\u00e1s una vez resuelto.<\/p>\n<p>Una novela original, ambientada en locaciones reales, teniendo la capacidad probable de mostrar a los lectores im\u00e1genes coincidentes con sus propios recuerdos de vacaciones recorriendo los mismos lugares y encontrando vivencias parecidas a las que pudieran haber experimentado ellos mismos. Pero con un desenlace \u00fanico que dejar\u00e1 satisfechos hasta a los m\u00e1s exigentes devoradores de libros.<\/p>\n<p>&nbsp;<\/p>\n","protected":false},"excerpt":{"rendered":"<p>Fecha publicaci\u00f3n: octubre 2023<\/p>\n<p>ISBN: 978-956-416-103-7<\/p>\n<p>P\u00e1ginas: 526<\/p>\n<p>Formato: 15 x 23 cm<\/p>\n<p>&nbsp;<\/p>\n<p>&nbsp;<\/p>\n<p>&nbsp;<\/p>\n<p>&nbsp;<\/p>\n<p>&nbsp;<\/p>\n<p>&nbsp;<\/p>\n<p>&nbsp;<\/p>\n<p>&nbsp;<\/p>\n<p>&nbsp;<\/p>\n<p>&nbsp;<\/p>\n<p>&nbsp;<\/p>\n<p>&nbsp;<\/p>\n","protected":false},"featured_media":2571,"comment_status":"open","ping_status":"closed","template":"","meta":[],"product_brand":[],"product_cat":[187,181],"product_tag":[],"class_list":{"0":"post-2569","1":"product","2":"type-product","3":"status-publish","4":"has-post-thumbnail","6":"product_cat-187","7":"product_cat-catalogo","9":"first","10":"instock","11":"taxable","12":"shipping-taxable","13":"product-type-simple"},"_links":{"self":[{"href":"https:\/\/ppediciones.cl\/index.php?rest_route=\/wp\/v2\/product\/2569","targetHints":{"allow":["GET"]}}],"collection":[{"href":"https:\/\/ppediciones.cl\/index.php?rest_route=\/wp\/v2\/product"}],"about":[{"href":"https:\/\/ppediciones.cl\/index.php?rest_route=\/wp\/v2\/types\/product"}],"replies":[{"embeddable":true,"href":"https:\/\/ppediciones.cl\/index.php?rest_route=%2Fwp%2Fv2%2Fcomments&post=2569"}],"wp:featuredmedia":[{"embeddable":true,"href":"https:\/\/ppediciones.cl\/index.php?rest_route=\/wp\/v2\/media\/2571"}],"wp:attachment":[{"href":"https:\/\/ppediciones.cl\/index.php?rest_route=%2Fwp%2Fv2%2Fmedia&parent=2569"}],"wp:term":[{"taxonomy":"product_brand","embeddable":true,"href":"https:\/\/ppediciones.cl\/index.php?rest_route=%2Fwp%2Fv2%2Fproduct_brand&post=2569"},{"taxonomy":"product_cat","embeddable":true,"href":"https:\/\/ppediciones.cl\/index.php?rest_route=%2Fwp%2Fv2%2Fproduct_cat&post=2569"},{"taxonomy":"product_tag","embeddable":true,"href":"https:\/\/ppediciones.cl\/index.php?rest_route=%2Fwp%2Fv2%2Fproduct_tag&post=2569"}],"curies":[{"name":"wp","href":"https:\/\/api.w.org\/{rel}","templated":true}]}}