{"id":2575,"date":"2024-02-09T13:48:10","date_gmt":"2024-02-09T13:48:10","guid":{"rendered":"https:\/\/ppediciones.cl\/?post_type=product&#038;p=2575"},"modified":"2024-02-15T21:42:01","modified_gmt":"2024-02-15T21:42:01","slug":"el-microscopio-con-alas-ivo-sazunic-pluton","status":"publish","type":"product","link":"https:\/\/ppediciones.cl\/?product=el-microscopio-con-alas-ivo-sazunic-pluton","title":{"rendered":"El microscopio con alas | Ivo Sazunic (Plut\u00f3n)"},"content":{"rendered":"<p>\u201cA\u00f1os atr\u00e1s escrib\u00ed un libro, es el que est\u00e1 en tus manos.<\/p>\n<p>Al releerlo me siento completamente identificado con su autor, aunque ahora parezca distinto y se llame PLUT\u00d3N.<\/p>\n<p>Los sentimientos, sensaciones y temas son los mismos.<\/p>\n<p>Gran satisfacci\u00f3n y alegr\u00eda me produce este descubrimiento, el que parece mostrar el sentido para el esp\u00edritu intangible, se mantiene, persiste igual, es\u00a0 lo eterno circular, perviviendo en una permanente b\u00fasqueda.<\/p>\n<p>No hay mas que decir, todo fue dicho, la repetici\u00f3n nos mostrar\u00e1 el camino\u201d.<\/p>\n<p>&nbsp;<\/p>\n","protected":false},"excerpt":{"rendered":"<p>Fecha publicaci\u00f3n: noviembre 2023<\/p>\n<p>ISBN: 978-956-416-587-5<\/p>\n<p>P\u00e1ginas: 46<\/p>\n<p>Formato: 14 x 21.5 cm<\/p>\n<p>&nbsp;<\/p>\n<p>&nbsp;<\/p>\n<p>&nbsp;<\/p>\n<p>&nbsp;<\/p>\n<p>&nbsp;<\/p>\n<p>&nbsp;<\/p>\n<p>&nbsp;<\/p>\n<p>&nbsp;<\/p>\n<p>&nbsp;<\/p>\n<p>&nbsp;<\/p>\n<p>&nbsp;<\/p>\n<p>&nbsp;<\/p>\n<p>&nbsp;<\/p>\n<p>&nbsp;<\/p>\n","protected":false},"featured_media":2576,"comment_status":"open","ping_status":"closed","template":"","meta":[],"product_brand":[],"product_cat":[187,181],"product_tag":[],"class_list":{"0":"post-2575","1":"product","2":"type-product","3":"status-publish","4":"has-post-thumbnail","6":"product_cat-187","7":"product_cat-catalogo","9":"first","10":"instock","11":"taxable","12":"shipping-taxable","13":"purchasable","14":"product-type-simple"},"_links":{"self":[{"href":"https:\/\/ppediciones.cl\/index.php?rest_route=\/wp\/v2\/product\/2575","targetHints":{"allow":["GET"]}}],"collection":[{"href":"https:\/\/ppediciones.cl\/index.php?rest_route=\/wp\/v2\/product"}],"about":[{"href":"https:\/\/ppediciones.cl\/index.php?rest_route=\/wp\/v2\/types\/product"}],"replies":[{"embeddable":true,"href":"https:\/\/ppediciones.cl\/index.php?rest_route=%2Fwp%2Fv2%2Fcomments&post=2575"}],"wp:featuredmedia":[{"embeddable":true,"href":"https:\/\/ppediciones.cl\/index.php?rest_route=\/wp\/v2\/media\/2576"}],"wp:attachment":[{"href":"https:\/\/ppediciones.cl\/index.php?rest_route=%2Fwp%2Fv2%2Fmedia&parent=2575"}],"wp:term":[{"taxonomy":"product_brand","embeddable":true,"href":"https:\/\/ppediciones.cl\/index.php?rest_route=%2Fwp%2Fv2%2Fproduct_brand&post=2575"},{"taxonomy":"product_cat","embeddable":true,"href":"https:\/\/ppediciones.cl\/index.php?rest_route=%2Fwp%2Fv2%2Fproduct_cat&post=2575"},{"taxonomy":"product_tag","embeddable":true,"href":"https:\/\/ppediciones.cl\/index.php?rest_route=%2Fwp%2Fv2%2Fproduct_tag&post=2575"}],"curies":[{"name":"wp","href":"https:\/\/api.w.org\/{rel}","templated":true}]}}