{"id":2585,"date":"2024-02-09T15:12:02","date_gmt":"2024-02-09T15:12:02","guid":{"rendered":"https:\/\/ppediciones.cl\/?post_type=product&#038;p=2585"},"modified":"2024-02-09T15:13:23","modified_gmt":"2024-02-09T15:13:23","slug":"semillas-del-despertar-alan-ventura","status":"publish","type":"product","link":"https:\/\/ppediciones.cl\/?product=semillas-del-despertar-alan-ventura","title":{"rendered":"Semillas del despertar | Alan Ventura"},"content":{"rendered":"<p>\u201cEste libro es una recopilaci\u00f3n de citas que he ido publicando a lo largo de los a\u00f1os en las redes sociales. Cada una naci\u00f3 de la conexi\u00f3n con mi ser m\u00e1s profundo.<\/p>\n<p>Espero que sea de ayuda en el camino hacia su evoluci\u00f3n y la de los seres que los rodean, y entre todos podamos construir un mundo mejor, m\u00e1s unido.<\/p>\n<p>Quisiera dedicarlo a mis hijos Leonor y Le\u00f3n, que los amo con todo mi ser\u201d.<\/p>\n<p>Alan Tibor Ventura Stark, naci\u00f3 en Santiago de Chile el 22 de noviembre de 1984. Desde temprana edad gusta mucho de las artes marciales, el deporte, la m\u00fasica, y ha buscado con af\u00e1n el sentido de la vida. Le intrigaba saber qui\u00e9n era y que estaba haciendo aqu\u00ed en esta tierra. As\u00ed empezaron las preguntas y su camino para responderlas.<\/p>\n<p>En este libro comparte varias de esas respuestas, que nacieron en momentos de conexi\u00f3n profunda con su verdadero ser, con su esencia.<\/p>\n<p>&nbsp;<\/p>\n<p>&nbsp;<\/p>\n<p>&nbsp;<\/p>\n<p>&nbsp;<\/p>\n<p>&nbsp;<\/p>\n","protected":false},"excerpt":{"rendered":"<p>Fecha publicaci\u00f3n: noviembre 2023<\/p>\n<p>ISBN: 978-956-416-393-2<\/p>\n<p>P\u00e1ginas: 234<\/p>\n<p>Formato: 15 x 15 cm<\/p>\n<p>&nbsp;<\/p>\n<p>&nbsp;<\/p>\n<p>&nbsp;<\/p>\n<p>&nbsp;<\/p>\n<p>&nbsp;<\/p>\n<p>&nbsp;<\/p>\n<p>&nbsp;<\/p>\n<p>&nbsp;<\/p>\n<p>&nbsp;<\/p>\n<p>&nbsp;<\/p>\n<p>&nbsp;<\/p>\n<p>&nbsp;<\/p>\n<p>&nbsp;<\/p>\n<p>&nbsp;<\/p>\n<p>&nbsp;<\/p>\n<p>&nbsp;<\/p>\n<p>&nbsp;<\/p>\n<p>&nbsp;<\/p>\n","protected":false},"featured_media":2583,"comment_status":"open","ping_status":"closed","template":"","meta":[],"product_brand":[],"product_cat":[187,181],"product_tag":[],"class_list":{"0":"post-2585","1":"product","2":"type-product","3":"status-publish","4":"has-post-thumbnail","6":"product_cat-187","7":"product_cat-catalogo","9":"first","10":"instock","11":"taxable","12":"shipping-taxable","13":"product-type-simple"},"_links":{"self":[{"href":"https:\/\/ppediciones.cl\/index.php?rest_route=\/wp\/v2\/product\/2585","targetHints":{"allow":["GET"]}}],"collection":[{"href":"https:\/\/ppediciones.cl\/index.php?rest_route=\/wp\/v2\/product"}],"about":[{"href":"https:\/\/ppediciones.cl\/index.php?rest_route=\/wp\/v2\/types\/product"}],"replies":[{"embeddable":true,"href":"https:\/\/ppediciones.cl\/index.php?rest_route=%2Fwp%2Fv2%2Fcomments&post=2585"}],"wp:featuredmedia":[{"embeddable":true,"href":"https:\/\/ppediciones.cl\/index.php?rest_route=\/wp\/v2\/media\/2583"}],"wp:attachment":[{"href":"https:\/\/ppediciones.cl\/index.php?rest_route=%2Fwp%2Fv2%2Fmedia&parent=2585"}],"wp:term":[{"taxonomy":"product_brand","embeddable":true,"href":"https:\/\/ppediciones.cl\/index.php?rest_route=%2Fwp%2Fv2%2Fproduct_brand&post=2585"},{"taxonomy":"product_cat","embeddable":true,"href":"https:\/\/ppediciones.cl\/index.php?rest_route=%2Fwp%2Fv2%2Fproduct_cat&post=2585"},{"taxonomy":"product_tag","embeddable":true,"href":"https:\/\/ppediciones.cl\/index.php?rest_route=%2Fwp%2Fv2%2Fproduct_tag&post=2585"}],"curies":[{"name":"wp","href":"https:\/\/api.w.org\/{rel}","templated":true}]}}