{"id":2652,"date":"2024-07-12T04:49:11","date_gmt":"2024-07-12T04:49:11","guid":{"rendered":"https:\/\/ppediciones.cl\/?post_type=product&#038;p=2652"},"modified":"2024-12-04T17:39:50","modified_gmt":"2024-12-04T17:39:50","slug":"madre-voces-literarias-femeninas-vi-region","status":"publish","type":"product","link":"https:\/\/ppediciones.cl\/?product=madre-voces-literarias-femeninas-vi-region","title":{"rendered":"Madre | Voces Literarias Femeninas VI Regi\u00f3n"},"content":{"rendered":"<p>La historia de la humanidad nos ha se\u00f1alado que las mujeres, a pesar de todas las restricciones del mundo liderado por hombres, se han abierto camino gracias a aquellas visionarias que nos precedieron, imaginaron y lucharon por un mundo igualitario entre hombres y mujeres.<\/p>\n<p>Voces Literarias Femeninas, en \u00e9sta su sexta publicaci\u00f3n, ofrece \u201cMadre\u201d como un todo en medio del ritmo, respeto, originalidad, fantas\u00eda y belleza que se levanta en tiempos donde se vuelve necesario reunirse para sentir o bien volver a sentir en la univer salidad de la palabra Madre.<\/p>\n<p>Mujeres con objetivos literarios de comunicar para fortalecer la palabra, la lectura, el desarrollo espiritual y personal.<\/p>\n<p>La mujer, madre, ciudadana y escritora entre el l\u00e1piz y el papel, frente al computador o celular siente el canto del viento, ve el baile de los ramajes, huele el aroma de las flores, valoriza los destellos del ser amado, le duelen las injusticias sociales y clama por los desvalidos en pro de una sociedad m\u00e1s justa y equitativa.<\/p>\n<p>Somos tan fecundas, de libre existencia frente a las limitaciones que nos impone la sociedad, somos rebeldes, creemos en la libertad, creemos en la verdad, en el amor, en todos sus colores y contrastes.<\/p>\n<p>Sus autoras: \u00c1ngela Barrera Cordonez, Rosa Ch\u00e1vez Alarc\u00f3n (Q.E.P.D), Ernestina Pinto Moreno, Alejandra Guerra Sep\u00falveda, Gisella Ram\u00edrez Contreras, Paula Daza Soto e Ivonne D\u00edaz Cornejo.<\/p>\n","protected":false},"excerpt":{"rendered":"<p>Fecha publicaci\u00f3n: febrero 2024<\/p>\n<p>ISBN: 978-956-416-846-3<\/p>\n<p>P\u00e1ginas: 106<\/p>\n<p>Formato: 15 x 22 cm<\/p>\n","protected":false},"featured_media":2653,"comment_status":"open","ping_status":"closed","template":"","meta":[],"product_brand":[],"product_cat":[209,181],"product_tag":[],"class_list":{"0":"post-2652","1":"product","2":"type-product","3":"status-publish","4":"has-post-thumbnail","6":"product_cat-209","7":"product_cat-catalogo","9":"first","10":"instock","11":"taxable","12":"shipping-taxable","13":"product-type-simple"},"_links":{"self":[{"href":"https:\/\/ppediciones.cl\/index.php?rest_route=\/wp\/v2\/product\/2652","targetHints":{"allow":["GET"]}}],"collection":[{"href":"https:\/\/ppediciones.cl\/index.php?rest_route=\/wp\/v2\/product"}],"about":[{"href":"https:\/\/ppediciones.cl\/index.php?rest_route=\/wp\/v2\/types\/product"}],"replies":[{"embeddable":true,"href":"https:\/\/ppediciones.cl\/index.php?rest_route=%2Fwp%2Fv2%2Fcomments&post=2652"}],"wp:featuredmedia":[{"embeddable":true,"href":"https:\/\/ppediciones.cl\/index.php?rest_route=\/wp\/v2\/media\/2653"}],"wp:attachment":[{"href":"https:\/\/ppediciones.cl\/index.php?rest_route=%2Fwp%2Fv2%2Fmedia&parent=2652"}],"wp:term":[{"taxonomy":"product_brand","embeddable":true,"href":"https:\/\/ppediciones.cl\/index.php?rest_route=%2Fwp%2Fv2%2Fproduct_brand&post=2652"},{"taxonomy":"product_cat","embeddable":true,"href":"https:\/\/ppediciones.cl\/index.php?rest_route=%2Fwp%2Fv2%2Fproduct_cat&post=2652"},{"taxonomy":"product_tag","embeddable":true,"href":"https:\/\/ppediciones.cl\/index.php?rest_route=%2Fwp%2Fv2%2Fproduct_tag&post=2652"}],"curies":[{"name":"wp","href":"https:\/\/api.w.org\/{rel}","templated":true}]}}