{"id":2654,"date":"2024-07-12T04:53:22","date_gmt":"2024-07-12T04:53:22","guid":{"rendered":"https:\/\/ppediciones.cl\/?post_type=product&#038;p=2654"},"modified":"2024-12-04T17:45:43","modified_gmt":"2024-12-04T17:45:43","slug":"regresando-por-elena-hector-arenas-sotelo","status":"publish","type":"product","link":"https:\/\/ppediciones.cl\/?product=regresando-por-elena-hector-arenas-sotelo","title":{"rendered":"Regresando por Elena | H\u00e9ctor Arenas Sotelo"},"content":{"rendered":"<p>Este g\u00e9nero de la narrativa denominada microcuentos o, tal vez, cuentos cortos, requiere, al igual que los cuentos, pero en menos palabras, contar con un tema central que recree un ambiente, un clima, personajes, trama, desarrollo y desenlace; aunque, este \u00faltimo, tambi\u00e9n podr\u00e1 quedar a la imaginaci\u00f3n del lector.\u00a0 En algunas oportunidades, se da el caso que, por su corta extensi\u00f3n en palabras, el t\u00edtulo tambi\u00e9n se considere dentro del microcuento, de all\u00ed, la importancia de no perder de vista esta parte. Por lo anterior, el autor requiere capacidad de s\u00edntesis, y selecci\u00f3n adecuada de las palabras para expresar su pensamiento.<\/p>\n<p>H\u00e9ctor Arenas Sotelo, logra armonizar perfectamente estos aspectos, a trav\u00e9s de historias cortas o muy cortas, que obligan al lector pensar la intenci\u00f3n que hay detr\u00e1s de cada una de ellas, rescatar su ense\u00f1anza y avizorar su real sentido. Este libro entrega microcuentos, cuentos cortos y cuentos, los que se califican seg\u00fan sea su extensi\u00f3n.<\/p>\n<p>El lector podr\u00e1 encontrar hermosos cuentos, cuyas tramas podr\u00e1n ser futuristas, reales, c\u00f3micas, infantiles, polic\u00edacas, de terror, de amor o, simplemente, agudas observaciones de diferentes escenarios reales o imaginarios de la vida cotidiana.<\/p>\n<p>Algunos temas del libro tienen como pie forzado el pensamiento de grandes escritores o pensadores de la historia y otros se inspiran en la rica mitolog\u00eda universal.<\/p>\n<p>Este libro es una fresca invitaci\u00f3n a leer y disfrutar de inspirados cuentos f\u00e1ciles de leer.<\/p>\n","protected":false},"excerpt":{"rendered":"<p>Fecha publicaci\u00f3n: febrero 2024<\/p>\n<p>ISBN: 978-956-416-869-2<\/p>\n<p>P\u00e1ginas: 250<\/p>\n<p>Formato: 15 x 22 cm<\/p>\n","protected":false},"featured_media":2655,"comment_status":"open","ping_status":"closed","template":"","meta":[],"product_brand":[],"product_cat":[209,181],"product_tag":[],"class_list":{"0":"post-2654","1":"product","2":"type-product","3":"status-publish","4":"has-post-thumbnail","6":"product_cat-209","7":"product_cat-catalogo","9":"first","10":"instock","11":"taxable","12":"shipping-taxable","13":"product-type-simple"},"_links":{"self":[{"href":"https:\/\/ppediciones.cl\/index.php?rest_route=\/wp\/v2\/product\/2654","targetHints":{"allow":["GET"]}}],"collection":[{"href":"https:\/\/ppediciones.cl\/index.php?rest_route=\/wp\/v2\/product"}],"about":[{"href":"https:\/\/ppediciones.cl\/index.php?rest_route=\/wp\/v2\/types\/product"}],"replies":[{"embeddable":true,"href":"https:\/\/ppediciones.cl\/index.php?rest_route=%2Fwp%2Fv2%2Fcomments&post=2654"}],"wp:featuredmedia":[{"embeddable":true,"href":"https:\/\/ppediciones.cl\/index.php?rest_route=\/wp\/v2\/media\/2655"}],"wp:attachment":[{"href":"https:\/\/ppediciones.cl\/index.php?rest_route=%2Fwp%2Fv2%2Fmedia&parent=2654"}],"wp:term":[{"taxonomy":"product_brand","embeddable":true,"href":"https:\/\/ppediciones.cl\/index.php?rest_route=%2Fwp%2Fv2%2Fproduct_brand&post=2654"},{"taxonomy":"product_cat","embeddable":true,"href":"https:\/\/ppediciones.cl\/index.php?rest_route=%2Fwp%2Fv2%2Fproduct_cat&post=2654"},{"taxonomy":"product_tag","embeddable":true,"href":"https:\/\/ppediciones.cl\/index.php?rest_route=%2Fwp%2Fv2%2Fproduct_tag&post=2654"}],"curies":[{"name":"wp","href":"https:\/\/api.w.org\/{rel}","templated":true}]}}