{"id":2658,"date":"2024-07-12T05:05:06","date_gmt":"2024-07-12T05:05:06","guid":{"rendered":"https:\/\/ppediciones.cl\/?post_type=product&#038;p=2658"},"modified":"2024-12-25T03:11:11","modified_gmt":"2024-12-25T03:11:11","slug":"con-mi-silencio-maria-angelica-vasquez-salinas","status":"publish","type":"product","link":"https:\/\/ppediciones.cl\/?product=con-mi-silencio-maria-angelica-vasquez-salinas","title":{"rendered":"Con mi silencio | Mar\u00eda Ang\u00e9lica V\u00e1squez Salinas"},"content":{"rendered":"<p>CON MI SILENCIO, recoge en cinco cap\u00edtulos diversas experiencias, sentimientos, emociones, historias, que nacieron en el entorno familiar, laboral y del barrio California en que vive la autora desde hace 30 a\u00f1os, y que se fundieron con la magia de la ficci\u00f3n y la simplicidad de una profesora de campo.<\/p>\n<p>Mar\u00eda Ang\u00e9lica V\u00e1squez Salinas, 62 a\u00f1os, casada hace 35 y madre de 3 hijos. A mediados de 1984 se titul\u00f3 de Profesora de Estado en Castellano y Licenciada en Educaci\u00f3n de la Universidad de Santiago de Chile. Trabaj\u00f3 durante 37 a\u00f1os en el Liceo Claudio Arrau Le\u00f3n de Do\u00f1ihue, establecimiento de donde egres\u00f3 de la Ense\u00f1anza Media. All\u00ed conoci\u00f3 muchas realidades y mundos distintos entre sus educandos, aprendi\u00f3 de ellos y ellas, reparti\u00f3 mucho cari\u00f1o, lo que la hizo ser querida tambi\u00e9n, y ese es su gran tesoro, el consuelo de sus d\u00edas tristes, especialmente por no poder ayudar m\u00e1s en sus vidas.<\/p>\n<p>&nbsp;<\/p>\n","protected":false},"excerpt":{"rendered":"<p><strong>Mar\u00eda Ang\u00e9lica V\u00e1squez Salinas <\/strong><\/p>\n<p>Fecha publicaci\u00f3n: marzo 2024<\/p>\n<p>ISBN: 978-956-416-151-8<\/p>\n<p>P\u00e1ginas: 126<\/p>\n<p>Formato: 14 x 21.5 cm<\/p>\n","protected":false},"featured_media":2659,"comment_status":"open","ping_status":"closed","template":"","meta":[],"product_brand":[],"product_cat":[209,181],"product_tag":[],"class_list":{"0":"post-2658","1":"product","2":"type-product","3":"status-publish","4":"has-post-thumbnail","6":"product_cat-209","7":"product_cat-catalogo","9":"first","10":"instock","11":"taxable","12":"shipping-taxable","13":"product-type-simple"},"_links":{"self":[{"href":"https:\/\/ppediciones.cl\/index.php?rest_route=\/wp\/v2\/product\/2658","targetHints":{"allow":["GET"]}}],"collection":[{"href":"https:\/\/ppediciones.cl\/index.php?rest_route=\/wp\/v2\/product"}],"about":[{"href":"https:\/\/ppediciones.cl\/index.php?rest_route=\/wp\/v2\/types\/product"}],"replies":[{"embeddable":true,"href":"https:\/\/ppediciones.cl\/index.php?rest_route=%2Fwp%2Fv2%2Fcomments&post=2658"}],"wp:featuredmedia":[{"embeddable":true,"href":"https:\/\/ppediciones.cl\/index.php?rest_route=\/wp\/v2\/media\/2659"}],"wp:attachment":[{"href":"https:\/\/ppediciones.cl\/index.php?rest_route=%2Fwp%2Fv2%2Fmedia&parent=2658"}],"wp:term":[{"taxonomy":"product_brand","embeddable":true,"href":"https:\/\/ppediciones.cl\/index.php?rest_route=%2Fwp%2Fv2%2Fproduct_brand&post=2658"},{"taxonomy":"product_cat","embeddable":true,"href":"https:\/\/ppediciones.cl\/index.php?rest_route=%2Fwp%2Fv2%2Fproduct_cat&post=2658"},{"taxonomy":"product_tag","embeddable":true,"href":"https:\/\/ppediciones.cl\/index.php?rest_route=%2Fwp%2Fv2%2Fproduct_tag&post=2658"}],"curies":[{"name":"wp","href":"https:\/\/api.w.org\/{rel}","templated":true}]}}