{"id":2666,"date":"2024-07-12T05:24:52","date_gmt":"2024-07-12T05:24:52","guid":{"rendered":"https:\/\/ppediciones.cl\/?post_type=product&#038;p=2666"},"modified":"2024-12-04T17:39:28","modified_gmt":"2024-12-04T17:39:28","slug":"letras-al-viento-grupo-literario-los-esquizoletricos","status":"publish","type":"product","link":"https:\/\/ppediciones.cl\/?product=letras-al-viento-grupo-literario-los-esquizoletricos","title":{"rendered":"Letras al Viento | Grupo Literario Los Esquizol\u00e9tricos"},"content":{"rendered":"<p>Este es un d\u00eda de fiesta, porque si de perder la cordura en pos de la aventura se tratara, lo dir\u00eda el mismo Quijote, que han nacido diez nuevos jinetes, que se abren paso en los vastos campos literarios de la sexta regi\u00f3n, para librar batallas \u00e9picas en nombre del amor, de la desdicha, de la alegr\u00eda y todo aquello que nos hace humanos.<\/p>\n<p>\u00a1\u00a1\u00a1Pasen!!! \u00a1\u00a1\u00a1Pasen amigos\/as m\u00edos\/as!!! Para ser parte de esta fiesta, tomen texto en mano para sumergirse en las profundidades de tan entusiasta aventura.<\/p>\n<p>&nbsp;<\/p>\n","protected":false},"excerpt":{"rendered":"<p>Fecha publicaci\u00f3n: marzo 2024<\/p>\n<p>ISBN: 978-956-416-706-0<\/p>\n<p>P\u00e1ginas: 100<\/p>\n<p>Formato: 14 x 21.5 cm<\/p>\n<p>&nbsp;<\/p>\n","protected":false},"featured_media":2667,"comment_status":"open","ping_status":"closed","template":"","meta":[],"product_brand":[],"product_cat":[209,181],"product_tag":[],"class_list":{"0":"post-2666","1":"product","2":"type-product","3":"status-publish","4":"has-post-thumbnail","6":"product_cat-209","7":"product_cat-catalogo","9":"first","10":"instock","11":"taxable","12":"shipping-taxable","13":"product-type-simple"},"_links":{"self":[{"href":"https:\/\/ppediciones.cl\/index.php?rest_route=\/wp\/v2\/product\/2666","targetHints":{"allow":["GET"]}}],"collection":[{"href":"https:\/\/ppediciones.cl\/index.php?rest_route=\/wp\/v2\/product"}],"about":[{"href":"https:\/\/ppediciones.cl\/index.php?rest_route=\/wp\/v2\/types\/product"}],"replies":[{"embeddable":true,"href":"https:\/\/ppediciones.cl\/index.php?rest_route=%2Fwp%2Fv2%2Fcomments&post=2666"}],"wp:featuredmedia":[{"embeddable":true,"href":"https:\/\/ppediciones.cl\/index.php?rest_route=\/wp\/v2\/media\/2667"}],"wp:attachment":[{"href":"https:\/\/ppediciones.cl\/index.php?rest_route=%2Fwp%2Fv2%2Fmedia&parent=2666"}],"wp:term":[{"taxonomy":"product_brand","embeddable":true,"href":"https:\/\/ppediciones.cl\/index.php?rest_route=%2Fwp%2Fv2%2Fproduct_brand&post=2666"},{"taxonomy":"product_cat","embeddable":true,"href":"https:\/\/ppediciones.cl\/index.php?rest_route=%2Fwp%2Fv2%2Fproduct_cat&post=2666"},{"taxonomy":"product_tag","embeddable":true,"href":"https:\/\/ppediciones.cl\/index.php?rest_route=%2Fwp%2Fv2%2Fproduct_tag&post=2666"}],"curies":[{"name":"wp","href":"https:\/\/api.w.org\/{rel}","templated":true}]}}