{"id":2670,"date":"2024-07-12T05:33:06","date_gmt":"2024-07-12T05:33:06","guid":{"rendered":"https:\/\/ppediciones.cl\/?post_type=product&#038;p=2670"},"modified":"2024-12-25T03:08:44","modified_gmt":"2024-12-25T03:08:44","slug":"50-palabras-profeticas-para-navegar-bryan-saavedra","status":"publish","type":"product","link":"https:\/\/ppediciones.cl\/?product=50-palabras-profeticas-para-navegar-bryan-saavedra","title":{"rendered":"50 Palabras Prof\u00e9ticas para Navegar | Bryan Saavedra"},"content":{"rendered":"<p>\u201c50 palabras prof\u00e9ticas para navegar&#8221; despierta el anhelo de conocer m\u00e1s profundo al Padre, un navegar hacia la transformaci\u00f3n del coraz\u00f3n. Cada palabra es agua de restauraci\u00f3n y luz que gu\u00eda hacia la plenitud y el crecimiento como hijo de Dios. Este libro es un manantial de esperanza, restauraci\u00f3n y crecimiento espiritual, destinado a nutrir nuestro interior y afirmarnos en los caminos de Fe que nos ha destinado el cielo. Porta la voz prof\u00e9tica con experiencias profundas que nos mostrar\u00e1 dise\u00f1os, colores, aromas nuevos y nos llevar\u00e1 a reencontrar muchas cosas que son parte de nuestra herencia como hijos de Dios. Un mapa para explorar las profundidades del coraz\u00f3n del Padre, conduciendo a una vida de mayor unidad, confianza y activaci\u00f3n en el camino de la Fe.<\/p>\n<p>BRYAN SAAVEDRA FA\u00daNDEZ. Pastor y fundador de la casa prof\u00e9tica Familia Real, donde ministra junto a su esposa Katherine Rojas Jeria, en la ciudad de San Fernando, Chile.<\/p>\n<p>Su vida fue redimida de marcas de orfandad, narcotr\u00e1fico y drogas, siendo comisionado a ser una voz prof\u00e9tica de sanidad, liberaci\u00f3n y activaci\u00f3n en medio de los territorios en este tiempo.<\/p>\n<p>Su conyugazgo y familia hoy son portadores de una voz de esperanza, fe y amor para todas las generaciones.<\/p>\n","protected":false},"excerpt":{"rendered":"<p>Fecha publicaci\u00f3n: abril 2024<\/p>\n<p>ISBN: 978-956-416-844-9<\/p>\n<p>P\u00e1ginas: 260<\/p>\n<p>Formato: 15 x 23 cm<\/p>\n","protected":false},"featured_media":2671,"comment_status":"open","ping_status":"closed","template":"","meta":[],"product_brand":[],"product_cat":[209,181],"product_tag":[],"class_list":{"0":"post-2670","1":"product","2":"type-product","3":"status-publish","4":"has-post-thumbnail","6":"product_cat-209","7":"product_cat-catalogo","9":"first","10":"instock","11":"taxable","12":"shipping-taxable","13":"product-type-simple"},"_links":{"self":[{"href":"https:\/\/ppediciones.cl\/index.php?rest_route=\/wp\/v2\/product\/2670","targetHints":{"allow":["GET"]}}],"collection":[{"href":"https:\/\/ppediciones.cl\/index.php?rest_route=\/wp\/v2\/product"}],"about":[{"href":"https:\/\/ppediciones.cl\/index.php?rest_route=\/wp\/v2\/types\/product"}],"replies":[{"embeddable":true,"href":"https:\/\/ppediciones.cl\/index.php?rest_route=%2Fwp%2Fv2%2Fcomments&post=2670"}],"wp:featuredmedia":[{"embeddable":true,"href":"https:\/\/ppediciones.cl\/index.php?rest_route=\/wp\/v2\/media\/2671"}],"wp:attachment":[{"href":"https:\/\/ppediciones.cl\/index.php?rest_route=%2Fwp%2Fv2%2Fmedia&parent=2670"}],"wp:term":[{"taxonomy":"product_brand","embeddable":true,"href":"https:\/\/ppediciones.cl\/index.php?rest_route=%2Fwp%2Fv2%2Fproduct_brand&post=2670"},{"taxonomy":"product_cat","embeddable":true,"href":"https:\/\/ppediciones.cl\/index.php?rest_route=%2Fwp%2Fv2%2Fproduct_cat&post=2670"},{"taxonomy":"product_tag","embeddable":true,"href":"https:\/\/ppediciones.cl\/index.php?rest_route=%2Fwp%2Fv2%2Fproduct_tag&post=2670"}],"curies":[{"name":"wp","href":"https:\/\/api.w.org\/{rel}","templated":true}]}}