{"id":2672,"date":"2024-07-12T05:36:40","date_gmt":"2024-07-12T05:36:40","guid":{"rendered":"https:\/\/ppediciones.cl\/?post_type=product&#038;p=2672"},"modified":"2024-12-25T03:13:41","modified_gmt":"2024-12-25T03:13:41","slug":"diosas-colectiva-artistica-literaria-bendita-seas-graneros","status":"publish","type":"product","link":"https:\/\/ppediciones.cl\/?product=diosas-colectiva-artistica-literaria-bendita-seas-graneros","title":{"rendered":"Diosas | Colectiva Art\u00edstica Literaria Bendita Seas Graneros"},"content":{"rendered":"<p>La Colectiva Art\u00edstica Literaria Bendita Seas de Graneros, ya ha publicado su quinto libro: DIOSAS, que en s\u00ed guarda el trabajo de nueve autoras transformadas en una deidad hermosa y apasionada en su estructura naciente y que tambi\u00e9n puede ser tocada por la muerte y el dolor.<\/p>\n<p>Sus autoras:<\/p>\n<p>. Viviana Trujillo<\/p>\n<p>. Egla Mora<\/p>\n<p>. Valentina Cofr\u00e9<\/p>\n<p>. Filomena Urbina<\/p>\n<p>. Marina Marchant<\/p>\n<p>. Nancy Parraguez<\/p>\n<p>. Renata Miranda<\/p>\n<p>. Vannia Claret<\/p>\n<p>. Ivonne D\u00edaz<\/p>\n<p>. Makarena Arriola<\/p>\n<p>. Francisca Salas<\/p>\n","protected":false},"excerpt":{"rendered":"<p>Fecha publicaci\u00f3n: abril 2024<\/p>\n<p>ISBN: 978-956-418-059-5<\/p>\n<p>P\u00e1ginas: 114<\/p>\n<p>Formato: 15 x 22 cm<\/p>\n","protected":false},"featured_media":2673,"comment_status":"open","ping_status":"closed","template":"","meta":[],"product_brand":[],"product_cat":[209,181],"product_tag":[],"class_list":{"0":"post-2672","1":"product","2":"type-product","3":"status-publish","4":"has-post-thumbnail","6":"product_cat-209","7":"product_cat-catalogo","9":"first","10":"instock","11":"taxable","12":"shipping-taxable","13":"product-type-simple"},"_links":{"self":[{"href":"https:\/\/ppediciones.cl\/index.php?rest_route=\/wp\/v2\/product\/2672","targetHints":{"allow":["GET"]}}],"collection":[{"href":"https:\/\/ppediciones.cl\/index.php?rest_route=\/wp\/v2\/product"}],"about":[{"href":"https:\/\/ppediciones.cl\/index.php?rest_route=\/wp\/v2\/types\/product"}],"replies":[{"embeddable":true,"href":"https:\/\/ppediciones.cl\/index.php?rest_route=%2Fwp%2Fv2%2Fcomments&post=2672"}],"wp:featuredmedia":[{"embeddable":true,"href":"https:\/\/ppediciones.cl\/index.php?rest_route=\/wp\/v2\/media\/2673"}],"wp:attachment":[{"href":"https:\/\/ppediciones.cl\/index.php?rest_route=%2Fwp%2Fv2%2Fmedia&parent=2672"}],"wp:term":[{"taxonomy":"product_brand","embeddable":true,"href":"https:\/\/ppediciones.cl\/index.php?rest_route=%2Fwp%2Fv2%2Fproduct_brand&post=2672"},{"taxonomy":"product_cat","embeddable":true,"href":"https:\/\/ppediciones.cl\/index.php?rest_route=%2Fwp%2Fv2%2Fproduct_cat&post=2672"},{"taxonomy":"product_tag","embeddable":true,"href":"https:\/\/ppediciones.cl\/index.php?rest_route=%2Fwp%2Fv2%2Fproduct_tag&post=2672"}],"curies":[{"name":"wp","href":"https:\/\/api.w.org\/{rel}","templated":true}]}}