{"id":2674,"date":"2024-07-12T05:42:03","date_gmt":"2024-07-12T05:42:03","guid":{"rendered":"https:\/\/ppediciones.cl\/?post_type=product&#038;p=2674"},"modified":"2024-12-25T03:15:24","modified_gmt":"2024-12-25T03:15:24","slug":"en-busca-del-amparo-2da-edicion-pacifico-carrasco-gonzalez","status":"publish","type":"product","link":"https:\/\/ppediciones.cl\/?product=en-busca-del-amparo-2da-edicion-pacifico-carrasco-gonzalez","title":{"rendered":"En Busca del Amparo (2da edici\u00f3n) | Pac\u00edfico Carrasco Gonz\u00e1lez"},"content":{"rendered":"<p>Con la idea de que quien brinda un amparo brinda tambi\u00e9n un acto de amor en medio de esta relaci\u00f3n humana donde sobresale la violencia&#8230; o m\u00e1s de alguna prepotencia&#8230; A veces la vida sigue lenta en medio del sobresalto.<\/p>\n<p>Todos los seres humanos, pareciera, tenemos de todo&#8230; quien lo niegue nos enga\u00f1a queriendo ser la excepci\u00f3n.<\/p>\n<p>En busca del amparo trata de conjugar las alegr\u00edas, la suma de sue\u00f1os, tambi\u00e9n la de penas que nos oprime&#8230; entonces, un saludo, un simple abrazo es m\u00e1s que algo humano&#8230; Un amparo.<\/p>\n<p>Considerar el amparo como un acto de amor me lleva a pensar en todo lo natural que nos rodea, son amparos los dados por el calor del sol, la alegr\u00eda de la bendita lluvia, la sombra de una arboleda, la tranquilidad de una playa besada de su mar.<\/p>\n<p>Cuando se sobrepasan los fen\u00f3menos naturales debemos recordar que son causa de nuestro da\u00f1o. Nosotros los humanos a veces nos negamos, a veces producto de nuestros propios errores no vemos, no damos un amparo.<\/p>\n<p>El amparo solo los entendemos cuando a nosotros se nos da&#8230;<\/p>\n<p><strong>\u00a0<\/strong><\/p>\n","protected":false},"excerpt":{"rendered":"<p>Fecha publicaci\u00f3n: abril 2024<\/p>\n<p>ISBN: 978-956-322-079-4<\/p>\n<p>P\u00e1ginas: 144<\/p>\n<p>Formato: 15 x 21.5 cm<\/p>\n","protected":false},"featured_media":2675,"comment_status":"open","ping_status":"closed","template":"","meta":[],"product_brand":[],"product_cat":[209,181],"product_tag":[],"class_list":{"0":"post-2674","1":"product","2":"type-product","3":"status-publish","4":"has-post-thumbnail","6":"product_cat-209","7":"product_cat-catalogo","9":"first","10":"instock","11":"taxable","12":"shipping-taxable","13":"product-type-simple"},"_links":{"self":[{"href":"https:\/\/ppediciones.cl\/index.php?rest_route=\/wp\/v2\/product\/2674","targetHints":{"allow":["GET"]}}],"collection":[{"href":"https:\/\/ppediciones.cl\/index.php?rest_route=\/wp\/v2\/product"}],"about":[{"href":"https:\/\/ppediciones.cl\/index.php?rest_route=\/wp\/v2\/types\/product"}],"replies":[{"embeddable":true,"href":"https:\/\/ppediciones.cl\/index.php?rest_route=%2Fwp%2Fv2%2Fcomments&post=2674"}],"wp:featuredmedia":[{"embeddable":true,"href":"https:\/\/ppediciones.cl\/index.php?rest_route=\/wp\/v2\/media\/2675"}],"wp:attachment":[{"href":"https:\/\/ppediciones.cl\/index.php?rest_route=%2Fwp%2Fv2%2Fmedia&parent=2674"}],"wp:term":[{"taxonomy":"product_brand","embeddable":true,"href":"https:\/\/ppediciones.cl\/index.php?rest_route=%2Fwp%2Fv2%2Fproduct_brand&post=2674"},{"taxonomy":"product_cat","embeddable":true,"href":"https:\/\/ppediciones.cl\/index.php?rest_route=%2Fwp%2Fv2%2Fproduct_cat&post=2674"},{"taxonomy":"product_tag","embeddable":true,"href":"https:\/\/ppediciones.cl\/index.php?rest_route=%2Fwp%2Fv2%2Fproduct_tag&post=2674"}],"curies":[{"name":"wp","href":"https:\/\/api.w.org\/{rel}","templated":true}]}}