{"id":2685,"date":"2024-07-12T11:38:48","date_gmt":"2024-07-12T11:38:48","guid":{"rendered":"https:\/\/ppediciones.cl\/?post_type=product&#038;p=2685"},"modified":"2024-12-04T17:41:46","modified_gmt":"2024-12-04T17:41:46","slug":"memoria-varios-autores","status":"publish","type":"product","link":"https:\/\/ppediciones.cl\/?product=memoria-varios-autores","title":{"rendered":"Memoria | Varios autores"},"content":{"rendered":"<p>Este libro est\u00e1 lleno de tiempo, de recuerdos, de sensaciones, de verdad, de belleza. Y de trozos muy parecidos a la vida, que se han quedado impregnados en sus p\u00e1ginas, en sus relatos. Pero tambi\u00e9n en este libro brillan sus autores, levantando la cabeza, asomando su presencia entre las dem\u00e1s. Y es que necesitamos dejar un testimonio, necesitamos decir: estuve aqu\u00ed, fui, viv\u00ed. Su potencia est\u00e1 en que tambi\u00e9n est\u00e1n llenos de intensidad, de sensaciones, de heridas. Y creo que as\u00ed es como se llenan de verdad, y entonces de belleza.<\/p>\n<p>&nbsp;<\/p>\n<p>Sus autores:<\/p>\n<p>H\u00e9ctor Monsalve<\/p>\n<p>Gustavo Daza Soto<\/p>\n<p>Esteban Valenzuela Van Treek<\/p>\n<p>Rafael Henr\u00edquez<\/p>\n<p>Ivonne D\u00edaz Cornejo<\/p>\n<p>Juan Carlos Ruiz<\/p>\n<p>Emilio Campos<\/p>\n<p>Felipe Osorio<\/p>\n<p>Manuel Leiva<\/p>\n<p>Alex Olea<\/p>\n<p>Patricio Vidal Toro (PaViTo)<\/p>\n<p>Leandro Sep\u00falveda (Artejoyle)<\/p>\n<p>Aquiles R\u00edos Parra (Aripa)<\/p>\n<p>Julio Buamscha<\/p>\n<p>Alejandra Guerra<\/p>\n<p>Gonzalo Rojo<\/p>\n<p>Franco Ar\u00e1nguiz<\/p>\n","protected":false},"excerpt":{"rendered":"<p>Fecha publicaci\u00f3n: mayo 2024<\/p>\n<p>ISBN: 978-956-418-150-9<\/p>\n<p>P\u00e1ginas: 120<\/p>\n<p>Formato: 21.5 x 28 cm<\/p>\n","protected":false},"featured_media":2686,"comment_status":"open","ping_status":"closed","template":"","meta":[],"product_brand":[],"product_cat":[209,181],"product_tag":[],"class_list":{"0":"post-2685","1":"product","2":"type-product","3":"status-publish","4":"has-post-thumbnail","6":"product_cat-209","7":"product_cat-catalogo","9":"first","10":"instock","11":"taxable","12":"shipping-taxable","13":"product-type-simple"},"_links":{"self":[{"href":"https:\/\/ppediciones.cl\/index.php?rest_route=\/wp\/v2\/product\/2685","targetHints":{"allow":["GET"]}}],"collection":[{"href":"https:\/\/ppediciones.cl\/index.php?rest_route=\/wp\/v2\/product"}],"about":[{"href":"https:\/\/ppediciones.cl\/index.php?rest_route=\/wp\/v2\/types\/product"}],"replies":[{"embeddable":true,"href":"https:\/\/ppediciones.cl\/index.php?rest_route=%2Fwp%2Fv2%2Fcomments&post=2685"}],"wp:featuredmedia":[{"embeddable":true,"href":"https:\/\/ppediciones.cl\/index.php?rest_route=\/wp\/v2\/media\/2686"}],"wp:attachment":[{"href":"https:\/\/ppediciones.cl\/index.php?rest_route=%2Fwp%2Fv2%2Fmedia&parent=2685"}],"wp:term":[{"taxonomy":"product_brand","embeddable":true,"href":"https:\/\/ppediciones.cl\/index.php?rest_route=%2Fwp%2Fv2%2Fproduct_brand&post=2685"},{"taxonomy":"product_cat","embeddable":true,"href":"https:\/\/ppediciones.cl\/index.php?rest_route=%2Fwp%2Fv2%2Fproduct_cat&post=2685"},{"taxonomy":"product_tag","embeddable":true,"href":"https:\/\/ppediciones.cl\/index.php?rest_route=%2Fwp%2Fv2%2Fproduct_tag&post=2685"}],"curies":[{"name":"wp","href":"https:\/\/api.w.org\/{rel}","templated":true}]}}